{"id":4251,"date":"2023-07-13T16:09:05","date_gmt":"2023-07-13T14:09:05","guid":{"rendered":"https:\/\/agrarpetrovic.rs\/?post_type=product&#038;p=4251"},"modified":"2023-07-13T16:09:26","modified_gmt":"2023-07-13T14:09:26","slug":"ksc-phyt-actyl-vii-perla","status":"publish","type":"product","link":"https:\/\/agrarpetrovic.rs\/en\/proizvod\/ksc-phyt-actyl-vii-perla\/","title":{"rendered":"KSC PHYT-actyl VII PERLA"},"content":{"rendered":"<p><strong>KSC PHYT &#8211; actyl VII PERLA<\/strong>\u00a0(NK 15\/9 + 20% CaO) je vodotopivo \u0111ubrivo sa nagla\u0161enim sadr\u017eajem kalcijuma. Pobolj\u0161ava kvalitet i \u010dvrstinu plodova, obezbe\u0111uje njihov lak\u0161i transport i pobolj\u0161ava otpornost plodova na trule\u017e.<\/p>\n<p>&nbsp;<\/p>\n<p>Pored toga, spre\u010dava pojavu propadanja plodova, koja se javlja kao posledica nedostatka kalcijuma u ishrani biljaka.<\/p>\n<p>&nbsp;<\/p>\n<p>Primenjuje se od faze plodono\u0161enja do zavr\u0161etka vegetacije i u slu\u010dajevima povi\u0161enih potreba za kalcijumom, u koli\u010dini od\u00a0 0,15 \u2013 0,2 kg\/ar ili 15 \u2013 20 kg\/ha nedeljno.<\/p>","protected":false},"excerpt":{"rendered":"<p>(NK 15\/9 + 20% CaO)<\/p>","protected":false},"featured_media":4280,"template":"","meta":[],"product_brand":[],"product_cat":[200,201],"product_tag":[],"class_list":{"0":"post-4251","1":"product","2":"type-product","3":"status-publish","4":"has-post-thumbnail","6":"product_cat-ishrana-bilja","7":"product_cat-vodotopiva-djubriva","9":"first","10":"instock","11":"shipping-taxable","12":"product-type-simple"},"_links":{"self":[{"href":"https:\/\/agrarpetrovic.rs\/en\/wp-json\/wp\/v2\/product\/4251","targetHints":{"allow":["GET"]}}],"collection":[{"href":"https:\/\/agrarpetrovic.rs\/en\/wp-json\/wp\/v2\/product"}],"about":[{"href":"https:\/\/agrarpetrovic.rs\/en\/wp-json\/wp\/v2\/types\/product"}],"wp:featuredmedia":[{"embeddable":true,"href":"https:\/\/agrarpetrovic.rs\/en\/wp-json\/wp\/v2\/media\/4280"}],"wp:attachment":[{"href":"https:\/\/agrarpetrovic.rs\/en\/wp-json\/wp\/v2\/media?parent=4251"}],"wp:term":[{"taxonomy":"product_brand","embeddable":true,"href":"https:\/\/agrarpetrovic.rs\/en\/wp-json\/wp\/v2\/product_brand?post=4251"},{"taxonomy":"product_cat","embeddable":true,"href":"https:\/\/agrarpetrovic.rs\/en\/wp-json\/wp\/v2\/product_cat?post=4251"},{"taxonomy":"product_tag","embeddable":true,"href":"https:\/\/agrarpetrovic.rs\/en\/wp-json\/wp\/v2\/product_tag?post=4251"}],"curies":[{"name":"wp","href":"https:\/\/api.w.org\/{rel}","templated":true}]}}