{"id":4253,"date":"2023-07-13T16:09:05","date_gmt":"2023-07-13T14:09:05","guid":{"rendered":"https:\/\/agrarpetrovic.rs\/?post_type=product&#038;p=4253"},"modified":"2023-07-13T16:09:31","modified_gmt":"2023-07-13T14:09:31","slug":"ksc-phyt-actyl-mix","status":"publish","type":"product","link":"https:\/\/agrarpetrovic.rs\/en\/proizvod\/ksc-phyt-actyl-mix\/","title":{"rendered":"KSC PHYT-actyl MIX"},"content":{"rendered":"<p><strong>KSC PHYT &#8211; actyl MIX<\/strong>\u00a0(15 MgO + 28% SO<sub>3<\/sub>\u00a0+ 2,5 Fe + 2 Mn + 1,5 Zn + ME (B + Cu + Mo)) je vodotopivo \u0111ubrivo sa izuzetno visokim sadr\u017eajem mikroelemenata i dodatkom magnezijuma.<\/p>\n<p>&nbsp;<\/p>\n<p>Veoma brzo i efikasno otklanja simptome nedostatka mikroelemenata na biljkama, brzo oporavlja i regeneri\u0161e biljke koje se nalaze pod stresnim uslovima (visoke temperature, hladno\u0107a, o\u0161te\u0107enja od pesticida i sl.).<\/p>\n<p>&nbsp;<\/p>\n<p>Primenjuje se po potrebi tokom vegetacije u koli\u010dini od 50 gr\/ar ili 5 kg\/ha.<\/p>","protected":false},"excerpt":{"rendered":"<p>(15 MgO + 28% SO<sub>3<\/sub>\u00a0+ 2,5 Fe + 2 Mn + 1,5 Zn + ME (B + Cu + Mo))<\/p>","protected":false},"featured_media":4298,"template":"","meta":[],"product_brand":[],"product_cat":[200,201],"product_tag":[],"class_list":{"0":"post-4253","1":"product","2":"type-product","3":"status-publish","4":"has-post-thumbnail","6":"product_cat-ishrana-bilja","7":"product_cat-vodotopiva-djubriva","9":"first","10":"instock","11":"shipping-taxable","12":"product-type-simple"},"_links":{"self":[{"href":"https:\/\/agrarpetrovic.rs\/en\/wp-json\/wp\/v2\/product\/4253","targetHints":{"allow":["GET"]}}],"collection":[{"href":"https:\/\/agrarpetrovic.rs\/en\/wp-json\/wp\/v2\/product"}],"about":[{"href":"https:\/\/agrarpetrovic.rs\/en\/wp-json\/wp\/v2\/types\/product"}],"wp:featuredmedia":[{"embeddable":true,"href":"https:\/\/agrarpetrovic.rs\/en\/wp-json\/wp\/v2\/media\/4298"}],"wp:attachment":[{"href":"https:\/\/agrarpetrovic.rs\/en\/wp-json\/wp\/v2\/media?parent=4253"}],"wp:term":[{"taxonomy":"product_brand","embeddable":true,"href":"https:\/\/agrarpetrovic.rs\/en\/wp-json\/wp\/v2\/product_brand?post=4253"},{"taxonomy":"product_cat","embeddable":true,"href":"https:\/\/agrarpetrovic.rs\/en\/wp-json\/wp\/v2\/product_cat?post=4253"},{"taxonomy":"product_tag","embeddable":true,"href":"https:\/\/agrarpetrovic.rs\/en\/wp-json\/wp\/v2\/product_tag?post=4253"}],"curies":[{"name":"wp","href":"https:\/\/api.w.org\/{rel}","templated":true}]}}