{"id":4254,"date":"2023-07-13T16:09:05","date_gmt":"2023-07-13T14:09:05","guid":{"rendered":"https:\/\/agrarpetrovic.rs\/?post_type=product&#038;p=4254"},"modified":"2023-07-13T16:09:32","modified_gmt":"2023-07-13T14:09:32","slug":"ksc-phyt-actyl-v","status":"publish","type":"product","link":"https:\/\/agrarpetrovic.rs\/en\/proizvod\/ksc-phyt-actyl-v\/","title":{"rendered":"KSC PHYT-actyl V"},"content":{"rendered":"<p><strong>KSC PHYT &#8211; actyl V<\/strong>\u00a0(NPK 8\/16\/42 + ME (B, Fe, Mn, Zn)) je vodotopivo \u0111ubrivo sa nagla\u0161enim sadr\u017eajem kalijuma, koje ubrzava zrenje, pobolj\u0161ava obojenost plodova i pove\u0107ava sadr\u017eaj suve materije u plodovima.<\/p>\n<p>&nbsp;<\/p>\n<p>Primenjuje se od faze plodono\u0161enja do zavr\u0161etka vegetacije i u slu\u010dajevima povi\u0161enih potreba za kalijumom u koli\u010dini od 0,4 \u2013 0,6 kg\/ar ili 40 \u2013 60 kg\/ha nedeljno.<\/p>","protected":false},"excerpt":{"rendered":"<p>(NPK 8\/16\/42 + ME (B, Fe, Mn, Zn))<\/p>","protected":false},"featured_media":4299,"template":"","meta":[],"product_brand":[],"product_cat":[200,201],"product_tag":[],"class_list":{"0":"post-4254","1":"product","2":"type-product","3":"status-publish","4":"has-post-thumbnail","6":"product_cat-ishrana-bilja","7":"product_cat-vodotopiva-djubriva","9":"first","10":"instock","11":"shipping-taxable","12":"product-type-simple"},"_links":{"self":[{"href":"https:\/\/agrarpetrovic.rs\/en\/wp-json\/wp\/v2\/product\/4254","targetHints":{"allow":["GET"]}}],"collection":[{"href":"https:\/\/agrarpetrovic.rs\/en\/wp-json\/wp\/v2\/product"}],"about":[{"href":"https:\/\/agrarpetrovic.rs\/en\/wp-json\/wp\/v2\/types\/product"}],"wp:featuredmedia":[{"embeddable":true,"href":"https:\/\/agrarpetrovic.rs\/en\/wp-json\/wp\/v2\/media\/4299"}],"wp:attachment":[{"href":"https:\/\/agrarpetrovic.rs\/en\/wp-json\/wp\/v2\/media?parent=4254"}],"wp:term":[{"taxonomy":"product_brand","embeddable":true,"href":"https:\/\/agrarpetrovic.rs\/en\/wp-json\/wp\/v2\/product_brand?post=4254"},{"taxonomy":"product_cat","embeddable":true,"href":"https:\/\/agrarpetrovic.rs\/en\/wp-json\/wp\/v2\/product_cat?post=4254"},{"taxonomy":"product_tag","embeddable":true,"href":"https:\/\/agrarpetrovic.rs\/en\/wp-json\/wp\/v2\/product_tag?post=4254"}],"curies":[{"name":"wp","href":"https:\/\/api.w.org\/{rel}","templated":true}]}}