{"id":4257,"date":"2023-07-13T16:09:05","date_gmt":"2023-07-13T14:09:05","guid":{"rendered":"https:\/\/agrarpetrovic.rs\/?post_type=product&#038;p=4257"},"modified":"2025-10-23T11:54:36","modified_gmt":"2025-10-23T09:54:36","slug":"velox-herbicid","status":"publish","type":"product","link":"https:\/\/agrarpetrovic.rs\/en\/proizvod\/velox-herbicid\/","title":{"rendered":"Velox &#8211; Herbicid"},"content":{"rendered":"<div class=\"product-details\">\n<p class=\"detail\"><strong>Klasa:<\/strong>Herbicid<\/p>\n<p class=\"detail\"><strong>Aktivna materija:<\/strong>2,4-D etilheksilestar 850g\/l<\/p>\n<p class=\"detail\"><strong>Formulacija:<\/strong>EC-koncentrat za emulziju<\/p>\n<p class=\"detail\"><strong>Pakovanje:<\/strong>1 l<\/p>\n<p class=\"detail\"><strong>Proizvo\u0111a\u010d:<\/strong>Agromarket<\/p>\n<p class=\"detail\"><strong>Karenca:<\/strong>OVP<\/p>\n<p class=\"detail\"><strong>Plodored:<\/strong>bez ograni\u010denja<\/p>\n<p class=\"detail\"><strong>MDK(mg\/kg):<\/strong>0.05 &#8211; p\u0161enica, kukuruz<\/p>\n<\/div>\n<div class=\"product-harvest\">\n<p class=\"detail\">Primena:<\/p>\n<table>\n<thead>\n<tr class=\"bg-4\">\n<th>USEV \/ ZASAD<\/th>\n<th>KOLI\u010cINA PRIMENE<\/th>\n<th>VREME PRIMENE<\/th>\n<\/tr>\n<\/thead>\n<tbody>\n<tr class=\"bg-sec-4\">\n<td class=\"bg-4\"><a href=\"https:\/\/www.agromarket.rs\/srb\/zastita-bilja\/programi-zastite\/1002\/Psenica\">P\u0161enica<\/a><\/td>\n<td>0,8 -1,0 l\/ha<\/td>\n<td>Od sredine bokorenja do pojave drugog kolenca p\u0161enice, korovi u fazi intenzivnog porasta<\/td>\n<\/tr>\n<tr class=\"bg-sec-4\">\n<td class=\"bg-4\"><a href=\"https:\/\/www.agromarket.rs\/srb\/zastita-bilja\/programi-zastite\/1001\/Kukuruz\">Kukuruz<\/a><\/td>\n<td>0,6 &#8211; 0,8 l\/ha<\/td>\n<td>Kukuruz u fazi 3-4 lista (pre pojave petog), korovi u fazi intenzivnog porasta<\/td>\n<\/tr>\n<\/tbody>\n<\/table>\n<\/div>\n<div class=\"product-info\">\n<p><strong>DELOVANJE:<\/strong><\/p>\n<p>Velox spada u grupu herbicida koji deluju hormonski. Usvaja se listom i u maloj meri korenom a kre\u0107e se navi\u0161e i nani\u017ee u biljci. Akumulira se u meristemskim tkivima.<\/p>\n<p><strong>SPEKTAR DELOVANJA:<\/strong><\/p>\n<ul>\n<li><strong>JEDNOGODI\u0160NJE \u0160IROKOLISNE KOROVSKE VRSTE:<\/strong><br \/>\n\u0161tir obi\u010dni (<em>Amaranthus retroflexus<\/em> ), teofrastova lipica (<em>Abutilon theophrasti<\/em> ), loboda obi\u010dna (<em>Atriplex patula<\/em> ), pelin (<em>Artemisia vulgaris<\/em> ), pepeljuga obi\u010dna (<em>Chenopodium album<\/em> ), tar\u010du\u017eak (<em>Capsella bursa pastoris<\/em> ), konica obi\u010dna (<em>Galinsoga parviflora<\/em> ), samonikli suncokret (<em>Helianthus annuus<\/em> ), gor\u010dika (<em>Sonchus spp .<\/em>), buzdika (<em>Myagrum perfoliatum<\/em> ), rotkva divlja (<em>Raphanus raphanistrum<\/em> ), goru\u0161ica (<em>Sinapis arvensis<\/em> ), boca obi\u010dna (<em>Xantium strumarium<\/em> ).<\/li>\n<\/ul>\n<ul>\n<li><strong>VI\u0160EGODI\u0160NJE \u0160IROKOLISNE VRSTE:<\/strong><br \/>\nrazli\u010dak njivski (<em>Centaurea cyanus<\/em> ), palamida njivska (<em>Cirsium arvense<\/em> ), poponac njivski (<em>Convolvulus arvensis<\/em> ).<\/li>\n<\/ul>\n<p><strong>PREPORUKE I NAPOMENE:<\/strong><\/p>\n<p>primenjuje se pri temperaturama od 5 &#8211; 25\u00b0C. Pratiti vremensku\u00a0prognozu, proletnji mrazevi nakon tretmana mogu uzrokovati o\u0161te\u0107enja\u00a0p\u0161enice. Nije dovoljno efikasan za bro\u0107 (Galium aparine), ukoliko je\u00a0prisutan i ovaj korov preporu\u010duje se kombinacija sa herbicidom Lodin.\u00a0Spre\u010diti zano\u0161enje na susedne kulture, mo\u017ee izazvati fitotoksi\u010dne<br \/>\nefekte<\/p>\n<\/div>","protected":false},"excerpt":{"rendered":"<div class=\"span8 product-details\">\n<p><strong>Klasa:<\/strong> Herbicid<\/p>\n<p><strong>Aktivna materija:<\/strong> 2,4-D etilheksilestar 850g\/l<\/p>\n<p><strong>Formulacija:<\/strong> EC-koncentrat za emulziju<\/p>\n<p><strong>Pakovanje:<\/strong> 1 l<\/p>\n<p><strong>Proizvo\u0111a\u010d:<\/strong> Agromarket<\/p>\n<\/div>","protected":false},"featured_media":4302,"template":"","meta":[],"product_brand":[],"product_cat":[203,208,206,204,205,207],"product_tag":[538],"class_list":{"0":"post-4257","1":"product","2":"type-product","3":"status-publish","4":"has-post-thumbnail","6":"product_cat-herbicidi","7":"product_cat-herbicidi-protiv-sirokolisnih-korova","8":"product_cat-herbicidi-protiv-sirokolisnih-korova-u-psenici","9":"product_cat-herbicidi-u-kukuruzu","10":"product_cat-herbicidi-u-psenici","11":"product_cat-post-em-po-nicanju-useva","12":"product_tag-24-d-etilheksilestar-850-g-l","14":"first","15":"outofstock","16":"shipping-taxable","17":"purchasable","18":"product-type-simple"},"_links":{"self":[{"href":"https:\/\/agrarpetrovic.rs\/en\/wp-json\/wp\/v2\/product\/4257","targetHints":{"allow":["GET"]}}],"collection":[{"href":"https:\/\/agrarpetrovic.rs\/en\/wp-json\/wp\/v2\/product"}],"about":[{"href":"https:\/\/agrarpetrovic.rs\/en\/wp-json\/wp\/v2\/types\/product"}],"wp:featuredmedia":[{"embeddable":true,"href":"https:\/\/agrarpetrovic.rs\/en\/wp-json\/wp\/v2\/media\/4302"}],"wp:attachment":[{"href":"https:\/\/agrarpetrovic.rs\/en\/wp-json\/wp\/v2\/media?parent=4257"}],"wp:term":[{"taxonomy":"product_brand","embeddable":true,"href":"https:\/\/agrarpetrovic.rs\/en\/wp-json\/wp\/v2\/product_brand?post=4257"},{"taxonomy":"product_cat","embeddable":true,"href":"https:\/\/agrarpetrovic.rs\/en\/wp-json\/wp\/v2\/product_cat?post=4257"},{"taxonomy":"product_tag","embeddable":true,"href":"https:\/\/agrarpetrovic.rs\/en\/wp-json\/wp\/v2\/product_tag?post=4257"}],"curies":[{"name":"wp","href":"https:\/\/api.w.org\/{rel}","templated":true}]}}