{"id":4259,"date":"2023-07-13T16:09:05","date_gmt":"2023-07-13T14:09:05","guid":{"rendered":"https:\/\/agrarpetrovic.rs\/?post_type=product&#038;p=4259"},"modified":"2025-10-23T11:54:36","modified_gmt":"2025-10-23T09:54:36","slug":"agrodin-65-wp-fungicid","status":"publish","type":"product","link":"https:\/\/agrarpetrovic.rs\/en\/proizvod\/agrodin-65-wp-fungicid\/","title":{"rendered":"Agrodin 65 WP -Fungicid"},"content":{"rendered":"<div class=\"span9\">\n<div class=\"product-harvest\">\n<p class=\"detail\"><strong>Primena:<\/strong><\/p>\n<table>\n<thead>\n<tr class=\"bg-5\">\n<th>USEV \/ ZASAD<\/th>\n<th>KOLI\u010cINA PRIMENE<\/th>\n<th>VREME PRIMENE<\/th>\n<\/tr>\n<\/thead>\n<tbody>\n<tr class=\"bg-sec-5\">\n<td class=\"bg-5\"><a href=\"https:\/\/www.agromarket.rs\/srb\/zastita-bilja\/programi-zastite\/1024\/Visnja-Tresnja\">Vi\u0161nja, Tre\u0161nja<\/a><\/td>\n<td>0,1% (10 g u 10 l vode)<\/td>\n<td>Od faze precvetavanja (faza 69 BBCH skale) i kasnije prema potreb<\/td>\n<\/tr>\n<\/tbody>\n<\/table>\n<\/div>\n<div class=\"product-info\">\n<p><strong>DELOVANJE:<\/strong><\/p>\n<p>Agrodin 65 WP deluje preventivno, spre\u010dava klijanje spora fitopatogenih gljiva. Poseduje i kurativno delovanje na porast klicine cevi ako se primeni 48 sati od nastanka infekcije.<\/p>\n<p><strong>SPEKTAR DELOVANJA:<\/strong><\/p>\n<p>Nesistemi\u010dni fungicid, sa protektivnim i delimi\u010dno kurativnim delovanjem. Efikasno suzbija prouzrokova\u010da mrke pegavosti lista vi\u0161nje i tre\u0161nje <em>(Blumeriella jaapii)<\/em>.<\/p>\n<p><strong><span class=\"podnaslovPoglavljaZS\">PREPORUKE I NAPOMENE::<\/span><\/strong><\/p>\n<p class=\"text-left\">Ne sme se me\u0161ati sa preparatima na bazi dinokapa, dikofola, triadimefona, Bordovskom \u010dorbom i uljnim i alkalnim preparatima. Bolje se me\u0161a sa fungicidima i insekticidima u WP i WG formulaciji. U zasadu se mo\u017ee koristiti u zavisnosti od intenziteta zaraze. Pogodan je za antirezistentnu strategiju. Deluje na niskim temperaturama, ali ispod 5<sup>o<\/sup>\u00a0C mo\u017ee biti fitotoksi\u010dan. Veoma je dobre lepljivosti, deluje i kada je li\u0161\u0107e vla\u017eno. Ki\u0161a ga te\u0161ko spira. Poseduje jedinstven na\u010din delovanja.<\/p>\n<\/div>\n<\/div>","protected":false},"excerpt":{"rendered":"<p class=\"detail\"><strong>Klasa:<\/strong>Fungicidi<\/p>\n<p class=\"detail\"><strong>Aktivna materija:<\/strong>dodin 650 g\/kg<\/p>\n<p class=\"detail\"><strong>Formulacija:<\/strong>WP-kva\u0161ljivi pra\u0161ak<\/p>\n<p class=\"detail\"><strong>Pakovanje:<\/strong>100 g, 500 g<\/p>\n<p class=\"detail\"><strong>Proizvo\u0111a\u010d:<\/strong>Agriphar<\/p>\n<p class=\"detail\"><strong>Karenca:<\/strong>21 dan<\/p>\n<p class=\"detail\"><strong>MBT:<\/strong>1<\/p>\n<p class=\"detail\"><strong>MDK(mg\/kg):<\/strong>0,05<\/p>","protected":false},"featured_media":4304,"template":"","meta":[],"product_brand":[],"product_cat":[219,237,230,222],"product_tag":[585],"class_list":{"0":"post-4259","1":"product","2":"type-product","3":"status-publish","4":"has-post-thumbnail","6":"product_cat-fungicidi","7":"product_cat-fungicidi-protiv-mrke-pegavosti-lista-visnje-i-tresnje","8":"product_cat-fungicidi-u-kosticavom-vocu","9":"product_cat-fungicidi-u-vocarstvu","10":"product_tag-dodin-650-g-kg","12":"first","13":"outofstock","14":"shipping-taxable","15":"purchasable","16":"product-type-simple"},"_links":{"self":[{"href":"https:\/\/agrarpetrovic.rs\/en\/wp-json\/wp\/v2\/product\/4259","targetHints":{"allow":["GET"]}}],"collection":[{"href":"https:\/\/agrarpetrovic.rs\/en\/wp-json\/wp\/v2\/product"}],"about":[{"href":"https:\/\/agrarpetrovic.rs\/en\/wp-json\/wp\/v2\/types\/product"}],"wp:featuredmedia":[{"embeddable":true,"href":"https:\/\/agrarpetrovic.rs\/en\/wp-json\/wp\/v2\/media\/4304"}],"wp:attachment":[{"href":"https:\/\/agrarpetrovic.rs\/en\/wp-json\/wp\/v2\/media?parent=4259"}],"wp:term":[{"taxonomy":"product_brand","embeddable":true,"href":"https:\/\/agrarpetrovic.rs\/en\/wp-json\/wp\/v2\/product_brand?post=4259"},{"taxonomy":"product_cat","embeddable":true,"href":"https:\/\/agrarpetrovic.rs\/en\/wp-json\/wp\/v2\/product_cat?post=4259"},{"taxonomy":"product_tag","embeddable":true,"href":"https:\/\/agrarpetrovic.rs\/en\/wp-json\/wp\/v2\/product_tag?post=4259"}],"curies":[{"name":"wp","href":"https:\/\/api.w.org\/{rel}","templated":true}]}}