{"id":4262,"date":"2023-07-13T16:09:06","date_gmt":"2023-07-13T14:09:06","guid":{"rendered":"https:\/\/agrarpetrovic.rs\/?post_type=product&#038;p=4262"},"modified":"2025-10-23T11:54:36","modified_gmt":"2025-10-23T09:54:36","slug":"blue-bordo-fungicid","status":"publish","type":"product","link":"https:\/\/agrarpetrovic.rs\/en\/proizvod\/blue-bordo-fungicid\/","title":{"rendered":"Blue Bordo &#8211; Fungicid"},"content":{"rendered":"<div class=\"product-details\">\n<p class=\"detail\"><strong>Klasa:<\/strong>Fungicidi<\/p>\n<p class=\"detail\"><strong>Aktivna materija:<\/strong>200 g\/kg Cu jona iz sme\u0161e bakar (II) sulfata pentahidrata i kalcijum hidroksida<\/p>\n<p class=\"detail\"><strong>Formulacija:<\/strong>WG-vododiperzibilne granule<\/p>\n<p class=\"detail\"><strong>Pakovanje:<\/strong>50 g, 1 kg<\/p>\n<p class=\"detail\"><strong>Proizvo\u0111a\u010d:<\/strong>United Phosphorus Ltd<\/p>\n<p class=\"detail\"><strong>Karenca:<\/strong>21 dan za stone sorte vinove loze; 28 dana vinske sorte<\/p>\n<p class=\"detail\"><strong>MBT:<\/strong>3<\/p>\n<p class=\"detail\"><strong>MDK(mg\/kg):<\/strong>40 mg\/kg ra\u010dunato kao gro\u017e\u0111e-vinova loza<\/p>\n<\/div>\n<div class=\"product-harvest\">\n<p class=\"detail\">Primena:<\/p>\n<table>\n<thead>\n<tr class=\"bg-5\">\n<th>USEV \/ ZASAD<\/th>\n<th>KOLI\u010cINA PRIMENE<\/th>\n<th>VREME PRIMENE<\/th>\n<\/tr>\n<\/thead>\n<tbody>\n<tr class=\"bg-sec-5\">\n<td class=\"bg-5\"><a href=\"https:\/\/www.agromarket.rs\/srb\/zastita-bilja\/programi-zastite\/1020\/Vinova-loza\">Vinova loza<\/a><\/td>\n<td>0,5 \u2013 1,5 % (50g do 150 g u 10 l)<\/td>\n<td>Tretman posle cvetanja, po pojavi prvih pega primarne zaraze, a pre ostvarenja uslova za sekundarno zara\u017eavanje i \u0161irenje oboljenja i za zadnje tretmane<\/td>\n<\/tr>\n<\/tbody>\n<\/table>\n<\/div>\n<div class=\"product-info\">\n<p><strong>DELOVANJE:<\/strong><\/p>\n<p>Blue Bordo deluje preventivno jer spre\u010dava klijanje spora. Nespecifi\u010dnog je na\u010dina delovanja, prete\u017eno inhibira SH enzime.\u00a0\u0160irok spektar delovanja na fitopatogene gljive i bakterije.<\/p>\n<p><strong>SPEKTAR DELOVANJA:<\/strong><\/p>\n<p>Folijarni protektivni fungicid \u0161irokog spektra delovanja. Koristi se u zasadima vinove loze za suzbijanje prouzrokova\u010da plamenja\u010de vinove loze <em>(Plasmopara viticola<\/em> ), crvenila li\u0161\u0107a <em>(Pseudopeziza tracheiphila<\/em> ) i crne trule\u017ei (<em>Guignardia bidwellii<\/em> ).<\/p>\n<p><strong><span class=\"podnaslovPoglavljaZS\">PREPORUKE I NAPOMENE:<\/span><\/strong><\/p>\n<p>prva aktivna materija koja je primenjena u za\u0161titi bilja kao Bordovska\u00a0\u010dorba. Jo\u0161 uvek je jednako efikasna u za\u0161titi mnogih biljnih bolesti,\u00a0\u010diji su prouzrokova\u010di gljive i bakterije. Postala je sinonim u suzbijanju\u00a0plamenja\u010da, ali je pored Kaptana jedina efikasna i protiv prouzrokova\u010da\u00a0crne trule\u017ei kod vinove loze <em>(Guignardia bidwelli).<\/em><\/p>\n<p class=\"text-left\">Preparat mo\u017ee biti fitotoksi\u010dan ako se primeni po hladnom i vla\u017enom vremenu. Poseduje odli\u010dnu rastvorljivost bez neprijatnog pra\u0161enja. \u0160irok spektar delovanja na fitopatogene gljive i bakterije. Ja\u010da \u0107elijski zid poko\u017eice kod bobica, \u0161to smanjuje pucanje pri ja\u010dim ki\u0161ama. Uti\u010de na bolje sazrevanje lastara vinove loze, \u0161to poja\u010dava otpornost na izmrzavanje tokom zime, zato je pogodan za zadnje tretmane. Dobra otpornost na spiranje ki\u0161om. Me\u0161a se sa sumpornim preparatima<\/p>\n<\/div>","protected":false},"excerpt":{"rendered":"<div class=\"span8 product-details\">\n<p><strong>Klasa:<\/strong> Fungicidi<\/p>\n<p><strong>Aktivna materija:<\/strong> 200 g\/kg Cu jona iz sme\u0161e bakar (II) sulfata pentahidrata i kalcijum hidroksida<\/p>\n<p><strong>Formulacija:<\/strong> WG-vododiperzibilne granule<\/p>\n<p><strong>Pakovanje:<\/strong> 50 g, 1 kg<\/p>\n<p><strong>Proizvo\u0111a\u010d:<\/strong> United Phosphorus Ltd<\/p>\n<\/div>","protected":false},"featured_media":4317,"template":"","meta":[],"product_brand":[],"product_cat":[219,289,290,227,221],"product_tag":[545],"class_list":{"0":"post-4262","1":"product","2":"type-product","3":"status-publish","4":"has-post-thumbnail","6":"product_cat-fungicidi","7":"product_cat-fungicidi-protiv-crne-trulezi","8":"product_cat-fungicidi-protiv-crvenila-lisca","9":"product_cat-fungicidi-protiv-plamenjace-u-vinovoj-lozi","10":"product_cat-fungicidi-u-vinovoj-lozi","11":"product_tag-200-g-kg-cu-jona-iz-smese-bakarii-sulfata-pentahidrata-i-kalcijum-hidroksida","13":"first","14":"outofstock","15":"shipping-taxable","16":"purchasable","17":"product-type-simple"},"_links":{"self":[{"href":"https:\/\/agrarpetrovic.rs\/en\/wp-json\/wp\/v2\/product\/4262","targetHints":{"allow":["GET"]}}],"collection":[{"href":"https:\/\/agrarpetrovic.rs\/en\/wp-json\/wp\/v2\/product"}],"about":[{"href":"https:\/\/agrarpetrovic.rs\/en\/wp-json\/wp\/v2\/types\/product"}],"wp:featuredmedia":[{"embeddable":true,"href":"https:\/\/agrarpetrovic.rs\/en\/wp-json\/wp\/v2\/media\/4317"}],"wp:attachment":[{"href":"https:\/\/agrarpetrovic.rs\/en\/wp-json\/wp\/v2\/media?parent=4262"}],"wp:term":[{"taxonomy":"product_brand","embeddable":true,"href":"https:\/\/agrarpetrovic.rs\/en\/wp-json\/wp\/v2\/product_brand?post=4262"},{"taxonomy":"product_cat","embeddable":true,"href":"https:\/\/agrarpetrovic.rs\/en\/wp-json\/wp\/v2\/product_cat?post=4262"},{"taxonomy":"product_tag","embeddable":true,"href":"https:\/\/agrarpetrovic.rs\/en\/wp-json\/wp\/v2\/product_tag?post=4262"}],"curies":[{"name":"wp","href":"https:\/\/api.w.org\/{rel}","templated":true}]}}