{"id":4263,"date":"2023-07-13T16:09:06","date_gmt":"2023-07-13T14:09:06","guid":{"rendered":"https:\/\/agrarpetrovic.rs\/?post_type=product&#038;p=4263"},"modified":"2023-07-13T16:10:03","modified_gmt":"2023-07-13T14:10:03","slug":"bossco-fungicid","status":"publish","type":"product","link":"https:\/\/agrarpetrovic.rs\/en\/proizvod\/bossco-fungicid\/","title":{"rendered":"Bossco &#8211; Fungicid"},"content":{"rendered":"<div class=\"span9\">\n<div class=\"product-details\">\n<p class=\"detail\"><strong>Klasa:<\/strong>Fungicid<\/p>\n<p class=\"detail\"><strong>Aktivna materija:<\/strong>Boskalid 500g\/kg<\/p>\n<p class=\"detail\"><strong>Formulacija:<\/strong>WG \u2013 vododisperzibilne granule<\/p>\n<p class=\"detail\"><strong>Pakovanje:<\/strong>0,1kg<\/p>\n<p class=\"detail\"><strong>Proizvo\u0111a\u010d:<\/strong>Agromarket<\/p>\n<p class=\"detail\"><strong>Karenca:<\/strong>28 dana Radna karenca: 6 do 12 sati (do su\u0161enja depozita)<\/p>\n<p class=\"detail\"><strong>MBT:<\/strong>1<\/p>\n<p class=\"detail\"><strong>MDK(mg\/kg):<\/strong>SRB: 10\/ EU: 10\/ SAD: 10\/ RUSIJA: &#8211;<\/p>\n<\/div>\n<div class=\"product-harvest\">\n<p class=\"detail\">Primena:<\/p>\n<table>\n<thead>\n<tr class=\"bg-5\">\n<th>USEV \/ ZASAD<\/th>\n<th>KOLI\u010cINA PRIMENE<\/th>\n<th>VREME PRIMENE<\/th>\n<\/tr>\n<\/thead>\n<tbody>\n<tr class=\"bg-sec-5\">\n<td class=\"bg-5\"><a href=\"https:\/\/www.agromarket.rs\/srb\/zastita-bilja\/programi-zastite\/1020\/Vinova-loza\">VINOVA LOZA<\/a><\/td>\n<td>1,2 (12 g na 100 m\u00b2)<\/td>\n<td>Preparat se primenjuje preventivno od faze precvetavanja do faze \u0161arka (faze 69 \u2013 83 BBCH-skale)<\/td>\n<\/tr>\n<\/tbody>\n<\/table>\n<\/div>\n<div class=\"product-info\">\n<p><strong>DELOVANJE:<\/strong><\/p>\n<p>fungicid Boskalid pripada grupi Karboksimida, a deluje tako \u0161to inhibira aktivnost sukcijat ubikinon reduktaze (kompleks II) u mitohondrijalnom elektrotransportnom lancu tj. blokira prenos elektrona u mitohondriju, odnosno gljivici se oduzima energija potrebna za \u017eivot, kao i onemogu\u0107avanje proizvodnje neophodnih \u017eivotnih elemanata za razmenu materije.<\/p>\n<p><strong>SPEKTAR DELOVANJA:<\/strong><\/p>\n<p>prouzrokova\u010d sive trule\u017ei (Botrytis cinerea) u zasadima vinove loze.<\/p>\n<p><strong>PREPORUKE I NAPOMENE:<br \/>\n<\/strong><\/p>\n<p>jedan od najkompletnijih fungicidnih preparata na tr\u017ei\u0161tu sa povoljnim ekotoksikolo\u0161kim osobinama, \u0161to ga preporu\u010duje za primenu u integralnoj za\u0161titi. Preparat se mo\u017ee me\u0161ati sa drugim preparatima uz prethodnu proveru. Mo\u017ee se primeniti svim standardnim ure\u0111ajima za tretiranje sa zemlje (le\u0111ne i traktorske prskalice), a primena iz vazduhoplova nije dozvoljena. Utro\u0161ak te\u010dnosti iznosi 600 \u2013 1000 l\/ha (6 &#8211; 10 l \u043d\u0430 100 m\u00b2).<\/p>\n<\/div>\n<\/div>","protected":false},"excerpt":{"rendered":"<div class=\"span8 product-details\">\n<p><strong>Klasa:<\/strong> Fungicid<\/p>\n<p><strong>Aktivna materija:<\/strong> Boskalid 500g\/kg<\/p>\n<p><strong>Formulacija:<\/strong> WG \u2013 vododisperzibilne granule<\/p>\n<p><strong>Pakovanje:<\/strong> 0,1kg<\/p>\n<p><strong>Proizvo\u0111a\u010d:<\/strong> Agromarket<\/p>\n<\/div>","protected":false},"featured_media":4318,"template":"","meta":[],"product_brand":[],"product_cat":[219,236,221],"product_tag":[],"class_list":{"0":"post-4263","1":"product","2":"type-product","3":"status-publish","4":"has-post-thumbnail","6":"product_cat-fungicidi","7":"product_cat-fungicidi-protiv-sive-trulezi-u-vinovoj-lozi","8":"product_cat-fungicidi-u-vinovoj-lozi","10":"first","11":"instock","12":"shipping-taxable","13":"product-type-simple"},"_links":{"self":[{"href":"https:\/\/agrarpetrovic.rs\/en\/wp-json\/wp\/v2\/product\/4263","targetHints":{"allow":["GET"]}}],"collection":[{"href":"https:\/\/agrarpetrovic.rs\/en\/wp-json\/wp\/v2\/product"}],"about":[{"href":"https:\/\/agrarpetrovic.rs\/en\/wp-json\/wp\/v2\/types\/product"}],"wp:featuredmedia":[{"embeddable":true,"href":"https:\/\/agrarpetrovic.rs\/en\/wp-json\/wp\/v2\/media\/4318"}],"wp:attachment":[{"href":"https:\/\/agrarpetrovic.rs\/en\/wp-json\/wp\/v2\/media?parent=4263"}],"wp:term":[{"taxonomy":"product_brand","embeddable":true,"href":"https:\/\/agrarpetrovic.rs\/en\/wp-json\/wp\/v2\/product_brand?post=4263"},{"taxonomy":"product_cat","embeddable":true,"href":"https:\/\/agrarpetrovic.rs\/en\/wp-json\/wp\/v2\/product_cat?post=4263"},{"taxonomy":"product_tag","embeddable":true,"href":"https:\/\/agrarpetrovic.rs\/en\/wp-json\/wp\/v2\/product_tag?post=4263"}],"curies":[{"name":"wp","href":"https:\/\/api.w.org\/{rel}","templated":true}]}}