{"id":4264,"date":"2023-07-13T16:09:06","date_gmt":"2023-07-13T14:09:06","guid":{"rendered":"https:\/\/agrarpetrovic.rs\/?post_type=product&#038;p=4264"},"modified":"2025-10-23T11:54:36","modified_gmt":"2025-10-23T09:54:36","slug":"capi-fungicid","status":"publish","type":"product","link":"https:\/\/agrarpetrovic.rs\/en\/proizvod\/capi-fungicid\/","title":{"rendered":"Capi &#8211; Fungicid"},"content":{"rendered":"<div class=\"product-details\">\n<p class=\"detail\"><strong>Klasa:<\/strong>Fungicidi<\/p>\n<p class=\"detail\"><strong>Aktivna materija:<\/strong>Kaptan 480 g\/l<\/p>\n<p class=\"detail\"><strong>Formulacija:<\/strong>SC &#8211; koncentrovana suspenzija<\/p>\n<p class=\"detail\"><strong>Pakovanje:<\/strong>2 ml, 10 ml, 50 ml, 250 ml, 1 l, 5 l<\/p>\n<p class=\"detail\"><strong>Proizvo\u0111a\u010d:<\/strong>Agromarket<\/p>\n<p class=\"detail\"><strong>Karenca:<\/strong>21 dan za jabu\u010dasto i ko\u0161ti\u010davo vo\u0107e, 35 dana za vinovu lozu<\/p>\n<p class=\"detail\"><strong>MBT:<\/strong>U zasadima jabuke, kru\u0161ke i vinove loze nije ograni\u010den; u zasadima breskve i \u0161ljive 3 puta; u zasadu vi\u0161nje 2 puta<\/p>\n<\/div>\n<div class=\"product-harvest\">\n<p class=\"detail\">Primena:<\/p>\n<table>\n<thead>\n<tr class=\"bg-5\">\n<th>USEV \/ ZASAD<\/th>\n<th>KOLI\u010cINA PRIMENE<\/th>\n<th>VREME PRIMENE<\/th>\n<\/tr>\n<\/thead>\n<tbody>\n<tr class=\"bg-sec-5\">\n<td class=\"bg-5\"><a href=\"https:\/\/www.agromarket.rs\/srb\/zastita-bilja\/programi-zastite\/1029\/Borovnica-i-aronija\">Breskva , kajsija , \u0161ljiva , tre\u0161nja , vi\u0161nja , badem<\/a><\/td>\n<td>0,2 \u2013 0,3 %<\/td>\n<td>Tretmani protiv S. carpophila od po\u010detka listanja do pred sazrevanje plodova u zavisnosti od vremenskih uslova i infekcionog potencijala. Tretmani protiv P. rubrum od cvetanja do pred sazrevanje plodova u zavisnosti od vremenskih uslova i infekcionog poten<\/td>\n<\/tr>\n<tr class=\"bg-sec-5\">\n<td class=\"bg-5\"><a href=\"https:\/\/www.agromarket.rs\/srb\/zastita-bilja\/programi-zastite\/1029\/Borovnica-i-aronija\">Jabuka, kru\u0161ka<\/a><\/td>\n<td>0,2 \u2013 0,3 % (20 \u2013 30 g u 10 l vode)<\/td>\n<td>Preventivno tretiranje pre sticanja uslova za zarazu, od po\u010detka cvetanja do po\u010detka zrenja (faze 51-71\/81 BBCH skale)<\/td>\n<\/tr>\n<tr class=\"bg-sec-5\">\n<td class=\"bg-5\"><a href=\"https:\/\/www.agromarket.rs\/srb\/zastita-bilja\/programi-zastite\/1029\/Borovnica-i-aronija\">Vinova loza<\/a><\/td>\n<td>0,2 \u2013 0,3 %<\/td>\n<td>Preventivno tretiranje protiv P. viticola od fenofaze pred cvetanje do \u0161arka bobica. Tretmani protiv G. bidwelli u fazi rasta lastara do po\u010detka zrenja bobica.<\/td>\n<\/tr>\n<\/tbody>\n<\/table>\n<\/div>\n<div class=\"product-info\">\n<p>DELOVANJE:<\/p>\n<p>aktivna materija <em>Kaptan<\/em> pripada grupi <em>Ftalimida<\/em> i inhibira proces disanja, odnosno<br \/>\naktivnost SH-enzima. Patogeni te\u017ee razvijaju rezistentnost na ovaj fungicid.<\/p>\n<p>SPEKTAR DELOVANJA<br \/>\nnamenjen je suzbijanju prouzrokova\u010da \u010da\u0111ave pegavosti lista i krastavosti\u00a0plodova jabuke (<em>Venturia inaequalis<\/em>) i kru\u0161ke (<em>Venturia pyrina<\/em>), \u0161upljikavosti\u00a0li\u0161\u0107a ko\u0161ti\u010davog vo\u0107a (<em>Stigmina carpophila<\/em>) i plamenja\u010de \u0161ljive (<em>Polystigma\u00a0rubrum<\/em>), plamenja\u010de (<em>Plasmopara viticola<\/em>) i crna trule\u017e (<em>Guignardia\u00a0bidwelli<\/em>) vinove loze.<\/p>\n<p>PREPORUKE I NAPOMENE:<br \/>\nne mesa se sa Bordovskom i sumporno-kre\u010dnom \u010dorbom i uljnim\u00a0formulacijama i insekticidima kisele reakcije (<em>Dimetoat, Dihlorvos,\u00a0Heptenofos<\/em>). Mo\u017ee biti fitotoksi\u010dan ako se na vi\u0161im temperaturama\u00a0vazduha me\u0161a sa preparatima na bazi dimetoata. Ne preporu\u010duje se\u00a0primena u zasadu jabuke sorte Crveni deli\u0161es i kru\u0161ke An\u017euj. Mo\u017ee ispoljiti\u00a0blagu fitotoksi\u010dnost (kaptanove pege) na plodovima nekih sorti jabuke<br \/>\n(Vinesep) i kru\u0161ke (Starking, Sejman, Boskovka) ako se primenjuje u fazi\u00a0precvetavanja i formiranja plodova (oko mesec dana), a naro\u010dito ako se\u00a0kombinuje sa preparatima na bazi sumpora. Pripremljen rastvor (1000\u00a0l te\u010dnosti po hektaru) se mora utro\u0161iti u roku od dva sata. Tretiranje iz\u00a0vazduhoplova nije dozvoljeno.<\/p>\n<\/div>","protected":false},"excerpt":{"rendered":"<p><strong>Klasa:<\/strong> Fungicidi<\/p>\n<p><strong>Aktivna materija:<\/strong> Kaptan 480 g\/l<\/p>\n<p><strong>Formulacija:<\/strong> SC &#8211; koncentrovana suspenzija<\/p>\n<p><strong>Pakovanje:<\/strong> 2 ml, 10 ml, 50 ml, 250 ml, 1 l, 5 l<\/p>\n<p><strong>Proizvo\u0111a\u010d:<\/strong> Agromarket<\/p>","protected":false},"featured_media":4319,"template":"","meta":[],"product_brand":[],"product_cat":[219,224,289,227,291,238,223,230,221,222],"product_tag":[642],"class_list":{"0":"post-4264","1":"product","2":"type-product","3":"status-publish","4":"has-post-thumbnail","6":"product_cat-fungicidi","7":"product_cat-fungicidi-protiv-cadjave-pegavosti-lista-i-krastavosti-plodova","8":"product_cat-fungicidi-protiv-crne-trulezi","9":"product_cat-fungicidi-protiv-plamenjace-u-vinovoj-lozi","10":"product_cat-fungicidi-protiv-plamenjace-sljive","11":"product_cat-fungicidi-protiv-supljikavosti-lista","12":"product_cat-fungicidi-u-jabucastom-vocu","13":"product_cat-fungicidi-u-kosticavom-vocu","14":"product_cat-fungicidi-u-vinovoj-lozi","15":"product_cat-fungicidi-u-vocarstvu","16":"product_tag-kaptan-480-g-l","18":"first","19":"outofstock","20":"shipping-taxable","21":"product-type-simple"},"_links":{"self":[{"href":"https:\/\/agrarpetrovic.rs\/en\/wp-json\/wp\/v2\/product\/4264","targetHints":{"allow":["GET"]}}],"collection":[{"href":"https:\/\/agrarpetrovic.rs\/en\/wp-json\/wp\/v2\/product"}],"about":[{"href":"https:\/\/agrarpetrovic.rs\/en\/wp-json\/wp\/v2\/types\/product"}],"wp:featuredmedia":[{"embeddable":true,"href":"https:\/\/agrarpetrovic.rs\/en\/wp-json\/wp\/v2\/media\/4319"}],"wp:attachment":[{"href":"https:\/\/agrarpetrovic.rs\/en\/wp-json\/wp\/v2\/media?parent=4264"}],"wp:term":[{"taxonomy":"product_brand","embeddable":true,"href":"https:\/\/agrarpetrovic.rs\/en\/wp-json\/wp\/v2\/product_brand?post=4264"},{"taxonomy":"product_cat","embeddable":true,"href":"https:\/\/agrarpetrovic.rs\/en\/wp-json\/wp\/v2\/product_cat?post=4264"},{"taxonomy":"product_tag","embeddable":true,"href":"https:\/\/agrarpetrovic.rs\/en\/wp-json\/wp\/v2\/product_tag?post=4264"}],"curies":[{"name":"wp","href":"https:\/\/api.w.org\/{rel}","templated":true}]}}