{"id":4281,"date":"2023-07-13T16:09:28","date_gmt":"2023-07-13T14:09:28","guid":{"rendered":"https:\/\/agrarpetrovic.rs\/?post_type=product&#038;p=4281"},"modified":"2025-10-23T11:54:36","modified_gmt":"2025-10-23T09:54:36","slug":"cormax-fungicid","status":"publish","type":"product","link":"https:\/\/agrarpetrovic.rs\/en\/proizvod\/cormax-fungicid\/","title":{"rendered":"Cormax &#8211; Fungicid"},"content":{"rendered":"<div class=\"product-details\">\n<p class=\"detail\"><strong>Klasa:<\/strong>Fungicidi<\/p>\n<p class=\"detail\"><strong>Aktivna materija:<\/strong>Ciprodinil 750 g\/kg<\/p>\n<p class=\"detail\"><strong>Formulacija:<\/strong>WG &#8211; vododisperzibilne granule<\/p>\n<p class=\"detail\"><strong>Pakovanje:<\/strong>200 g, 20 g<\/p>\n<p class=\"detail\"><strong>Proizvo\u0111a\u010d:<\/strong>Agromarket<\/p>\n<p class=\"detail\"><strong>Karenca:<\/strong>14 dana<\/p>\n<p class=\"detail\"><strong>MBT:<\/strong>2<\/p>\n<p class=\"detail\"><strong>MDK(mg\/kg):<\/strong>1,0<\/p>\n<\/div>\n<div class=\"product-harvest\">\n<p class=\"detail\">Primena:<\/p>\n<table>\n<thead>\n<tr class=\"bg-5\">\n<th>USEV \/ ZASAD<\/th>\n<th>KOLI\u010cINA PRIMENE<\/th>\n<th>VREME PRIMENE<\/th>\n<\/tr>\n<\/thead>\n<tbody>\n<tr class=\"bg-sec-5\">\n<td class=\"bg-5\"><a href=\"https:\/\/www.agromarket.rs\/srb\/zastita-bilja\/programi-zastite\/1024\/Visnja-Tresnja\">Vi\u0161nja, Tre\u0161nja<\/a><\/td>\n<td>0,2 (2 g\/100 m2) (kg\/ha)<\/td>\n<td>Preventivno, pre ostvarenja uslova za zarazu, od pojave cvetnog balona (bele koke) do zavr\u0161etka cvetanja (59-69 BBCH skale)<\/td>\n<\/tr>\n<\/tbody>\n<\/table>\n<\/div>\n<div class=\"product-info\">\n<p><strong>DELOVANJE:<\/strong><\/p>\n<p>Cormax je sistemi\u010dni fungicid, pripada grupi Anilonopirimidina sa preventivnim i kurativnim delovanjem. Nakon folijarne primene apsorbuje se i transportuje kroz tkiva, akropetalno sistemom sprovodnih sudova ksilema. Spre\u010dava penetraciju i rast micelije gljiva u i na povr\u0161ini lista. Inhibira biosintezu aminokiseline metionina i lu\u010denje hidroliti\u010dkih enzima gljive. Ako se primeni do 48 sati nakon po\u010detka zaraze deluje kurativno (zaustavlja dalje \u0161irenje infekcije u biljci), te je efikasnije ako se primeni preventivno.<\/p>\n<p><strong>SPEKTAR DELOVANJA:<\/strong><\/p>\n<p>Namenjen je suzbijanju prouzrokova\u010da su\u0161enja cvetova, gran\u010dica i mrke trule\u017ei plodova ko\u0161ti\u010davih vo\u0107nih vrsta<em> Monilinia laxa<\/em>.<\/p>\n<p><strong>PREPORUKE I NAPOMENE:<\/strong><\/p>\n<p>najbolje sistemi\u010dno delovanje i brzo kretanje kroz biljku u svojoj hemijskog\u00a0grupi <em>anilinopirimidina<\/em>. Vrlo efikasan na gljive koje izazivaju trule\u017e cvetova\u00a0i plodova, kao i venturiju.<\/p>\n<p class=\"text-justify\">Ima odli\u010dno delovanje i na ni\u017eim temperaturama (+ 5\u00b0C). Odli\u010dna otpornost na spiranje padavinama te dva sata po tretiranju depozit pesticida se ne mo\u017ee sprati. Preparat nije fitotoksi\u010dan ako se primenjuje prema uputstvu. Ne sme se me\u0161ati sa insekticidima izrazito kisele reakcije. Prakti\u010dno neotrovan za p\u010dele. Tretiranje iz vazduhoplova nije dozvoljeno.<br \/>\nPreporu\u010deni utro\u0161ak vode 600-1000 l\/ha ( 6 &#8211; 10 l na 100 m 2 ).<\/p>\n<\/div>","protected":false},"excerpt":{"rendered":"<div class=\"span8 product-details\">\n<p><strong>Klasa:<\/strong> Fungicidi<\/p>\n<p><strong>Aktivna materija:<\/strong> Ciprodinil 750 g\/kg<\/p>\n<p><strong>Formulacija:<\/strong> WG &#8211; vododisperzibilne granule<\/p>\n<p><strong>Pakovanje:<\/strong> 200 g, 20 g<\/p>\n<p><strong>Proizvo\u0111a\u010d:<\/strong> Agromarket<\/p>\n<\/div>","protected":false},"featured_media":4321,"template":"","meta":[],"product_brand":[],"product_cat":[219,231,230,222],"product_tag":[575],"class_list":{"0":"post-4281","1":"product","2":"type-product","3":"status-publish","4":"has-post-thumbnail","6":"product_cat-fungicidi","7":"product_cat-fungicidi-protiv-monilia-spp","8":"product_cat-fungicidi-u-kosticavom-vocu","9":"product_cat-fungicidi-u-vocarstvu","10":"product_tag-ciprodinil-750-g-kg","12":"first","13":"outofstock","14":"shipping-taxable","15":"product-type-simple"},"_links":{"self":[{"href":"https:\/\/agrarpetrovic.rs\/en\/wp-json\/wp\/v2\/product\/4281","targetHints":{"allow":["GET"]}}],"collection":[{"href":"https:\/\/agrarpetrovic.rs\/en\/wp-json\/wp\/v2\/product"}],"about":[{"href":"https:\/\/agrarpetrovic.rs\/en\/wp-json\/wp\/v2\/types\/product"}],"wp:featuredmedia":[{"embeddable":true,"href":"https:\/\/agrarpetrovic.rs\/en\/wp-json\/wp\/v2\/media\/4321"}],"wp:attachment":[{"href":"https:\/\/agrarpetrovic.rs\/en\/wp-json\/wp\/v2\/media?parent=4281"}],"wp:term":[{"taxonomy":"product_brand","embeddable":true,"href":"https:\/\/agrarpetrovic.rs\/en\/wp-json\/wp\/v2\/product_brand?post=4281"},{"taxonomy":"product_cat","embeddable":true,"href":"https:\/\/agrarpetrovic.rs\/en\/wp-json\/wp\/v2\/product_cat?post=4281"},{"taxonomy":"product_tag","embeddable":true,"href":"https:\/\/agrarpetrovic.rs\/en\/wp-json\/wp\/v2\/product_tag?post=4281"}],"curies":[{"name":"wp","href":"https:\/\/api.w.org\/{rel}","templated":true}]}}