{"id":4282,"date":"2023-07-13T16:09:29","date_gmt":"2023-07-13T14:09:29","guid":{"rendered":"https:\/\/agrarpetrovic.rs\/?post_type=product&#038;p=4282"},"modified":"2023-07-13T16:10:15","modified_gmt":"2023-07-13T14:10:15","slug":"cuprablau-z-ultra-fungicid","status":"publish","type":"product","link":"https:\/\/agrarpetrovic.rs\/en\/proizvod\/cuprablau-z-ultra-fungicid\/","title":{"rendered":"Cuprablau Z ultra &#8211; Fungicid"},"content":{"rendered":"<div class=\"product-details\">\n<p class=\"detail\"><strong>Klasa:<\/strong>Fungicidi<\/p>\n<p class=\"detail\"><strong>Aktivna materija:<\/strong>350 g\/kg bakarnih jona iz dvojne soli bakar -hidroksida i kalcijum hlorida + 20 g\/kg cinksulfida (sinergist)<\/p>\n<p class=\"detail\"><strong>Formulacija:<\/strong>WP &#8211; kva\u0161jivi pra\u0161ak<\/p>\n<p class=\"detail\"><strong>Pakovanje:<\/strong>250 g, 1 kg, 20 kg<\/p>\n<p class=\"detail\"><strong>Proizvo\u0111a\u010d:<\/strong>Cinkarna<\/p>\n<p class=\"detail\"><strong>Karenca:<\/strong>28 dana &#8211; vinova loza<\/p>\n<p class=\"detail\"><strong>MBT:<\/strong>4 u zasadu vinove loze<\/p>\n<p class=\"detail\"><strong>MDK(mg\/kg):<\/strong>40.0 ra\u010dunato kao bakar &#8211; vinova loza<\/p>\n<\/div>\n<div class=\"product-harvest\">\n<p class=\"detail\">Primena:<\/p>\n<table>\n<thead>\n<tr class=\"bg-5\">\n<th>USEV \/ ZASAD<\/th>\n<th>KOLI\u010cINA PRIMENE<\/th>\n<th>VREME PRIMENE<\/th>\n<\/tr>\n<\/thead>\n<tbody>\n<tr class=\"bg-sec-5\">\n<td class=\"bg-5\"><a href=\"https:\/\/www.agromarket.rs\/srb\/zastita-bilja\/programi-zastite\/1020\/Vinova-loza\">Vinova loza<\/a><\/td>\n<td>0,2 \u2013 0,25 % (20-25 g u 10 l vode na 100m2)<\/td>\n<td>Preventivna primena, pre pojave simptoma, tretiranjem tokom faze intenzivnog porasta (faze 13\/ 53-81 BBCH skale) u zavisnosti od infektivnog potencijala patogena i uslova zara\u017eavanja).<\/td>\n<\/tr>\n<\/tbody>\n<\/table>\n<\/div>\n<div class=\"product-info\">\n<p><strong>DELOVANJE:<\/strong><\/p>\n<p>Fungicid Cuprablau Z spre\u010dava klijanje spora, inhibira disanje, odnosno SH-enzime.\u00a0Bakar sporedno deluje na sve gljive koje izazivaju trule\u017e, kao i na bakterije,\u00a0oja\u010dava \u0107elijski zid\u00a0i spre\u010dava pucanje bobica kao i bolje prezimljavanje. Cink deluje kao sinergist i pobolj\u0161ava\u00a0usvajanje bakarnih jona, a ulazi i u sastav auksina-hormona rasta kod biljaka. Pojava intenzivno\u00a0zelene boje je, tako\u0111e rezultat iskori\u0161\u0107avanja cinka od strane biljke.<\/p>\n<p><strong>SPEKTAR DELOVANJA:<\/strong><\/p>\n<p>Cuprablau Z Ultra je fungicid sa preventivnim delovanjem namenjen suzbijanju prouzrokova\u010da plamenja\u010de vinove loze \u2013 <em>Plasmopara viticola<\/em>.<\/p>\n<p><strong>PREPORUKE I NAPOMENE:<\/strong><\/p>\n<p>U zasadu vinove loze mo\u017ee se primeniti najvi\u0161e 4 puta tokom vegetacije uz interval izme\u0111u tretiranja 7 do 10 dana. Mo\u017ee se me\u0161ati sa preparatima na bazi ulja za zimska tretiranja, kao i sumpornim preparatima tokom vegetacije. Ne me\u0161a se sa preparatima kisele reakcije (<em>dimetoat, dihlorvos, heptenofos<\/em>). Pobolj\u0161ana je formulacija preparata, sama re\u010d ultra zna\u010di sitnije i finije \u010destice, \u0161to obezbe\u0111uje bolju pokrovnost i stabilnost fungicidnog sloja, kao i bolje iskori\u0161\u0107avanje bakra i cinka od strana biljke. Cink ima mnogostruku ulogu u fiziologiji biljke, uti\u010de na bolje cvetanje i oplodnju, rast i otpornost.<\/p>\n<\/div>","protected":false},"excerpt":{"rendered":"<p><strong>Klasa:<\/strong> Fungicidi<\/p>\n<p><strong>Aktivna materija:<\/strong> 350 g\/kg bakarnih jona iz dvojne soli bakar -hidroksida i kalcijum hlorida + 20 g\/kg cinksulfida (sinergist)<\/p>\n<p><strong>Formulacija:<\/strong> WP &#8211; kva\u0161jivi pra\u0161ak<\/p>\n<p><strong>Pakovanje:<\/strong> 250 g, 1 kg, 20 kg<\/p>\n<p><strong>Proizvo\u0111a\u010d:<\/strong> Cinkarna<\/p>","protected":false},"featured_media":4322,"template":"","meta":[],"product_brand":[],"product_cat":[219,227,221],"product_tag":[],"class_list":{"0":"post-4282","1":"product","2":"type-product","3":"status-publish","4":"has-post-thumbnail","6":"product_cat-fungicidi","7":"product_cat-fungicidi-protiv-plamenjace-u-vinovoj-lozi","8":"product_cat-fungicidi-u-vinovoj-lozi","10":"first","11":"instock","12":"shipping-taxable","13":"product-type-simple"},"_links":{"self":[{"href":"https:\/\/agrarpetrovic.rs\/en\/wp-json\/wp\/v2\/product\/4282","targetHints":{"allow":["GET"]}}],"collection":[{"href":"https:\/\/agrarpetrovic.rs\/en\/wp-json\/wp\/v2\/product"}],"about":[{"href":"https:\/\/agrarpetrovic.rs\/en\/wp-json\/wp\/v2\/types\/product"}],"wp:featuredmedia":[{"embeddable":true,"href":"https:\/\/agrarpetrovic.rs\/en\/wp-json\/wp\/v2\/media\/4322"}],"wp:attachment":[{"href":"https:\/\/agrarpetrovic.rs\/en\/wp-json\/wp\/v2\/media?parent=4282"}],"wp:term":[{"taxonomy":"product_brand","embeddable":true,"href":"https:\/\/agrarpetrovic.rs\/en\/wp-json\/wp\/v2\/product_brand?post=4282"},{"taxonomy":"product_cat","embeddable":true,"href":"https:\/\/agrarpetrovic.rs\/en\/wp-json\/wp\/v2\/product_cat?post=4282"},{"taxonomy":"product_tag","embeddable":true,"href":"https:\/\/agrarpetrovic.rs\/en\/wp-json\/wp\/v2\/product_tag?post=4282"}],"curies":[{"name":"wp","href":"https:\/\/api.w.org\/{rel}","templated":true}]}}