{"id":4291,"date":"2023-07-13T16:09:29","date_gmt":"2023-07-13T14:09:29","guid":{"rendered":"https:\/\/agrarpetrovic.rs\/?post_type=product&#038;p=4291"},"modified":"2025-10-23T11:54:37","modified_gmt":"2025-10-23T09:54:37","slug":"fiesta-fungicid","status":"publish","type":"product","link":"https:\/\/agrarpetrovic.rs\/en\/proizvod\/fiesta-fungicid\/","title":{"rendered":"Fiesta &#8211; Fungicid"},"content":{"rendered":"<div class=\"span9\">\n<div class=\"product-details\">\n<p class=\"detail\"><strong>Klasa:<\/strong>Fungicidi<\/p>\n<p class=\"detail\"><strong>Aktivna materija:<\/strong>Ditianon 700 g\/l<\/p>\n<p class=\"detail\"><strong>Formulacija:<\/strong>WG \u2013 vododisperibilne granule<\/p>\n<p class=\"detail\"><strong>Pakovanje:<\/strong>100 g, 500 g<\/p>\n<p class=\"detail\"><strong>Proizvo\u0111a\u010d:<\/strong>Agromarket<\/p>\n<p class=\"detail\"><strong>Karenca:<\/strong>35 dana<\/p>\n<p class=\"detail\"><strong>MBT:<\/strong>3<\/p>\n<p class=\"detail\"><strong>MDK(mg\/kg):<\/strong>1,0<\/p>\n<\/div>\n<div class=\"product-harvest\">\n<p class=\"detail\">Primena:<\/p>\n<table>\n<thead>\n<tr class=\"bg-5\">\n<th>USEV \/ ZASAD<\/th>\n<th>KOLI\u010cINA PRIMENE<\/th>\n<th>VREME PRIMENE<\/th>\n<\/tr>\n<\/thead>\n<tbody>\n<tr class=\"bg-sec-5\">\n<td class=\"bg-5\"><a href=\"https:\/\/www.agromarket.rs\/srb\/zastita-bilja\/programi-zastite\/1018\/Jabuka\">Jabuka<\/a><\/td>\n<td>0,75 \u2013 1,0 kg\/ha (7,5 \u2013 10 g na 100 m\u00b2)<\/td>\n<td>Tokom vegetacije (faze 11\/54-81 BBCH skale), preventivno, pre sticanja uslova za primarnu zarazu<\/td>\n<\/tr>\n<\/tbody>\n<\/table>\n<\/div>\n<div class=\"product-info\">\n<p><strong>DELOVANJE:<\/strong><\/p>\n<p>Fiesta je fungicid na bazi aktivne materije Ditianon iz grupe Hinona. Odlikuje se protektivnim i delimi\u010dno kurativnim delovanjem ukoliko se primeni 48 sati nakon nastanka infekcije. Inhibira klijanje spora fitopatogenih gljiva deluju\u0107i na aktivnosti SH-enzima te spre\u010dava disanje gljivica. Ispoljava efikasno delovanje na veliki broj prouzrokova\u010da biljnih bolesti vo\u0107nih vrsta, vinove loze i ukrasnog bilja.<\/p>\n<p><strong>SPEKTAR DELOVANJA:<\/strong><\/p>\n<p>Namenjen je suzbijanju prouzrokova\u010da \u010da\u0111ave pegavosti lista i krastavosti\u00a0plodova jabuke <em>(Venturia inaequalis)<\/em>.<\/p>\n<p><strong>PREPORUKE I NAPOMENE:<\/strong><\/p>\n<p>jedan od najpouzdanijih preparata u za\u0161titi jabuke u fazi mladih plodova.\u00a0Dodro se vezuje za vo\u0161tani sloj i nema spiranja ki\u0161om. Tako\u0111e vrlo\u00a0efikasan za suzbijanje tafrine pred pucanje i otvaranje pupoljaka. Ne\u00a0sme se me\u0161ati sa uljnim formulacijama, alkalnim i preparatima na\u00a0bazi sumpora. Preparat odlikuje dugotrajno rezidualno delovanje.\u00a0Tretiranje iz vazduhoplova nije dozvoljeno. U programu integralne\u00a0za\u0161tite, preporu\u010duju se preventivni tretmani u intervalima 8 do 14\u00a0dana. Tretiranja izvesti sa utro\u0161kom vode od 1000 l\/ha.<\/p>\n<\/div>\n<\/div>","protected":false},"excerpt":{"rendered":"<p><strong>Klasa:<\/strong> Fungicidi<\/p>\n<p><strong>Aktivna materija:<\/strong> Ditianon 700 g\/l<\/p>\n<p><strong>Formulacija:<\/strong> WG \u2013 vododisperibilne granule<\/p>\n<p><strong>Pakovanje:<\/strong> 100 g, 500 g<\/p>\n<p><strong>Proizvo\u0111a\u010d:<\/strong> Agromarket<\/p>","protected":false},"featured_media":4345,"template":"","meta":[],"product_brand":[],"product_cat":[219,224,223,222],"product_tag":[583],"class_list":{"0":"post-4291","1":"product","2":"type-product","3":"status-publish","4":"has-post-thumbnail","6":"product_cat-fungicidi","7":"product_cat-fungicidi-protiv-cadjave-pegavosti-lista-i-krastavosti-plodova","8":"product_cat-fungicidi-u-jabucastom-vocu","9":"product_cat-fungicidi-u-vocarstvu","10":"product_tag-ditianon-700-g-l","12":"first","13":"outofstock","14":"shipping-taxable","15":"purchasable","16":"product-type-simple"},"_links":{"self":[{"href":"https:\/\/agrarpetrovic.rs\/en\/wp-json\/wp\/v2\/product\/4291","targetHints":{"allow":["GET"]}}],"collection":[{"href":"https:\/\/agrarpetrovic.rs\/en\/wp-json\/wp\/v2\/product"}],"about":[{"href":"https:\/\/agrarpetrovic.rs\/en\/wp-json\/wp\/v2\/types\/product"}],"wp:featuredmedia":[{"embeddable":true,"href":"https:\/\/agrarpetrovic.rs\/en\/wp-json\/wp\/v2\/media\/4345"}],"wp:attachment":[{"href":"https:\/\/agrarpetrovic.rs\/en\/wp-json\/wp\/v2\/media?parent=4291"}],"wp:term":[{"taxonomy":"product_brand","embeddable":true,"href":"https:\/\/agrarpetrovic.rs\/en\/wp-json\/wp\/v2\/product_brand?post=4291"},{"taxonomy":"product_cat","embeddable":true,"href":"https:\/\/agrarpetrovic.rs\/en\/wp-json\/wp\/v2\/product_cat?post=4291"},{"taxonomy":"product_tag","embeddable":true,"href":"https:\/\/agrarpetrovic.rs\/en\/wp-json\/wp\/v2\/product_tag?post=4291"}],"curies":[{"name":"wp","href":"https:\/\/api.w.org\/{rel}","templated":true}]}}