{"id":4293,"date":"2023-07-13T16:09:29","date_gmt":"2023-07-13T14:09:29","guid":{"rendered":"https:\/\/agrarpetrovic.rs\/?post_type=product&#038;p=4293"},"modified":"2025-10-23T11:54:37","modified_gmt":"2025-10-23T09:54:37","slug":"fosco-fungicid","status":"publish","type":"product","link":"https:\/\/agrarpetrovic.rs\/en\/proizvod\/fosco-fungicid\/","title":{"rendered":"Fosco &#8211; Fungicid"},"content":{"rendered":"<div class=\"product-details\">\n<p class=\"detail\"><strong>Klasa:<\/strong>Fungicid<\/p>\n<p class=\"detail\"><strong>Aktivna materija:<\/strong>Fosetil-Aluminijum 800 g\/l<\/p>\n<p class=\"detail\"><strong>Formulacija:<\/strong>WG \u2013 vododisperzibilne granule<\/p>\n<p class=\"detail\"><strong>Pakovanje:<\/strong>1 kg<\/p>\n<p class=\"detail\"><strong>Proizvo\u0111a\u010d:<\/strong>Agromarket<\/p>\n<p class=\"detail\"><strong>Karenca:<\/strong>42 dana Radna karenca: 24 sata<\/p>\n<p class=\"detail\"><strong>MBT:<\/strong>3<\/p>\n<p class=\"detail\"><strong>MDK(mg\/kg):<\/strong>SRB: -\/,EU:150, RUSKA FEDERACIJA: -\/, SAD:10<\/p>\n<\/div>\n<div class=\"product-harvest\">\n<p class=\"detail\">Primena:<\/p>\n<table>\n<thead>\n<tr class=\"bg-5\">\n<th>USEV \/ ZASAD<\/th>\n<th>KOLI\u010cINA PRIMENE<\/th>\n<th>VREME PRIMENE<\/th>\n<\/tr>\n<\/thead>\n<tbody>\n<tr class=\"bg-sec-5\">\n<td class=\"bg-5\"><a href=\"https:\/\/www.agromarket.rs\/srb\/zastita-bilja\/programi-zastite\/1018\/Jabuka\">Jabuka<\/a><\/td>\n<td>0,3 % (30 g u 10 l vode)<\/td>\n<td>U vreme intenzivnog porsta i cvetanja (fenofaze BBCH skale 59-69)<\/td>\n<\/tr>\n<\/tbody>\n<\/table>\n<\/div>\n<div class=\"product-info\">\n<p><strong>DELOVANJE: <\/strong><\/p>\n<p>Fosetil-Aluminijum pripada grupi Fosfonata, deluje tako \u0161to inhibira klijanje spora, blokira razvoj micelije i sporulaciju.<\/p>\n<p><strong>SPEKTAR DELOVANJA:<\/strong><\/p>\n<p>prouzrokova\u010d bakteriozne plamenja\u010de jabu\u010dastog vo\u0107a (Erwinia amylovora) u zasadu jabuke.<\/p>\n<p><strong>PREPORUKE I NAPOMENE:<\/strong><\/p>\n<p>treiranje iz vazduhoplova nije dozvoljeno. Ne sme se me\u0161ati sa insekticidima izrazito kisele reakcije, bordovskom \u010dorbom, fentin-acetatom i folijarnim sredstvima za ishranu bilja. Utro\u0161ak vode 1000 l\/ha (ili 10 l na 100 m2). Na\u010din primene: prskanje ili oro\u0161avanje.<\/p>\n<\/div>","protected":false},"excerpt":{"rendered":"<p><strong>Klasa:<\/strong> Fungicid<\/p>\n<p><strong>Aktivna materija:<\/strong> Fosetil-Aluminijum 800 g\/l<\/p>\n<p><strong>Formulacija:<\/strong> WG \u2013 vododisperzibilne granule<\/p>\n<p><strong>Pakovanje:<\/strong> 1 kg<\/p>\n<p><strong>Proizvo\u0111a\u010d:<\/strong> Agromarket<\/p>","protected":false},"featured_media":4347,"template":"","meta":[],"product_brand":[],"product_cat":[219,249,223,222],"product_tag":[619],"class_list":{"0":"post-4293","1":"product","2":"type-product","3":"status-publish","4":"has-post-thumbnail","6":"product_cat-fungicidi","7":"product_cat-fungicidi-protiv-bakteriozne-plamenjace","8":"product_cat-fungicidi-u-jabucastom-vocu","9":"product_cat-fungicidi-u-vocarstvu","10":"product_tag-fosetil-aluminijum-800-g-kg","12":"first","13":"outofstock","14":"shipping-taxable","15":"product-type-simple"},"_links":{"self":[{"href":"https:\/\/agrarpetrovic.rs\/en\/wp-json\/wp\/v2\/product\/4293","targetHints":{"allow":["GET"]}}],"collection":[{"href":"https:\/\/agrarpetrovic.rs\/en\/wp-json\/wp\/v2\/product"}],"about":[{"href":"https:\/\/agrarpetrovic.rs\/en\/wp-json\/wp\/v2\/types\/product"}],"wp:featuredmedia":[{"embeddable":true,"href":"https:\/\/agrarpetrovic.rs\/en\/wp-json\/wp\/v2\/media\/4347"}],"wp:attachment":[{"href":"https:\/\/agrarpetrovic.rs\/en\/wp-json\/wp\/v2\/media?parent=4293"}],"wp:term":[{"taxonomy":"product_brand","embeddable":true,"href":"https:\/\/agrarpetrovic.rs\/en\/wp-json\/wp\/v2\/product_brand?post=4293"},{"taxonomy":"product_cat","embeddable":true,"href":"https:\/\/agrarpetrovic.rs\/en\/wp-json\/wp\/v2\/product_cat?post=4293"},{"taxonomy":"product_tag","embeddable":true,"href":"https:\/\/agrarpetrovic.rs\/en\/wp-json\/wp\/v2\/product_tag?post=4293"}],"curies":[{"name":"wp","href":"https:\/\/api.w.org\/{rel}","templated":true}]}}