{"id":4295,"date":"2023-07-13T16:09:29","date_gmt":"2023-07-13T14:09:29","guid":{"rendered":"https:\/\/agrarpetrovic.rs\/?post_type=product&#038;p=4295"},"modified":"2023-07-13T16:10:58","modified_gmt":"2023-07-13T14:10:58","slug":"fungohem-sc-fungicid","status":"publish","type":"product","link":"https:\/\/agrarpetrovic.rs\/en\/proizvod\/fungohem-sc-fungicid\/","title":{"rendered":"Fungohem SC &#8211; Fungicid"},"content":{"rendered":"<div class=\"span9\">\n<div class=\"product-details\">\n<p class=\"detail\"><strong>Klasa:<\/strong>FUNGICID<\/p>\n<p class=\"detail\"><strong>Aktivna materija:<\/strong>368 g\/l bakar hidroksida (240 g\/l bakarnog jona iz bakar hidroksida)<\/p>\n<p class=\"detail\"><strong>Formulacija:<\/strong>SC &#8211; koncentrovana suspenzija<\/p>\n<p class=\"detail\"><strong>Pakovanje:<\/strong>250 ml, 1 l<\/p>\n<p class=\"detail\"><strong>Proizvo\u0111a\u010d:<\/strong>Agromarket<\/p>\n<p class=\"detail\"><strong>Karenca:<\/strong>14 dana paprika, OVP jabuka<\/p>\n<p class=\"detail\"><strong>MBT:<\/strong>ne postoji ograni\u010denje vezano za broj tretmana paprike i jabuke<\/p>\n<p class=\"detail\"><strong>MDK(mg\/kg):<\/strong>JABUKA: DIFENOKONAZOL: SRB: 0,5\/ EU: 0,5\/ SAD: 0,15\/ RUSIJA: 0,05 PAPRIKA: DIFENOKONAZOL: SRB: 0,1\/ EU: 0,1\/ SAD: 0,08\/ RUS: 0,1<\/p>\n<\/div>\n<div class=\"product-harvest\">\n<p class=\"detail\">Primena:<\/p>\n<table>\n<thead>\n<tr class=\"bg-5\">\n<th>USEV \/ ZASAD<\/th>\n<th>KOLI\u010cINA PRIMENE<\/th>\n<th>VREME PRIMENE<\/th>\n<\/tr>\n<\/thead>\n<tbody>\n<tr class=\"bg-sec-5\">\n<td class=\"bg-5\"><a href=\"https:\/\/www.agromarket.rs\/srb\/zastita-bilja\/programi-zastite\/1012\/Paprika\">PAPRIKA<\/a><\/td>\n<td>0,4 &#8211; 0,6 % (40 \u2013 60 ml u 10 l vode)<\/td>\n<td>Preventivno tretiranje u zavisnosti od prisustva inokuluma i uslova za zara\u017eavanje<\/td>\n<\/tr>\n<tr class=\"bg-sec-5\">\n<td class=\"bg-5\"><a href=\"https:\/\/www.agromarket.rs\/srb\/zastita-bilja\/programi-zastite\/1018\/Jabuka\">JABUKA<\/a><\/td>\n<td>0,15 \u2013 0,3 % (15 do 30 ml u 10 l vode)<\/td>\n<td>Preventivna tretiranja u vegetaciji do po\u010detka cvetanja (faze 03 \u2013 57 BBCH-skale)<\/td>\n<\/tr>\n<\/tbody>\n<\/table>\n<\/div>\n<div class=\"product-info\">\n<p>DELOVANJE: spre\u010dava klijanje spora inhibiraju\u0107i enzime koji u\u010destvuju u procesu disanja (SH-enzime)<\/p>\n<p>SPEKTAR DELOVANJA<br \/>\nnamenjen je suzbijanju prouzrokova\u010da bakteriozne plamenja\u010de lista paprike<br \/>\n(<em>Xanthomonas campestris pv. vesicatoria<\/em>), prouzrokova\u010da lisne pegavosti i krastavosti plodova jabuke (<em>Venturia inaequalis<\/em>)<\/p>\n<p>PREPORUKE I NAPOMENE:<br \/>\nne sme se me\u0161ati sa insekticidima kisele reakcije (<em>dimetoat, dihlorvos<\/em>), kao ni<br \/>\nkalcijum polisulfidom. Mo\u017ee biti fitotoksi\u010dan za biljke ako se primeni u uslovima<br \/>\nvla\u017enog i hladnog vremena. Primena iz vazduhoplova nije dozvoljena. Prskanje<br \/>\nuseva paprike uz utro\u0161ak vode od 400-600 l\/ha (4-6 l na 100 m\u00b2), a prskanje ili<br \/>\noro\u0161avanje zasada jabuke sa 1000 l\/ha (10 l na 100 m\u00b2)<\/p>\n<\/div>\n<\/div>","protected":false},"excerpt":{"rendered":"<p><strong>Klasa:<\/strong> FUNGICID<\/p>\n<p><strong>Aktivna materija:<\/strong> 368 g\/l bakar hidroksida (240 g\/l bakarnog jona iz bakar hidroksida)<\/p>\n<p><strong>Formulacija:<\/strong> SC &#8211; koncentrovana suspenzija<\/p>\n<p><strong>Pakovanje:<\/strong> 250 ml, 1 l<\/p>\n<p><strong>Proizvo\u0111a\u010d:<\/strong> Agromarket<\/p>","protected":false},"featured_media":4349,"template":"","meta":[],"product_brand":[],"product_cat":[248,219,226,220],"product_tag":[],"class_list":{"0":"post-4295","1":"product","2":"type-product","3":"status-publish","4":"has-post-thumbnail","6":"product_cat-bakterioze","7":"product_cat-fungicidi","8":"product_cat-fungicidi-protiv-plamenjace","9":"product_cat-fungicidi-u-povrtarstvu","11":"first","12":"instock","13":"shipping-taxable","14":"product-type-simple"},"_links":{"self":[{"href":"https:\/\/agrarpetrovic.rs\/en\/wp-json\/wp\/v2\/product\/4295","targetHints":{"allow":["GET"]}}],"collection":[{"href":"https:\/\/agrarpetrovic.rs\/en\/wp-json\/wp\/v2\/product"}],"about":[{"href":"https:\/\/agrarpetrovic.rs\/en\/wp-json\/wp\/v2\/types\/product"}],"wp:featuredmedia":[{"embeddable":true,"href":"https:\/\/agrarpetrovic.rs\/en\/wp-json\/wp\/v2\/media\/4349"}],"wp:attachment":[{"href":"https:\/\/agrarpetrovic.rs\/en\/wp-json\/wp\/v2\/media?parent=4295"}],"wp:term":[{"taxonomy":"product_brand","embeddable":true,"href":"https:\/\/agrarpetrovic.rs\/en\/wp-json\/wp\/v2\/product_brand?post=4295"},{"taxonomy":"product_cat","embeddable":true,"href":"https:\/\/agrarpetrovic.rs\/en\/wp-json\/wp\/v2\/product_cat?post=4295"},{"taxonomy":"product_tag","embeddable":true,"href":"https:\/\/agrarpetrovic.rs\/en\/wp-json\/wp\/v2\/product_tag?post=4295"}],"curies":[{"name":"wp","href":"https:\/\/api.w.org\/{rel}","templated":true}]}}