{"id":4296,"date":"2023-07-13T16:09:29","date_gmt":"2023-07-13T14:09:29","guid":{"rendered":"https:\/\/agrarpetrovic.rs\/?post_type=product&#038;p=4296"},"modified":"2025-10-23T11:54:37","modified_gmt":"2025-10-23T09:54:37","slug":"funguran-oh-fungicid","status":"publish","type":"product","link":"https:\/\/agrarpetrovic.rs\/en\/proizvod\/funguran-oh-fungicid\/","title":{"rendered":"Funguran OH &#8211; Fungicid"},"content":{"rendered":"<div class=\"product-details\">\n<p class=\"detail\"><strong>Klasa:<\/strong>Fungicidi<\/p>\n<p class=\"detail\"><strong>Aktivna materija:<\/strong>500 g\/kg bakar hidroksida<\/p>\n<p class=\"detail\"><strong>Formulacija:<\/strong>WP-kva\u0161ljivi pra\u0161ak<\/p>\n<p class=\"detail\"><strong>Pakovanje:<\/strong>25 g, 250 g, 1 kg<\/p>\n<p class=\"detail\"><strong>Proizvo\u0111a\u010d:<\/strong>Spiess Urania<\/p>\n<p class=\"detail\"><strong>Karenca:<\/strong>28 dana &#8211; vinova loza; 7 dana &#8211; krompir<\/p>\n<p class=\"detail\"><strong>MBT:<\/strong>2<\/p>\n<p class=\"detail\"><strong>MDK(mg\/kg):<\/strong>40,0 ra\u010dunato kao bakar-vinova loza; 5,0 &#8211; krompir<\/p>\n<\/div>\n<div class=\"product-harvest\">\n<p class=\"detail\">Primena:<\/p>\n<table>\n<thead>\n<tr class=\"bg-5\">\n<th>USEV \/ ZASAD<\/th>\n<th>KOLI\u010cINA PRIMENE<\/th>\n<th>VREME PRIMENE<\/th>\n<\/tr>\n<\/thead>\n<tbody>\n<tr class=\"bg-sec-5\">\n<td class=\"bg-5\"><a href=\"https:\/\/www.agromarket.rs\/srb\/zastita-bilja\/programi-zastite\/1009\/Krompir\">Krompir<\/a><\/td>\n<td>1,5 \u2013 1,75 kg\/ha<\/td>\n<td>Tretiranje u fazi intenzivnog rasta (faze 19\/21\u2013 65 BBCH skale)<\/td>\n<\/tr>\n<tr class=\"bg-sec-5\">\n<td class=\"bg-5\"><a href=\"https:\/\/www.agromarket.rs\/srb\/zastita-bilja\/programi-zastite\/1024\/Visnja-Tresnja\">Vi\u0161nja, Tre\u0161nja<\/a><\/td>\n<td>0,1 \u2013 0,4 % (10 \u2013 40 g u 10 l vode)<\/td>\n<td>Tretiranje u fazi intenzivnog rasta (faze 13\/53 BBCH skale)<\/td>\n<\/tr>\n<\/tbody>\n<\/table>\n<\/div>\n<div class=\"product-info\">\n<p><strong>DELOVANJE:<\/strong><\/p>\n<p>Funguran OH inhibira deobu \u0107elija i spre\u010dava klijanje spora patogena. Gljive ne stvaraju rezistentnost na ovu aktivnu materiju zbog vi\u0161estukog mehanizma delovanja.<\/p>\n<p><strong>SPEKTAR DELOVANJA:<\/strong><\/p>\n<p>Namenjen suzbijanju prouzrokova\u010da plamenja\u010de vinove loze <em>(Plasmopara\u00a0viticola)<\/em> i prouzrokova\u010da plamenja\u010de krompira <em>(Phytophthora infestans)<\/em>.<\/p>\n<p><strong><span class=\"podnaslovPoglavljaZS\">PREPORUKE I NAPOMENE::<\/span><\/strong><\/p>\n<p>Mo\u017ee se me\u0161ati sa preparatima na bazi ulja za zimska tretiranja, kao i sumpornim preparatima tokom vegetacije. Ne me\u0161a se sa preparatima kisele reakcije (<em>dimetoat, dihlorvos, heptenofos<\/em>). Izuzetno je otporan na spiranje. Sadr\u017ei jon bakra, koji kao neophodan mikroelement, doprinosi boljem iskori\u0161\u0107enju azota i fosfora i direktno uti\u010de na pove\u0107anje prinosa. Uti\u010de na racionalnu potro\u0161nju vode u \u0107eliji i ja\u010danje \u0107elijskog tkiva, \u0161to pove\u0107ava otpornost biljke na pozne prole\u0107ne mrazeve. Nema korozivno delovanje na ure\u0111aje za tretiranje.<\/p>\n<p>Zimski tretman jabu\u010dastog vo\u0107a bakarnim preparatima smanjuje\u00a0potencijal bakterijske plamenja\u010de<em> (Erwinia amylovora)<\/em>.\u00a0\u0160irok spektar delovanja na gljive i bakterije kod biljaka. Kvalitetna\u00a0formulacija preparata, sadr\u017eaj adheziva (lepka) ga \u010dini postojanim na\u00a0biljci i vrlo te\u0161ko se spira ki\u0161om.<\/p>\n<\/div>","protected":false},"excerpt":{"rendered":"<p><strong>Klasa:<\/strong> Fungicidi<\/p>\n<p><strong>Aktivna materija:<\/strong> 500 g\/kg bakar hidroksida<\/p>\n<p><strong>Formulacija:<\/strong> WP-kva\u0161ljivi pra\u0161ak<\/p>\n<p><strong>Pakovanje:<\/strong> 25 g, 250 g, 1 kg<\/p>\n<p><strong>Proizvo\u0111a\u010d:<\/strong> Spiess Urania<\/p>","protected":false},"featured_media":4350,"template":"","meta":[],"product_brand":[],"product_cat":[248,219,233,227,226,230,220,221,222],"product_tag":[559],"class_list":{"0":"post-4296","1":"product","2":"type-product","3":"status-publish","4":"has-post-thumbnail","6":"product_cat-bakterioze","7":"product_cat-fungicidi","8":"product_cat-fungicidi-protiv-kovrdzavosti-lista","9":"product_cat-fungicidi-protiv-plamenjace-u-vinovoj-lozi","10":"product_cat-fungicidi-protiv-plamenjace","11":"product_cat-fungicidi-u-kosticavom-vocu","12":"product_cat-fungicidi-u-povrtarstvu","13":"product_cat-fungicidi-u-vinovoj-lozi","14":"product_cat-fungicidi-u-vocarstvu","15":"product_tag-bakar-hidroksid","17":"first","18":"outofstock","19":"shipping-taxable","20":"purchasable","21":"product-type-simple"},"_links":{"self":[{"href":"https:\/\/agrarpetrovic.rs\/en\/wp-json\/wp\/v2\/product\/4296","targetHints":{"allow":["GET"]}}],"collection":[{"href":"https:\/\/agrarpetrovic.rs\/en\/wp-json\/wp\/v2\/product"}],"about":[{"href":"https:\/\/agrarpetrovic.rs\/en\/wp-json\/wp\/v2\/types\/product"}],"wp:featuredmedia":[{"embeddable":true,"href":"https:\/\/agrarpetrovic.rs\/en\/wp-json\/wp\/v2\/media\/4350"}],"wp:attachment":[{"href":"https:\/\/agrarpetrovic.rs\/en\/wp-json\/wp\/v2\/media?parent=4296"}],"wp:term":[{"taxonomy":"product_brand","embeddable":true,"href":"https:\/\/agrarpetrovic.rs\/en\/wp-json\/wp\/v2\/product_brand?post=4296"},{"taxonomy":"product_cat","embeddable":true,"href":"https:\/\/agrarpetrovic.rs\/en\/wp-json\/wp\/v2\/product_cat?post=4296"},{"taxonomy":"product_tag","embeddable":true,"href":"https:\/\/agrarpetrovic.rs\/en\/wp-json\/wp\/v2\/product_tag?post=4296"}],"curies":[{"name":"wp","href":"https:\/\/api.w.org\/{rel}","templated":true}]}}