{"id":4311,"date":"2023-07-13T16:09:53","date_gmt":"2023-07-13T14:09:53","guid":{"rendered":"https:\/\/agrarpetrovic.rs\/?post_type=product&#038;p=4311"},"modified":"2025-10-23T11:54:37","modified_gmt":"2025-10-23T09:54:37","slug":"indar-5-ew-fungicid","status":"publish","type":"product","link":"https:\/\/agrarpetrovic.rs\/en\/proizvod\/indar-5-ew-fungicid\/","title":{"rendered":"Indar 5 EW &#8211; Fungicid"},"content":{"rendered":"<div class=\"product-details\">\n<p class=\"detail\"><strong>Klasa:<\/strong>Fungicidi<\/p>\n<p class=\"detail\"><strong>Aktivna materija:<\/strong>Fenbukonazol 50g\/l<\/p>\n<p class=\"detail\"><strong>Formulacija:<\/strong>EW- emulzija ulja u vodi<\/p>\n<p class=\"detail\"><strong>Pakovanje:<\/strong>100 ml, 1 l<\/p>\n<p class=\"detail\"><strong>Proizvo\u0111a\u010d:<\/strong>Dow AgroSciences<\/p>\n<p class=\"detail\"><strong>Karenca:<\/strong>28 dana za jabuku<\/p>\n<p class=\"detail\"><strong>MBT:<\/strong>4<\/p>\n<p class=\"detail\"><strong>MDK(mg\/kg):<\/strong>0,4 &#8211; jabuka<\/p>\n<\/div>\n<div class=\"product-harvest\">\n<p class=\"detail\">Primena:<\/p>\n<table>\n<thead>\n<tr class=\"bg-5\">\n<th>USEV \/ ZASAD<\/th>\n<th>KOLI\u010cINA PRIMENE<\/th>\n<th>VREME PRIMENE<\/th>\n<\/tr>\n<\/thead>\n<tbody>\n<tr class=\"bg-sec-5\">\n<td class=\"bg-5\"><a href=\"https:\/\/www.agromarket.rs\/srb\/zastita-bilja\/programi-zastite\/1018\/Jabuka\">Jabuka<\/a><\/td>\n<td>0,9 l\/ha<\/td>\n<td>Neposredno pre ili posle nastanka infekcije u periodu primarnih zaraza<\/td>\n<\/tr>\n<tr class=\"bg-sec-5\">\n<td class=\"bg-5\"><a href=\"https:\/\/www.agromarket.rs\/srb\/zastita-bilja\/programi-zastite\/1021\/Sljiva\">\u0160ljiva<\/a><\/td>\n<td>1,0 &#8211; 1,5<\/td>\n<td>Preventivno, pre ostvarenja uslova za zarazu<\/td>\n<\/tr>\n<\/tbody>\n<\/table>\n<\/div>\n<div class=\"product-info\">\n<p><strong>DELOVANJE:<\/strong><\/p>\n<p>Indar 5 EW je sistemi\u010dni fungicid iz grupe triazola, inhibira sintezu ergosterola i spre\u010dava razvoj gljive. Ne dozvoljava klijanje spora i zaustavlja porast micelije. Brzo prodire u biljno tkivo i nema opasnosti od spiranja ki\u0161om.<\/p>\n<p><strong>SPEKTAR DELOVANJA:<\/strong><\/p>\n<p>Koristi se za suzbijanje prouzrokova\u010da \u010da\u0111ave pegavosti lista i krastavosti plodova jabuke (<em>Venturia ineqalis<\/em>) i su\u0161enja cvetova i gran\u010dica\u00a0i mrka trule\u017e plodova <em>(Monilinia spp.)<\/em> na \u0161ljivi.<\/p>\n<p><strong><span class=\"podnaslovPoglavljaZS\">PREPORUKE I NAPOMENE:<\/span><\/strong><\/p>\n<p class=\"text-justify\">Pravu efikasnost ispoljava pri vi\u0161im temperaturama iznad 120C. Kombinuje se sa preventivnim preparatima zbog du\u017eine delovanja. Deluje kurativno, zaustavlja porast micelije 72 sata nakon infekcije. Preparat koristiti kada je jabuka najosetljivija na bolest i kada su u\u010destali uslovi za infekciju, u razmacima 6-8 dana. Koli\u010dina vode od 1000 l pa navi\u0161e. Fleksibilan je u me\u0161anju. Izuzetno dobro kretanje kroz biljku i brzo delovanje kod najagresivnijih\u00a0bolesti kao \u0161to su <em>Monilinia spp. i Venturia inaequalis.<\/em><\/p>\n<\/div>","protected":false},"excerpt":{"rendered":"<p><strong>Klasa:<\/strong> Fungicidi<\/p>\n<p><strong>Aktivna materija:<\/strong> Fenbukonazol 50g\/l<\/p>\n<p><strong>Formulacija:<\/strong> EW- emulzija ulja u vodi<\/p>\n<p><strong>Pakovanje:<\/strong> 100 ml, 1 l<\/p>\n<p><strong>Proizvo\u0111a\u010d:<\/strong> Dow AgroSciences<\/p>","protected":false},"featured_media":4362,"template":"","meta":[],"product_brand":[],"product_cat":[219,224,231,223,230,222],"product_tag":[594],"class_list":{"0":"post-4311","1":"product","2":"type-product","3":"status-publish","4":"has-post-thumbnail","6":"product_cat-fungicidi","7":"product_cat-fungicidi-protiv-cadjave-pegavosti-lista-i-krastavosti-plodova","8":"product_cat-fungicidi-protiv-monilia-spp","9":"product_cat-fungicidi-u-jabucastom-vocu","10":"product_cat-fungicidi-u-kosticavom-vocu","11":"product_cat-fungicidi-u-vocarstvu","12":"product_tag-fenbukonazol-50-g-l","14":"first","15":"outofstock","16":"shipping-taxable","17":"product-type-simple"},"_links":{"self":[{"href":"https:\/\/agrarpetrovic.rs\/en\/wp-json\/wp\/v2\/product\/4311","targetHints":{"allow":["GET"]}}],"collection":[{"href":"https:\/\/agrarpetrovic.rs\/en\/wp-json\/wp\/v2\/product"}],"about":[{"href":"https:\/\/agrarpetrovic.rs\/en\/wp-json\/wp\/v2\/types\/product"}],"wp:featuredmedia":[{"embeddable":true,"href":"https:\/\/agrarpetrovic.rs\/en\/wp-json\/wp\/v2\/media\/4362"}],"wp:attachment":[{"href":"https:\/\/agrarpetrovic.rs\/en\/wp-json\/wp\/v2\/media?parent=4311"}],"wp:term":[{"taxonomy":"product_brand","embeddable":true,"href":"https:\/\/agrarpetrovic.rs\/en\/wp-json\/wp\/v2\/product_brand?post=4311"},{"taxonomy":"product_cat","embeddable":true,"href":"https:\/\/agrarpetrovic.rs\/en\/wp-json\/wp\/v2\/product_cat?post=4311"},{"taxonomy":"product_tag","embeddable":true,"href":"https:\/\/agrarpetrovic.rs\/en\/wp-json\/wp\/v2\/product_tag?post=4311"}],"curies":[{"name":"wp","href":"https:\/\/api.w.org\/{rel}","templated":true}]}}