{"id":4312,"date":"2023-07-13T16:09:53","date_gmt":"2023-07-13T14:09:53","guid":{"rendered":"https:\/\/agrarpetrovic.rs\/?post_type=product&#038;p=4312"},"modified":"2025-10-23T11:54:37","modified_gmt":"2025-10-23T09:54:37","slug":"karathane-gold-350-ec-fungicid","status":"publish","type":"product","link":"https:\/\/agrarpetrovic.rs\/en\/proizvod\/karathane-gold-350-ec-fungicid\/","title":{"rendered":"Karathane Gold 350 EC &#8211; Fungicid"},"content":{"rendered":"<div class=\"span9\">\n<div class=\"product-details\">\n<p class=\"detail\"><strong>Klasa:<\/strong>Fungicidi<\/p>\n<p class=\"detail\"><strong>Aktivna materija:<\/strong>Meptildinokap 350 g\/l<\/p>\n<p class=\"detail\"><strong>Formulacija:<\/strong>EC \u2013 Koncentrat za emulziju<\/p>\n<p class=\"detail\"><strong>Pakovanje:<\/strong>50 ml, 1 l<\/p>\n<p class=\"detail\"><strong>Proizvo\u0111a\u010d:<\/strong>Dow AgroSciences<\/p>\n<p class=\"detail\"><strong>Karenca:<\/strong>21 dan<\/p>\n<p class=\"detail\"><strong>MBT:<\/strong>3<\/p>\n<\/div>\n<div class=\"product-harvest\">\n<p class=\"detail\">Primena:<\/p>\n<table>\n<thead>\n<tr class=\"bg-5\">\n<th>USEV \/ ZASAD<\/th>\n<th>KOLI\u010cINA PRIMENE<\/th>\n<th>VREME PRIMENE<\/th>\n<\/tr>\n<\/thead>\n<tbody>\n<tr class=\"bg-sec-5\">\n<td class=\"bg-5\"><a href=\"https:\/\/www.agromarket.rs\/srb\/zastita-bilja\/programi-zastite\/1029\/Borovnica-i-aronija\">Vinova loza<\/a><\/td>\n<td>0,4-0,5 (4 \u2013 5 ml na 100 m2)<\/td>\n<td>U zasadu vinove loze primenjuje tokom cele vegetacije, preventivno ili po pojavi prvih simptoma<\/td>\n<\/tr>\n<tr class=\"bg-sec-5\">\n<td class=\"bg-5\"><a href=\"https:\/\/www.agromarket.rs\/srb\/zastita-bilja\/programi-zastite\/1029\/Borovnica-i-aronija\">Jabuka<\/a><\/td>\n<td>0,4-0,5 (4 \u2013 5 ml na 100 m2)<\/td>\n<td>Primenjuje se preventivno, na po\u010detku vegetacije, pre sticanja uslova za sekundarno zara\u017eavanje i \u0161irenje oboljenja<\/td>\n<\/tr>\n<\/tbody>\n<\/table>\n<\/div>\n<div class=\"product-info\">\n<p>DELOVANJE:<\/p>\n<p><em> Meptildinokap<\/em> je pre\u010di\u0161\u0107eni molekul Dinokapa, starog, pouzdanog fungicida iz<br \/>\ngrupe <em>Dinitrofenola<\/em> sa vi\u0161estrukim i razli\u010ditim delovanjem na \u0107elijskom nivou. Deluje na sve\u00a0razvojne stadijume patogena tako \u0161to inhibira \u0107elijsko disanje, odnosno menja protonski gradijent\u00a0mitohondrija i razara \u0107elijski metabolizam. Zahvaljuju\u0107i specifi\u010dnim karakteristikama i posle 40\u00a0godina primene na svetskom nivou, nije uo\u010dena pojava rezistentnosti patogena na ovaj fungicid.<\/p>\n<p>SPEKTAR DELOVANJA<br \/>\nnamenjen je suzbijanju prouzrokova\u010da pepelnice jabuke (<em>Podoshaera\u00a0<\/em><em>leucotricha<\/em>) i pepelnice vinove loze (<em>Uncinula necator<\/em>).<\/p>\n<p>PREPORUKE I NAPOMENE:preparat Karathane Gold 350 EC se mo\u017ee efikasno primenjivati na temperaturama od 5 \u2013 30\u00b0C \u0161to ga \u010dini mnogo povoljnijim u odnosu nadruge fungicide (sumporni preparati) \u010dija efikasnost drasti\u010dno pada pri primeni ispod 14\u00b0C. Otporan je na spiranje ki\u0161om te se sna\u017eno vezuje za povr\u0161inu lista tako da ni padavine do 50 mm samo jedan sat nakon tretiranja ne mogu da uklone depozit preparata sa tretirane povr\u0161ine.Ispoljava eradikativno delovanje na kleistotecije pepelnice. Preparat ima sporedno delovanje na grinje. Mo\u017ee biti fitotoksi\u010dan za jabuku sorte Crveni deli\u0161es, ako se primenjuje uvreme cvetanja na temperaturama preko 25\u00b0C. Ne remeti fermentaciju i organolepti\u010dka svojstva vina. Niska akutna i hroni\u010dna otrovnost za sisare. Brza razgradnja u \u017eivotnoj sredini. Povoljan za korisne organizme. Nije fitotoksi\u010dan za najva\u017enije sorte vinove loze. Idealan partner u sistemu integralne za\u0161tite. Ne sme se me\u0161ati sa uljnim formulacijama i preparatima na bazi bakra. Primena uz utro\u0161ak vode od 1000 l\/ha. Deluje nadra\u017euju\u0107e na ko\u017eu i o\u010di, te je neophodno nositi za\u0161titnu opremu pri primeni preparata.<\/p>\n<\/div>\n<\/div>","protected":false},"excerpt":{"rendered":"<p><strong>Klasa:<\/strong> Fungicidi<\/p>\n<p><strong>Aktivna materija:<\/strong> Meptildinokap 350 g\/l<\/p>\n<p><strong>Formulacija:<\/strong> EC \u2013 Koncentrat za emulziju<\/p>\n<p><strong>Pakovanje:<\/strong> 50 ml, 1 l<\/p>\n<p><strong>Proizvo\u0111a\u010d:<\/strong> Dow AgroSciences<\/p>","protected":false},"featured_media":4363,"template":"","meta":[],"product_brand":[],"product_cat":[219,235,254,223,221,222],"product_tag":[657],"class_list":{"0":"post-4312","1":"product","2":"type-product","3":"status-publish","4":"has-post-thumbnail","6":"product_cat-fungicidi","7":"product_cat-fungicidi-protiv-pepelnice-u-vinovoj-lozi","8":"product_cat-fungicidi-protiv-pepelnice-u-jabucastom-vocu","9":"product_cat-fungicidi-u-jabucastom-vocu","10":"product_cat-fungicidi-u-vinovoj-lozi","11":"product_cat-fungicidi-u-vocarstvu","12":"product_tag-meptildinokap-350-g-l","14":"first","15":"outofstock","16":"shipping-taxable","17":"purchasable","18":"product-type-simple"},"_links":{"self":[{"href":"https:\/\/agrarpetrovic.rs\/en\/wp-json\/wp\/v2\/product\/4312","targetHints":{"allow":["GET"]}}],"collection":[{"href":"https:\/\/agrarpetrovic.rs\/en\/wp-json\/wp\/v2\/product"}],"about":[{"href":"https:\/\/agrarpetrovic.rs\/en\/wp-json\/wp\/v2\/types\/product"}],"wp:featuredmedia":[{"embeddable":true,"href":"https:\/\/agrarpetrovic.rs\/en\/wp-json\/wp\/v2\/media\/4363"}],"wp:attachment":[{"href":"https:\/\/agrarpetrovic.rs\/en\/wp-json\/wp\/v2\/media?parent=4312"}],"wp:term":[{"taxonomy":"product_brand","embeddable":true,"href":"https:\/\/agrarpetrovic.rs\/en\/wp-json\/wp\/v2\/product_brand?post=4312"},{"taxonomy":"product_cat","embeddable":true,"href":"https:\/\/agrarpetrovic.rs\/en\/wp-json\/wp\/v2\/product_cat?post=4312"},{"taxonomy":"product_tag","embeddable":true,"href":"https:\/\/agrarpetrovic.rs\/en\/wp-json\/wp\/v2\/product_tag?post=4312"}],"curies":[{"name":"wp","href":"https:\/\/api.w.org\/{rel}","templated":true}]}}