{"id":4313,"date":"2023-07-13T16:09:53","date_gmt":"2023-07-13T14:09:53","guid":{"rendered":"https:\/\/agrarpetrovic.rs\/?post_type=product&#038;p=4313"},"modified":"2025-10-23T11:54:41","modified_gmt":"2025-10-23T09:54:41","slug":"luna-experience-fungicid","status":"publish","type":"product","link":"https:\/\/agrarpetrovic.rs\/en\/proizvod\/luna-experience-fungicid\/","title":{"rendered":"Luna Experience &#8211; Fungicid"},"content":{"rendered":"<div class=\"product-details\">\n<p class=\"detail\"><strong>Klasa:<\/strong>Fungicid<\/p>\n<p class=\"detail\"><strong>Aktivna materija:<\/strong>Fluopiram 200 g\/l + Tebukonazol 200 g\/l<\/p>\n<p class=\"detail\"><strong>Formulacija:<\/strong>SC \u2013 koncentrovana suspenzija<\/p>\n<p class=\"detail\"><strong>Pakovanje:<\/strong>100 ml, 1 l<\/p>\n<p class=\"detail\"><strong>Proizvo\u0111a\u010d:<\/strong> Bayer CropScience<\/p>\n<p class=\"detail\"><strong>Karenca:<\/strong>14 dana jabuka, vinova loza; 7 dana vi\u0161nja<\/p>\n<p class=\"detail\"><strong>MBT:<\/strong>3<\/p>\n<\/div>\n<div class=\"product-harvest\">\n<p class=\"detail\">Primena:<\/p>\n<table>\n<thead>\n<tr class=\"bg-5\">\n<th>USEV \/ ZASAD<\/th>\n<th>KOLI\u010cINA PRIMENE<\/th>\n<th>VREME PRIMENE<\/th>\n<\/tr>\n<\/thead>\n<tbody>\n<tr class=\"bg-sec-5\">\n<td class=\"bg-5\"><a href=\"https:\/\/www.agromarket.rs\/srb\/zastita-bilja\/programi-zastite\/1018\/Jabuka\">Jabuka<\/a><\/td>\n<td>0,075 % (7,5 ml u 10 l vode)<\/td>\n<td>Tretman protiv pepelnice &#8211; od po\u010detka cvetanja pa sve do sazrevanja plodova (BBCH 53 &#8211; 89). Tretman protiv venturije \u2013 od po\u010detka cvetanja pa sve do sazrevanja plodova (BBCH 10 &#8211; 77)<\/td>\n<\/tr>\n<tr class=\"bg-sec-5\">\n<td class=\"bg-5\"><a href=\"https:\/\/www.agromarket.rs\/srb\/zastita-bilja\/programi-zastite\/1020\/Vinova-loza\">Vinova loza<\/a><\/td>\n<td>0,035 &#8211; 0,04 % (3,5 \u2013 4 ml na 10 l vode)<\/td>\n<td>Od rasta listova do sazrevanja bobica (BBCH 15 \u2013 85)<\/td>\n<\/tr>\n<tr class=\"bg-sec-5\">\n<td class=\"bg-5\"><a href=\"https:\/\/www.agromarket.rs\/srb\/zastita-bilja\/programi-zastite\/1024\/Visnja-Tresnja\">Vi\u0161nja, Tre\u0161nja<\/a><\/td>\n<td>0,05 \u2013 0,06 (5 \u2013 6 ml u 10 l vode)<\/td>\n<td>Od cvetnih balona do precvetavanja (BBCH 59- 67)<\/td>\n<\/tr>\n<\/tbody>\n<\/table>\n<\/div>\n<div class=\"product-info\">\n<p><strong>SPEKTAR DELOVANJA<\/strong><br \/>\nnamenjen je suzbijanju prouzrokova\u010da pepelnice<em> (Podosphaera leucotricha)<\/em><br \/>\n\u010da\u0111ave pegavosti lista i krastavosti plodova jabuke <em>(Venturia inaequalis)<\/em>,<br \/>\npepelnice vinove loze i <em>(Uncinula necator)<\/em> i prouzrokova\u010da su\u0161enja cvetova<br \/>\ni gran\u010dica u zasadima vi\u0161nje <em>(Monilia laxa)<\/em>.<br \/>\n<strong>PREPORUKE I NAPOMENE:<\/strong><br \/>\npreparat Luna Experience je efikasna u suzbijanju venturije i lista i ploda.<br \/>\nKada je pritisak bolesti izuzetno jak, preporu\u010deno je kombinovanje sa<br \/>\nkontaktnim fungicidima<em> (kaptan, mankozeb\u2026)<\/em>. Uvek te\u017eiti preventivnoj<br \/>\nza\u0161titi u skladu sa prognozom pojave bolesti. Preporu\u010dena koli\u010dina vode<br \/>\nza tretiranje iznosi 1000 l\/ha (10 l\/m2) za vi\u0161nju i jabuku, a 600 do 1000<br \/>\nl\/ha (6 do 10 l\/m2) za vinovu lozu.<\/p>\n<\/div>","protected":false},"excerpt":{"rendered":"<div class=\"span8 product-details\">\n<p><strong>Klasa:<\/strong> Fungicid<\/p>\n<p><strong>Aktivna materija:<\/strong> Fluopiram 200 g\/l + Tebukonazol 200 g\/l<\/p>\n<p><strong>Formulacija:<\/strong> SC \u2013 koncentrovana suspenzija<\/p>\n<p><strong>Pakovanje:<\/strong> 100 ml, 1 l<\/p>\n<p><strong>Proizvo\u0111a\u010d:<\/strong> Bayer CropScience<\/p>\n<\/div>","protected":false},"featured_media":4364,"template":"","meta":[],"product_brand":[],"product_cat":[219,224,231,235,254,223,230,221,222],"product_tag":[610],"class_list":{"0":"post-4313","1":"product","2":"type-product","3":"status-publish","4":"has-post-thumbnail","6":"product_cat-fungicidi","7":"product_cat-fungicidi-protiv-cadjave-pegavosti-lista-i-krastavosti-plodova","8":"product_cat-fungicidi-protiv-monilia-spp","9":"product_cat-fungicidi-protiv-pepelnice-u-vinovoj-lozi","10":"product_cat-fungicidi-protiv-pepelnice-u-jabucastom-vocu","11":"product_cat-fungicidi-u-jabucastom-vocu","12":"product_cat-fungicidi-u-kosticavom-vocu","13":"product_cat-fungicidi-u-vinovoj-lozi","14":"product_cat-fungicidi-u-vocarstvu","15":"product_tag-fluopiram-200-g-l-tebukonazol-200-g-l","17":"first","18":"outofstock","19":"shipping-taxable","20":"purchasable","21":"product-type-simple"},"_links":{"self":[{"href":"https:\/\/agrarpetrovic.rs\/en\/wp-json\/wp\/v2\/product\/4313","targetHints":{"allow":["GET"]}}],"collection":[{"href":"https:\/\/agrarpetrovic.rs\/en\/wp-json\/wp\/v2\/product"}],"about":[{"href":"https:\/\/agrarpetrovic.rs\/en\/wp-json\/wp\/v2\/types\/product"}],"wp:featuredmedia":[{"embeddable":true,"href":"https:\/\/agrarpetrovic.rs\/en\/wp-json\/wp\/v2\/media\/4364"}],"wp:attachment":[{"href":"https:\/\/agrarpetrovic.rs\/en\/wp-json\/wp\/v2\/media?parent=4313"}],"wp:term":[{"taxonomy":"product_brand","embeddable":true,"href":"https:\/\/agrarpetrovic.rs\/en\/wp-json\/wp\/v2\/product_brand?post=4313"},{"taxonomy":"product_cat","embeddable":true,"href":"https:\/\/agrarpetrovic.rs\/en\/wp-json\/wp\/v2\/product_cat?post=4313"},{"taxonomy":"product_tag","embeddable":true,"href":"https:\/\/agrarpetrovic.rs\/en\/wp-json\/wp\/v2\/product_tag?post=4313"}],"curies":[{"name":"wp","href":"https:\/\/api.w.org\/{rel}","templated":true}]}}