{"id":4315,"date":"2023-07-13T16:09:54","date_gmt":"2023-07-13T14:09:54","guid":{"rendered":"https:\/\/agrarpetrovic.rs\/?post_type=product&#038;p=4315"},"modified":"2025-10-23T11:54:41","modified_gmt":"2025-10-23T09:54:41","slug":"mili-fungicid","status":"publish","type":"product","link":"https:\/\/agrarpetrovic.rs\/en\/proizvod\/mili-fungicid\/","title":{"rendered":"Mili &#8211; Fungicid"},"content":{"rendered":"<div class=\"product-details\">\n<p class=\"detail\"><strong>Klasa:<\/strong>Fungicid<\/p>\n<p class=\"detail\"><strong>Aktivna materija:<\/strong>Fludioksonil 200 g\/kg<\/p>\n<p class=\"detail\"><strong>Formulacija:<\/strong>SC \u2013 koncentrovana suspenzija<\/p>\n<p class=\"detail\"><strong>Pakovanje:<\/strong>1 l<\/p>\n<p class=\"detail\"><strong>Proizvo\u0111a\u010d:<\/strong>Agromarket<\/p>\n<p class=\"detail\"><strong>Karenca:<\/strong>7 dana \u2013 malina; 14 i 7 dana jabuka<\/p>\n<p class=\"detail\"><strong>MDK(mg\/kg):<\/strong>Malina: SRB: 5\/ EU: 5\/ SAD: 5\/ RUS: 5 Jabuka: SRB: 5\/ EU: 5\/ SAD: 5\/ RUS: 5<\/p>\n<\/div>\n<div class=\"product-harvest\">\n<p class=\"detail\">Primena:<\/p>\n<table>\n<thead>\n<tr class=\"bg-5\">\n<th>USEV \/ ZASAD<\/th>\n<th>KOLI\u010cINA PRIMENE<\/th>\n<th>VREME PRIMENE<\/th>\n<\/tr>\n<\/thead>\n<tbody>\n<tr class=\"bg-sec-5\">\n<td class=\"bg-5\"><a href=\"https:\/\/www.agromarket.rs\/srb\/zastita-bilja\/programi-zastite\/1025\/Malina\">Malina<\/a><\/td>\n<td>1,5 \u2013 2,0 (4 \u2013 4,5 g na 10 m\u00b2)<\/td>\n<td>Tretman od faze cvetanja do faze formiranja plodova (fenofaza BBCH skale 61-85)<\/td>\n<\/tr>\n<tr class=\"bg-sec-5\">\n<td class=\"bg-5\"><a href=\"https:\/\/www.agromarket.rs\/srb\/zastita-bilja\/programi-zastite\/1018\/Jabuka\">Jabuka<\/a><\/td>\n<td>1,0<\/td>\n<td>Preparat se primenjuje 14 i 7 dana pre berbe (faza 87 BBCH-skale)<\/td>\n<\/tr>\n<\/tbody>\n<\/table>\n<\/div>\n<div class=\"product-info\">\n<p><strong>DELOVANJE:<\/strong><\/p>\n<p>Aktivna materija pripada grupi Fenilpirola, inhibira histidine-kinaze u prenosu osmotskog signala, odnosno inhibira transport zna\u010dajan za fosforilaciju glukoze. Smanjuje rast micelije.<\/p>\n<p><strong>SPEKTAR DELOVANJA:<\/strong><\/p>\n<p>Namenjen je suzbijanju prouzrokova\u010da trule\u017ei (Botrytis cinerea) u zasadu maline i prouzrokova\u010da bolesti plodova jabuke tokom skladi\u0161tenja (Colletotrichum gleosporoides, Penicillium spp., Alternaria spp. Rhizopus spp. Monilinia spp., Botrytis spp.).<\/p>\n<p><strong>PREPORUKE I NAPOMENE:<\/strong><\/p>\n<p>Preparat se primenjuje svi prskalicama, le\u0111nim i traktorskim sa zemlje. Tretman iz vazduhoplova nije dozvoljen. Preparat se ne sme me\u0161ati sa insekticidima izrazito kisele reakcije, kao ni sa fungicidima na bazi sumpora. Pre me\u0161anja sa dugim preparatima proveriti kompatibilnost proizvoda. Preparat se primenjuje uz utro\u0161ak vode od 400 do 600 l\/ha (4 do 6 l\/m\u00b2) u zasadu maline i 1000 l\/ha (10 l na100 m\u00b2) u zasadu jabuke.<\/p>\n<\/div>","protected":false},"excerpt":{"rendered":"<p><strong>Klasa:<\/strong> Fungicid<\/p>\n<p><strong>Aktivna materija:<\/strong> Fludioksonil 200 g\/kg<\/p>\n<p><strong>Formulacija:<\/strong> SC \u2013 koncentrovana suspenzija<\/p>\n<p><strong>Pakovanje:<\/strong> 1 l<\/p>\n<p><strong>Proizvo\u0111a\u010d:<\/strong> Agromarket<\/p>","protected":false},"featured_media":4366,"template":"","meta":[],"product_brand":[],"product_cat":[219,229,257,223,228,222],"product_tag":[607],"class_list":{"0":"post-4315","1":"product","2":"type-product","3":"status-publish","4":"has-post-thumbnail","6":"product_cat-fungicidi","7":"product_cat-fungicidi-protiv-sive-trulezi-u-jagodicastom-vocu","8":"product_cat-fungicidi-protiv-trulezi-plodova-u-skladistu","9":"product_cat-fungicidi-u-jabucastom-vocu","10":"product_cat-fungicidi-u-jagodicastom-vocu","11":"product_cat-fungicidi-u-vocarstvu","12":"product_tag-fludioksonil-200-g-l","14":"first","15":"outofstock","16":"shipping-taxable","17":"product-type-simple"},"_links":{"self":[{"href":"https:\/\/agrarpetrovic.rs\/en\/wp-json\/wp\/v2\/product\/4315","targetHints":{"allow":["GET"]}}],"collection":[{"href":"https:\/\/agrarpetrovic.rs\/en\/wp-json\/wp\/v2\/product"}],"about":[{"href":"https:\/\/agrarpetrovic.rs\/en\/wp-json\/wp\/v2\/types\/product"}],"wp:featuredmedia":[{"embeddable":true,"href":"https:\/\/agrarpetrovic.rs\/en\/wp-json\/wp\/v2\/media\/4366"}],"wp:attachment":[{"href":"https:\/\/agrarpetrovic.rs\/en\/wp-json\/wp\/v2\/media?parent=4315"}],"wp:term":[{"taxonomy":"product_brand","embeddable":true,"href":"https:\/\/agrarpetrovic.rs\/en\/wp-json\/wp\/v2\/product_brand?post=4315"},{"taxonomy":"product_cat","embeddable":true,"href":"https:\/\/agrarpetrovic.rs\/en\/wp-json\/wp\/v2\/product_cat?post=4315"},{"taxonomy":"product_tag","embeddable":true,"href":"https:\/\/agrarpetrovic.rs\/en\/wp-json\/wp\/v2\/product_tag?post=4315"}],"curies":[{"name":"wp","href":"https:\/\/api.w.org\/{rel}","templated":true}]}}