{"id":4316,"date":"2023-07-13T16:09:54","date_gmt":"2023-07-13T14:09:54","guid":{"rendered":"https:\/\/agrarpetrovic.rs\/?post_type=product&#038;p=4316"},"modified":"2023-07-13T16:11:26","modified_gmt":"2023-07-13T14:11:26","slug":"pencozeb-wg-fungicid","status":"publish","type":"product","link":"https:\/\/agrarpetrovic.rs\/en\/proizvod\/pencozeb-wg-fungicid\/","title":{"rendered":"Pencozeb WG &#8211; Fungicid"},"content":{"rendered":"<div class=\"span9\">\n<div class=\"product-details\">\n<p class=\"detail\"><strong>Klasa:<\/strong>Fungicidi<\/p>\n<p class=\"detail\"><strong>Aktivna materija:<\/strong>Mankozeb 750g\/kg<\/p>\n<p class=\"detail\"><strong>Formulacija:<\/strong>WG-vododisperzibilne granule<\/p>\n<p class=\"detail\"><strong>Pakovanje:<\/strong>25 g, 250 g, 1 kg<\/p>\n<p class=\"detail\"><strong>Proizvo\u0111a\u010d:<\/strong>United Phosphorus<\/p>\n<p class=\"detail\"><strong>Karenca:<\/strong>21 dan za stone sorte; 42 dana za vinske sorte<\/p>\n<p class=\"detail\"><strong>MBT:<\/strong>3<\/p>\n<p class=\"detail\"><strong>MDK(mg\/kg):<\/strong>2,0 &#8211; vinova loza<\/p>\n<\/div>\n<div class=\"product-harvest\">\n<p class=\"detail\">Primena:<\/p>\n<table>\n<thead>\n<tr class=\"bg-5\">\n<th>USEV \/ ZASAD<\/th>\n<th>KOLI\u010cINA PRIMENE<\/th>\n<th>VREME PRIMENE<\/th>\n<\/tr>\n<\/thead>\n<tbody>\n<tr class=\"bg-sec-5\">\n<td class=\"bg-5\"><a href=\"https:\/\/www.agromarket.rs\/srb\/zastita-bilja\/programi-zastite\/1020\/Vinova-loza\">Vinova loza<\/a><\/td>\n<td>0,2 &#8211; 0,25% (20 &#8211; 25 g\/10 l vode)<\/td>\n<td>Pre i posle cvetanja, preventivno pre ostvarenja zaraze<\/td>\n<\/tr>\n<\/tbody>\n<\/table>\n<\/div>\n<div class=\"product-info\">\n<p><strong>DELOVANJE:<\/strong><\/p>\n<p>Penncozeb WG deluje preventivno blokiranjem SH grupe aminokiselina, \u0161to remeti razlaganje lipida i propustljivost \u0107elijskog zida i tako blokira disanje patogenih gljiva, \u0161to ima za posledicu spre\u010davanje klijanje spora.<\/p>\n<p><strong>SPEKTAR DELOVANJA:<\/strong><\/p>\n<p>Namenjen suzbijanju prouzrokova\u010da\u00a0bolesti plamenja\u010de (<em>Plasmopara viticola<\/em>) kod vinove loze.<\/p>\n<p><strong><span class=\"podnaslovPoglavljaZS\">PREPORUKE I NAPOMENE:<\/span><\/strong><\/p>\n<p class=\"text-left\">WG formulacija daje niz prednosti pri primeni bez pra\u0161enja,brzog rastvaranja i sporijeg talo\u017eenja. Moze se me\u0161ati sa preparatima na bazi<em> bakar oksihlorida, metalaksila M, cimoksanila, dimetomorfa, propamokarbhidrohlorida<\/em>. Ne me\u0161a se sa insekticidima kisele reakcije, bordovskom \u010dorbom, sumporno-kre\u010dnom \u010dorbom, propargitom, sredstvima za ishranu bilja koje sadr\u017ee bor, sumporom kod poslednjeg tretiranja na vinovoj lozi, jer se znatno produ\u017eava perzistentnost ditiokarbamata.<\/p>\n<\/div>\n<\/div>","protected":false},"excerpt":{"rendered":"<div class=\"span8 product-details\">\n<p><strong>Klasa:<\/strong> Fungicidi<\/p>\n<p><strong>Aktivna materija:<\/strong> Mankozeb 750g\/kg<\/p>\n<p><strong>Formulacija:<\/strong> WG-vododisperzibilne granule<\/p>\n<p><strong>Pakovanje:<\/strong> 25 g, 250 g, 1 kg<\/p>\n<p><strong>Proizvo\u0111a\u010d:<\/strong> United Phosphorus<\/p>\n<\/div>","protected":false},"featured_media":4367,"template":"","meta":[],"product_brand":[],"product_cat":[219,227,221],"product_tag":[],"class_list":{"0":"post-4316","1":"product","2":"type-product","3":"status-publish","4":"has-post-thumbnail","6":"product_cat-fungicidi","7":"product_cat-fungicidi-protiv-plamenjace-u-vinovoj-lozi","8":"product_cat-fungicidi-u-vinovoj-lozi","10":"first","11":"instock","12":"shipping-taxable","13":"product-type-simple"},"_links":{"self":[{"href":"https:\/\/agrarpetrovic.rs\/en\/wp-json\/wp\/v2\/product\/4316","targetHints":{"allow":["GET"]}}],"collection":[{"href":"https:\/\/agrarpetrovic.rs\/en\/wp-json\/wp\/v2\/product"}],"about":[{"href":"https:\/\/agrarpetrovic.rs\/en\/wp-json\/wp\/v2\/types\/product"}],"wp:featuredmedia":[{"embeddable":true,"href":"https:\/\/agrarpetrovic.rs\/en\/wp-json\/wp\/v2\/media\/4367"}],"wp:attachment":[{"href":"https:\/\/agrarpetrovic.rs\/en\/wp-json\/wp\/v2\/media?parent=4316"}],"wp:term":[{"taxonomy":"product_brand","embeddable":true,"href":"https:\/\/agrarpetrovic.rs\/en\/wp-json\/wp\/v2\/product_brand?post=4316"},{"taxonomy":"product_cat","embeddable":true,"href":"https:\/\/agrarpetrovic.rs\/en\/wp-json\/wp\/v2\/product_cat?post=4316"},{"taxonomy":"product_tag","embeddable":true,"href":"https:\/\/agrarpetrovic.rs\/en\/wp-json\/wp\/v2\/product_tag?post=4316"}],"curies":[{"name":"wp","href":"https:\/\/api.w.org\/{rel}","templated":true}]}}