{"id":4324,"date":"2023-07-13T16:10:19","date_gmt":"2023-07-13T14:10:19","guid":{"rendered":"https:\/\/agrarpetrovic.rs\/?post_type=product&#038;p=4324"},"modified":"2025-10-23T11:54:41","modified_gmt":"2025-10-23T09:54:41","slug":"priaxor-ec-fungicid","status":"publish","type":"product","link":"https:\/\/agrarpetrovic.rs\/en\/proizvod\/priaxor-ec-fungicid\/","title":{"rendered":"Priaxor EC &#8211; Fungicid"},"content":{"rendered":"<div class=\"span9\">\n<div class=\"product-details\">\n<p class=\"detail\"><strong>Klasa:<\/strong>Fungicid<\/p>\n<p class=\"detail\"><strong>Aktivna materija:<\/strong>Fluksapiroksad 75 g\/l + Piraklostrobin 150 g\/l<\/p>\n<p class=\"detail\"><strong>Formulacija:<\/strong>EC &#8211; koncentrat za emulziju<\/p>\n<p class=\"detail\"><strong>Pakovanje:<\/strong>1 l<\/p>\n<p class=\"detail\"><strong>Proizvo\u0111a\u010d:<\/strong>BASF<\/p>\n<p class=\"detail\"><strong>Karenca:<\/strong>35 dana<\/p>\n<\/div>\n<div class=\"product-harvest\">\n<p class=\"detail\">Primena:<\/p>\n<table>\n<thead>\n<tr class=\"bg-5\">\n<th>USEV \/ ZASAD<\/th>\n<th>KOLI\u010cINA PRIMENE<\/th>\n<th>VREME PRIMENE<\/th>\n<\/tr>\n<\/thead>\n<tbody>\n<tr class=\"bg-sec-5\">\n<td class=\"bg-5\"><a href=\"https:\/\/www.agromarket.rs\/srb\/zastita-bilja\/programi-zastite\/1029\/Borovnica-i-aronija\">TRITIKALE<\/a><\/td>\n<td>0,75-1,5 (7,5-15 ml\/ 100 m\u00b2)<\/td>\n<td>Tretman od pojave 5 vidljivih izdanaka do po\u010detka cvetanja (BBCH 25-61)<\/td>\n<\/tr>\n<tr class=\"bg-sec-5\">\n<td class=\"bg-5\"><a href=\"https:\/\/www.agromarket.rs\/srb\/zastita-bilja\/programi-zastite\/1029\/Borovnica-i-aronija\">RA\u017d<\/a><\/td>\n<td>0,75-1,5 (7,5-15 ml\/ 100 m\u00b2)<\/td>\n<td>Tretman od pojave 5 vidljivih izdanaka do po\u010detka cvetanja (BBCH 25-61)<\/td>\n<\/tr>\n<tr class=\"bg-sec-5\">\n<td class=\"bg-5\"><a href=\"https:\/\/www.agromarket.rs\/srb\/zastita-bilja\/programi-zastite\/1029\/Borovnica-i-aronija\">JE\u010cAM<\/a><\/td>\n<td>0,75-1,5 (7,5-15 ml\/ 100 m\u00b2)<\/td>\n<td>Tretman od pojave 5 vidljivih izdanaka do po\u010detka cvetanja (BBCH 25-61)<\/td>\n<\/tr>\n<tr class=\"bg-sec-5\">\n<td class=\"bg-5\"><a href=\"https:\/\/www.agromarket.rs\/srb\/zastita-bilja\/programi-zastite\/1002\/Psenica\">P\u0161enica<\/a><\/td>\n<td>0,75-1,5 (7,5-15 ml\/ 100 m\u00b2)<\/td>\n<td>Tretman od pojave 5 vidljivih izdanaka do po\u010detka cvetanja (BBCH 25-61)<\/td>\n<\/tr>\n<\/tbody>\n<\/table>\n<\/div>\n<div class=\"product-info\">\n<p>&nbsp;<\/p>\n<p><strong>DELOVANJE:<\/strong><\/p>\n<p>Kombinacija dve aktivne supsatance, potpuno nove, Fluksapiroksad &#8211; Xemium\u00ae (75 g\/l) iz grupe SDHI inhibitora (inhibitora sukcinat dehidrogenaze) i strobilurina Piraklostrobin (150 g\/l) iz grupe QoI inhibitora (inhibitora respiracije). Xemium\u00ae se zahvaljuju\u0107i brzom su\u0161enju i pravljenju depozita \u010dvrsto vezuje za vo\u0161tani sloj kutikule zbog \u010dega se te\u0161ko spira ki\u0161om. Depoziti u vidu kristala omogu\u0107avaju da se Xemium\u00ae ravnomerno usvaja i kre\u0107e kroz biljku, potpuno nezavisan od vremenskih uslova.<\/p>\n<p><strong>SPEKTAR DELOVANJA:<\/strong><\/p>\n<p>Namenjen je suzbijanju prouzrokova\u010da pepelnice (Erysiphe graminis), sive pegavosti lista (Septoria tritici), bolesti stabljike (Helminthosporium sativum), \u017eute lisne r\u0111e (Puccinia striiformis) u usevima p\u0161enice (ozima, jara, durum i spelta); za suzbijanje prouzrokova\u010da mre\u017easte pegavosti je\u010dma (Pyrenophora teres), pegavosti lista (Rhynchosporium secalis) u usevima je\u010dma; za suzbijanje prouzrokova\u010da pegavosti lista (Rhynchosporium secalis), lisne r\u0111e (Puccinia recondita)u usevu ra\u017ei; za suzbijanje prouzrokova\u010da pepelnice (Erysiphe graminis), sive pegavosti lista (Septoria tritici), lisne r\u0111e (Puccinia recindita) u usevu tritikalea.<\/p>\n<p><strong>PREPORUKE I NAPOMENE:<\/strong><\/p>\n<p>Pored fungicidnog delovanja Priaxor\u00ae ispoljava op\u0161te pozitivne efekte na biljke, tako \u0161to pobolj\u0161ava kondiciono stanje biljke, priprema biljku za pre\u017eivljavanje nepovoljnih uslova, uklju\u010duju\u0107i i napad \u0161tetnih organizama, \u0161to rezultira pove\u0107anjem prinosa, otpornosti na su\u0161u i druge stresne faktore &#8211; AgCelence\u00ae efekat. To ovaj preparat stavlja u sam vrh fungicida za za\u0161titu p\u0161enice, je\u010dma, ra\u017ei i tritakalea od ekonomski naj\u0161tetnijih bolesti. Nova hemijska svojstva \u010dine Priaxor\u00ae odli\u010dnim oru\u017ejem u borbi protiv razvoja rezistencije gljiva na razli\u010dite fungicide. Pru\u017ea efikasnu za\u0161titu u blok tretmanu (10 do 14 dana izme\u0111u aplikacija). Utro\u0161ak vode pri aplikaciji 600 &#8211; 1000 litara (6 &#8211; 10 \u00a0l\/100m\u00b2). Tretiranje iz vazduhoplova nije dozvoljeno. Deluje na veliki broj patogenih gljiva (Pseudocercosporella, Pyrenophora, Rhyncosporium, Septoria, Erysiphae).<\/p>\n<\/div>\n<\/div>","protected":false},"excerpt":{"rendered":"<div class=\"span8 product-details\">\n<p><strong>Klasa:<\/strong> Fungicid<\/p>\n<p><strong>Aktivna materija:<\/strong> Fluksapiroksad 75 g\/l + Piraklostrobin 150 g\/l<\/p>\n<p><strong>Formulacija:<\/strong> EC &#8211; koncentrat za emulziju<\/p>\n<p><strong>Pakovanje:<\/strong> 1 l<\/p>\n<p><strong>Proizvo\u0111a\u010d:<\/strong> BASF<\/p>\n<\/div>","protected":false},"featured_media":4369,"template":"","meta":[],"product_brand":[],"product_cat":[219,242,244,239,240],"product_tag":[609],"class_list":{"0":"post-4324","1":"product","2":"type-product","3":"status-publish","4":"has-post-thumbnail","6":"product_cat-fungicidi","7":"product_cat-fungicidi-protiv-pegavosti-lista-i-klasa","8":"product_cat-fungicidi-protiv-rdje-lista","9":"product_cat-fungicidi-u-ratarstvu","10":"product_cat-fungicidi-u-strnim-zitima","11":"product_tag-fluksapiroksad-piraklostrobin","13":"first","14":"outofstock","15":"shipping-taxable","16":"purchasable","17":"product-type-simple"},"_links":{"self":[{"href":"https:\/\/agrarpetrovic.rs\/en\/wp-json\/wp\/v2\/product\/4324","targetHints":{"allow":["GET"]}}],"collection":[{"href":"https:\/\/agrarpetrovic.rs\/en\/wp-json\/wp\/v2\/product"}],"about":[{"href":"https:\/\/agrarpetrovic.rs\/en\/wp-json\/wp\/v2\/types\/product"}],"wp:featuredmedia":[{"embeddable":true,"href":"https:\/\/agrarpetrovic.rs\/en\/wp-json\/wp\/v2\/media\/4369"}],"wp:attachment":[{"href":"https:\/\/agrarpetrovic.rs\/en\/wp-json\/wp\/v2\/media?parent=4324"}],"wp:term":[{"taxonomy":"product_brand","embeddable":true,"href":"https:\/\/agrarpetrovic.rs\/en\/wp-json\/wp\/v2\/product_brand?post=4324"},{"taxonomy":"product_cat","embeddable":true,"href":"https:\/\/agrarpetrovic.rs\/en\/wp-json\/wp\/v2\/product_cat?post=4324"},{"taxonomy":"product_tag","embeddable":true,"href":"https:\/\/agrarpetrovic.rs\/en\/wp-json\/wp\/v2\/product_tag?post=4324"}],"curies":[{"name":"wp","href":"https:\/\/api.w.org\/{rel}","templated":true}]}}