{"id":4327,"date":"2023-07-13T16:10:19","date_gmt":"2023-07-13T14:10:19","guid":{"rendered":"https:\/\/agrarpetrovic.rs\/?post_type=product&#038;p=4327"},"modified":"2025-10-23T11:54:41","modified_gmt":"2025-10-23T09:54:41","slug":"prosaro-250-ec-fungicid","status":"publish","type":"product","link":"https:\/\/agrarpetrovic.rs\/en\/proizvod\/prosaro-250-ec-fungicid\/","title":{"rendered":"Prosaro 250 EC &#8211; Fungicid"},"content":{"rendered":"<div class=\"span9\">\n<div class=\"product-details\">\n<p class=\"detail\"><strong>Klasa:<\/strong>Fungicid<\/p>\n<p class=\"detail\"><strong>Aktivna materija:<\/strong>Tebukonazol 125 g\/l + Protiokonazol 125 g\/l<\/p>\n<p class=\"detail\"><strong>Formulacija:<\/strong>EC \u2013 koncentrat za emulziju<\/p>\n<p class=\"detail\"><strong>Pakovanje:<\/strong>1 l<\/p>\n<p class=\"detail\"><strong>Proizvo\u0111a\u010d:<\/strong>Bayer CropScience<\/p>\n<p class=\"detail\"><strong>Karenca:<\/strong>42 dana<\/p>\n<p class=\"detail\"><strong>MBT:<\/strong>2<\/p>\n<\/div>\n<div class=\"product-harvest\">\n<p class=\"detail\">Primena:<\/p>\n<table>\n<thead>\n<tr class=\"bg-5\">\n<th>USEV \/ ZASAD<\/th>\n<th>KOLI\u010cINA PRIMENE<\/th>\n<th>VREME PRIMENE<\/th>\n<\/tr>\n<\/thead>\n<tbody>\n<tr class=\"bg-sec-5\">\n<td class=\"bg-5\"><a href=\"https:\/\/www.agromarket.rs\/srb\/zastita-bilja\/programi-zastite\/1002\/Psenica\">P\u0161enica<\/a><\/td>\n<td>0,75 \u2013 1,0 (7,5 &#8211; 10 ml na 100 m2)<\/td>\n<td>Od rane faze bokorenja do po\u010detka cvetanja i klasanja (faze 23-61 BBCH skale)<\/td>\n<\/tr>\n<\/tbody>\n<\/table>\n<\/div>\n<div class=\"product-info\">\n<p><strong>SPEKTAR DELOVANJA:<\/strong><\/p>\n<p>U usevima p\u0161enice i je\u010dma namenjen suzbijanju prouzrokova\u010da pepelnice <em>(Erysiphe graminis<\/em>), r\u0111e<em> (Puccinia spp.)<\/em>, sive pegavosti lista i klasa p\u0161enice <em>(Septoria tritici)<\/em>, mre\u017easte pegavosti je\u010dma <em>(Pyrenophora\u00a0<\/em><em>teres)<\/em> i pale\u017ei klasa strnih \u017eita<em> (Fusarium spp.)<\/em>.<\/p>\n<p><strong>PREPORUKE I NAPOMENE:<\/strong><\/p>\n<p>Utro\u0161ak vode 200 do 400 l\/ha, dok kod tretiranja strnih \u017eita radi suzbijanja pale\u017ei klasa (Fusarium spp.), koli\u010dina vode ne bi trebalo da prelazi raspon od 100-150 l\/ha. Tretiranje iz vazduhoplova dozvoljeno, pod slede\u0107im uslovima: povr\u0161ine koje se tretiraju moraju biti udaljene najmanje 500 m od naselja i poljoprivrednih objekata (farmi) i 200 m od voda (vodotokovi, bunari, jezera); brzina vetra ne sme da prelazi 2-3 m\/s, a relativna vla\u017enost vazduha iznad 50%; rubne zone (200-500 m) se tretiraju sa zemlje.<\/p>\n<\/div>\n<\/div>","protected":false},"excerpt":{"rendered":"<p><strong>Klasa:<\/strong> Fungicid<\/p>\n<p><strong>Aktivna materija:<\/strong> Tebukonazol 125 g\/l + Protiokonazol 125 g\/l<\/p>\n<p><strong>Formulacija:<\/strong> EC \u2013 koncentrat za emulziju<\/p>\n<p><strong>Pakovanje:<\/strong> 1 l<\/p>\n<p><strong>Proizvo\u0111a\u010d:<\/strong> Bayer CropScience<\/p>","protected":false},"featured_media":4383,"template":"","meta":[],"product_brand":[],"product_cat":[219,246,242,243,239,240],"product_tag":[717],"class_list":{"0":"post-4327","1":"product","2":"type-product","3":"status-publish","4":"has-post-thumbnail","6":"product_cat-fungicidi","7":"product_cat-fungicidi-protiv-palezi-klasa-fusarium-sp","8":"product_cat-fungicidi-protiv-pegavosti-lista-i-klasa","9":"product_cat-fungicidi-protiv-pepelnice-u-strnim-zitima","10":"product_cat-fungicidi-u-ratarstvu","11":"product_cat-fungicidi-u-strnim-zitima","12":"product_tag-tebukonazol-125-g-l-protiokonazol-125-g-l","14":"first","15":"outofstock","16":"shipping-taxable","17":"purchasable","18":"product-type-simple"},"_links":{"self":[{"href":"https:\/\/agrarpetrovic.rs\/en\/wp-json\/wp\/v2\/product\/4327","targetHints":{"allow":["GET"]}}],"collection":[{"href":"https:\/\/agrarpetrovic.rs\/en\/wp-json\/wp\/v2\/product"}],"about":[{"href":"https:\/\/agrarpetrovic.rs\/en\/wp-json\/wp\/v2\/types\/product"}],"wp:featuredmedia":[{"embeddable":true,"href":"https:\/\/agrarpetrovic.rs\/en\/wp-json\/wp\/v2\/media\/4383"}],"wp:attachment":[{"href":"https:\/\/agrarpetrovic.rs\/en\/wp-json\/wp\/v2\/media?parent=4327"}],"wp:term":[{"taxonomy":"product_brand","embeddable":true,"href":"https:\/\/agrarpetrovic.rs\/en\/wp-json\/wp\/v2\/product_brand?post=4327"},{"taxonomy":"product_cat","embeddable":true,"href":"https:\/\/agrarpetrovic.rs\/en\/wp-json\/wp\/v2\/product_cat?post=4327"},{"taxonomy":"product_tag","embeddable":true,"href":"https:\/\/agrarpetrovic.rs\/en\/wp-json\/wp\/v2\/product_tag?post=4327"}],"curies":[{"name":"wp","href":"https:\/\/api.w.org\/{rel}","templated":true}]}}