{"id":4328,"date":"2023-07-13T16:10:19","date_gmt":"2023-07-13T14:10:19","guid":{"rendered":"https:\/\/agrarpetrovic.rs\/?post_type=product&#038;p=4328"},"modified":"2025-10-23T11:54:41","modified_gmt":"2025-10-23T09:54:41","slug":"pyrus-400-sc-fungicid","status":"publish","type":"product","link":"https:\/\/agrarpetrovic.rs\/en\/proizvod\/pyrus-400-sc-fungicid\/","title":{"rendered":"Pyrus 400 SC &#8211; Fungicid"},"content":{"rendered":"<div class=\"product-details\">\n<p class=\"detail\"><strong>Klasa:<\/strong>Fungicidi<\/p>\n<p class=\"detail\"><strong>Aktivna materija:<\/strong>Pirimetanil 400 g\/l<\/p>\n<p class=\"detail\"><strong>Formulacija:<\/strong>SC koncentrovana suspenzija<\/p>\n<p class=\"detail\"><strong>Pakovanje:<\/strong>200 ml, 1 l<\/p>\n<p class=\"detail\"><strong>Proizvo\u0111a\u010d:<\/strong>Agriphar<\/p>\n<p class=\"detail\"><strong>Karenca:<\/strong>Jabuka OVP; 35 dana za vinovu lozu; 14 dana za malinu<\/p>\n<p class=\"detail\"><strong>MBT:<\/strong>2<\/p>\n<p class=\"detail\"><strong>MDK(mg\/kg):<\/strong>5,0 &#8211; jabuka, gro\u017e\u0111e, 10,0 &#8211; malina<\/p>\n<\/div>\n<div class=\"product-harvest\">\n<p class=\"detail\">Primena:<\/p>\n<table>\n<thead>\n<tr class=\"bg-5\">\n<th>USEV \/ ZASAD<\/th>\n<th>KOLI\u010cINA PRIMENE<\/th>\n<th>VREME PRIMENE<\/th>\n<\/tr>\n<\/thead>\n<tbody>\n<tr class=\"bg-sec-5\">\n<td class=\"bg-5\"><a href=\"https:\/\/www.agromarket.rs\/srb\/zastita-bilja\/programi-zastite\/1020\/Vinova-loza\">Vinova loza<\/a><\/td>\n<td>2 \u2013 2,5 l\/ha<\/td>\n<td>Tretiranjem u fazi precvetavanja do zatvaranja grozda (faze 68\/77 BBCH skale)<\/td>\n<\/tr>\n<tr class=\"bg-sec-5\">\n<td class=\"bg-5\"><a href=\"https:\/\/www.agromarket.rs\/srb\/zastita-bilja\/programi-zastite\/1025\/Malina\">Malina<\/a><\/td>\n<td>2,5<\/td>\n<td>Od po\u010detka do punog cvetanja (faze 55-65 po BBCH skali)<\/td>\n<\/tr>\n<tr class=\"bg-sec-5\">\n<td class=\"bg-5\"><a href=\"https:\/\/www.agromarket.rs\/srb\/zastita-bilja\/programi-zastite\/1018\/Jabuka\">Jabuka<\/a><\/td>\n<td>1,0<\/td>\n<td>Preventivni tretman pre uslova za ostvarenje zaraze po\u010dev od faze \u201dmi\u0161je u\u0161i\u201d pa nadalje (od faze 54 BBCH skale<\/td>\n<\/tr>\n<\/tbody>\n<\/table>\n<\/div>\n<div class=\"product-info\">\n<p><strong>DELOVANJE:<\/strong><\/p>\n<p>Pyrus 400 SC inhibira\u00a0sintezu metionina \u0161to dovodi do spre\u010davanja lu\u010denja enzima neophodnih za infekciju i prodor micelije u \u0107eliju biljke doma\u0107ina. Najaktivniji je u fazi cvetanja i precvetavanja,deluje i gasnom fazom tj parama. Kroz biljku se kre\u0107e translaminarno tj. prodire na drugu stranu zelene mase.<\/p>\n<p><strong>SPEKTAR DELOVANJA:<\/strong><\/p>\n<p>Pyrus 400 SC je fungicid sa sistemi\u010dnim i protektivnim delovanjem namenjen suzbijanju prouzrokova\u010da sive trule\u017ei vinove loze (<em>Botrytis cinerea),\u00a0<\/em>kod vinoveloze\u00a0i maline i prouzrokova\u010da \u010da\u0111ave pegavosti li\u0161\u0107a i krastavosti plodova\u00a0jabuke<em> (Venturia inaequalis).<\/em><\/p>\n<p><strong><span class=\"podnaslovPoglavljaZS\">PREPORUKE I NAPOMENE:<\/span><\/strong><\/p>\n<p class=\"text-left\">Tretiranja izvoditi u intervalu 6 do 8 dana izmedu tretmana. Aktivna materija se usvaja ve\u0107 nakon 2 sata od tretiranja. Vinovu lozu prskati preventivno ili pri prvim simptomima bolesti (u precvetavanju, zatvaranju grozda ili \u0161arka. Grozdovi trebaju biti okupani sredstvom za za\u0161titu, preporu\u010dena koli\u010dina vode je 1000 l \/ha. Jedini fungicid koji deluje na niskim temperaturama iznad 5\u00a0<sup>\u00a0<\/sup>\u00a0C. Mo\u017ee se me\u0161ati sa vecinom preparata osim: alkalne reakcije, na bazi sumpora i bordovske \u010dorbe. Ukoliko se primenjuje u zatvorenom prostoru pri visokoj relativnoj vla\u017enosti vazduha (&gt;80%) mo\u017ee biti fitotoksi\u010dan za pojedine biljke iz familije<em>Solanaceae\u00a0<\/em>(paprika, paradajz) izazivaju\u0107i sme\u0111e pege na listu. Kvalitetna formulacija\u00a0preparata obezbedjuje dobru lepljivost i kvalitetnu aplikaciju na\u00a0biljci, sa akcentom na eradikativno delovanje (onemogu\u0107ava gljivi da\u00a0sporuli\u0161e- izbaci konidije i tako prekida \u017eivotni ciklus razvoja gljive).<\/p>\n<\/div>","protected":false},"excerpt":{"rendered":"<div class=\"span8 product-details\">\n<p><strong>Klasa:<\/strong> Fungicidi<\/p>\n<p><strong>Aktivna materija:<\/strong> Pirimetanil 400 g\/l<\/p>\n<p><strong>Formulacija:<\/strong> SC koncentrovana suspenzija<\/p>\n<p><strong>Pakovanje:<\/strong> 200 ml, 1 l<\/p>\n<p><strong>Proizvo\u0111a\u010d:<\/strong> Agriphar<\/p>\n<\/div>","protected":false},"featured_media":4384,"template":"","meta":[],"product_brand":[],"product_cat":[219,224,229,236,223,228,221,222],"product_tag":[442],"class_list":{"0":"post-4328","1":"product","2":"type-product","3":"status-publish","4":"has-post-thumbnail","6":"product_cat-fungicidi","7":"product_cat-fungicidi-protiv-cadjave-pegavosti-lista-i-krastavosti-plodova","8":"product_cat-fungicidi-protiv-sive-trulezi-u-jagodicastom-vocu","9":"product_cat-fungicidi-protiv-sive-trulezi-u-vinovoj-lozi","10":"product_cat-fungicidi-u-jabucastom-vocu","11":"product_cat-fungicidi-u-jagodicastom-vocu","12":"product_cat-fungicidi-u-vinovoj-lozi","13":"product_cat-fungicidi-u-vocarstvu","14":"product_tag-pirimetanil","16":"first","17":"outofstock","18":"shipping-taxable","19":"purchasable","20":"product-type-simple"},"_links":{"self":[{"href":"https:\/\/agrarpetrovic.rs\/en\/wp-json\/wp\/v2\/product\/4328","targetHints":{"allow":["GET"]}}],"collection":[{"href":"https:\/\/agrarpetrovic.rs\/en\/wp-json\/wp\/v2\/product"}],"about":[{"href":"https:\/\/agrarpetrovic.rs\/en\/wp-json\/wp\/v2\/types\/product"}],"wp:featuredmedia":[{"embeddable":true,"href":"https:\/\/agrarpetrovic.rs\/en\/wp-json\/wp\/v2\/media\/4384"}],"wp:attachment":[{"href":"https:\/\/agrarpetrovic.rs\/en\/wp-json\/wp\/v2\/media?parent=4328"}],"wp:term":[{"taxonomy":"product_brand","embeddable":true,"href":"https:\/\/agrarpetrovic.rs\/en\/wp-json\/wp\/v2\/product_brand?post=4328"},{"taxonomy":"product_cat","embeddable":true,"href":"https:\/\/agrarpetrovic.rs\/en\/wp-json\/wp\/v2\/product_cat?post=4328"},{"taxonomy":"product_tag","embeddable":true,"href":"https:\/\/agrarpetrovic.rs\/en\/wp-json\/wp\/v2\/product_tag?post=4328"}],"curies":[{"name":"wp","href":"https:\/\/api.w.org\/{rel}","templated":true}]}}