{"id":4338,"date":"2023-07-13T16:10:42","date_gmt":"2023-07-13T14:10:42","guid":{"rendered":"https:\/\/agrarpetrovic.rs\/?post_type=product&#038;p=4338"},"modified":"2023-07-13T16:11:39","modified_gmt":"2023-07-13T14:11:39","slug":"queen-fungicid","status":"publish","type":"product","link":"https:\/\/agrarpetrovic.rs\/en\/proizvod\/queen-fungicid\/","title":{"rendered":"Queen -Fungicid"},"content":{"rendered":"<div class=\"product-details\">\n<p class=\"detail\"><strong>Klasa:<\/strong>Fungicidi<\/p>\n<p class=\"detail\"><strong>Aktivna materija:<\/strong>Azoksistrobin 250 \u00b1 6 g\/l<\/p>\n<p class=\"detail\"><strong>Formulacija:<\/strong>SC- koncentrovana suspenzija<\/p>\n<p class=\"detail\"><strong>Pakovanje:<\/strong>100 ml, 1 l<\/p>\n<p class=\"detail\"><strong>Proizvo\u0111a\u010d:<\/strong>Agromarket<\/p>\n<p class=\"detail\"><strong>Karenca:<\/strong>21 dan; krompir 14 dana; malina 10 dana<\/p>\n<p class=\"detail\"><strong>MBT:<\/strong>3<\/p>\n<p class=\"detail\"><strong>MDK(mg\/kg):<\/strong>2,0 &#8211; gro\u017e\u0111e<\/p>\n<\/div>\n<div class=\"product-harvest\">\n<p class=\"detail\">Primena:<\/p>\n<table>\n<thead>\n<tr class=\"bg-5\">\n<th>USEV \/ ZASAD<\/th>\n<th>KOLI\u010cINA PRIMENE<\/th>\n<th>VREME PRIMENE<\/th>\n<\/tr>\n<\/thead>\n<tbody>\n<tr class=\"bg-sec-5\">\n<td class=\"bg-5\"><a href=\"https:\/\/www.agromarket.rs\/srb\/zastita-bilja\/programi-zastite\/1020\/Vinova-loza\">Vinova loza<\/a><\/td>\n<td>0, 075% (7, 5 ml u 10l vode)<\/td>\n<td>Tretiranje se vr\u0161i preventivno pre pojave simptoma po\u010dev od razvijena tri lista do po\u010detka sazrevanja \u2013 po\u010detak \u0161arka (BBCH 13 do 81)<\/td>\n<\/tr>\n<tr class=\"bg-sec-5\">\n<td class=\"bg-5\"><a href=\"https:\/\/www.agromarket.rs\/srb\/zastita-bilja\/programi-zastite\/1009\/Krompir\">Krompir<\/a><\/td>\n<td>0,75 l\/ha (7,5 ml u 2 do 4 l vode na 100 m\u00b2)<\/td>\n<td>Preventivno tretiranje u vreme kada se ostvare uslovi za zaraze ili najkasnije po pojavi prvih simptoma<\/td>\n<\/tr>\n<tr class=\"bg-sec-5\">\n<td class=\"bg-5\"><a href=\"https:\/\/www.agromarket.rs\/srb\/zastita-bilja\/programi-zastite\/1025\/Malina\">Malina<\/a><\/td>\n<td>0,075 % (7,5 ml u 6 do 10 l vode na 100 m\u00b2)<\/td>\n<td>Preventivna tretiranja, tokom intenzivnog porasta izbojaka do po\u010detka cvetanja (faze 61 BBCH skale)<\/td>\n<\/tr>\n<\/tbody>\n<\/table>\n<\/div>\n<div class=\"product-info\">\n<p><strong>DELOVANJE:<\/strong><\/p>\n<p>Queen pripada grupi Strobilurina i inhibira mitohondrijalnu respiraciju (disanje) blokiranjem transporta elektrona izme\u0111u citohroma b i c1 . Inhibira klijanje spora (antisporulativna aktivnost) te spre\u010dava rast micelije. Primenjuje se za suzbijanje velikog broja patogenih organizama koji parazitiraju razli\u010dite gajene biljke (vo\u0107e, povr\u0107e).<\/p>\n<p><strong>SPEKTAR DELOVANJA:<\/strong><\/p>\n<p>Queen je sistemi\u010dni fungicid koji se primenjuje u vinovoj lozi za suzbijanje prouzrokova\u010da plamenja\u010de (<em>Plasmopara viticola<\/em>), plamenja\u010de\u00a0krompira (Phytophthora infestans), su\u0161enja lastara maline ( Didimella\u00a0applanata).<\/p>\n<p><strong><span class=\"podnaslovPoglavljaZS\">PREPORUKE I NAPOMENE:<\/span><\/strong><\/p>\n<p class=\"text-justify\">Mo\u017ee se me\u0161ati sa ve\u0107inom insekticida i fungicida. Pre upotrebe proveriti kompatibilnost sa drugim preparatima. Odmerenu koli\u010dinu preparata sipati u rezervoar prskalice koji je 2\/3 ispunjen vodom, uz neprestano me\u0161anje dodati preostalu koli\u010dinu vode. Preparat se primenjuje prskanjem ili oro\u0161avanjem svim ure\u0111ajima za tretiranje sa zemlje. Tretiranje iz vazduhoplova nije dozvoljeno. Sporedno deluje na trule\u017ei i pepelnice. Depozit preparata na biljci je vrlo postojan. Treba ga primenjivati preventivno.<\/p>\n<\/div>","protected":false},"excerpt":{"rendered":"<p><strong>Klasa:<\/strong> Fungicidi<\/p>\n<p><strong>Aktivna materija:<\/strong> Azoksistrobin 250 \u00b1 6 g\/l<\/p>\n<p><strong>Formulacija:<\/strong> SC- koncentrovana suspenzija<\/p>\n<p><strong>Pakovanje:<\/strong> 100 ml, 1 l<\/p>\n<p><strong>Proizvo\u0111a\u010d:<\/strong> Agromarket<\/p>","protected":false},"featured_media":4385,"template":"","meta":[],"product_brand":[],"product_cat":[219,226,227,245,228,220,221,222],"product_tag":[],"class_list":{"0":"post-4338","1":"product","2":"type-product","3":"status-publish","4":"has-post-thumbnail","6":"product_cat-fungicidi","7":"product_cat-fungicidi-protiv-plamenjace","8":"product_cat-fungicidi-protiv-plamenjace-u-vinovoj-lozi","9":"product_cat-fungicidi-protiv-susenja-lastara","10":"product_cat-fungicidi-u-jagodicastom-vocu","11":"product_cat-fungicidi-u-povrtarstvu","12":"product_cat-fungicidi-u-vinovoj-lozi","13":"product_cat-fungicidi-u-vocarstvu","15":"first","16":"instock","17":"shipping-taxable","18":"product-type-simple"},"_links":{"self":[{"href":"https:\/\/agrarpetrovic.rs\/en\/wp-json\/wp\/v2\/product\/4338","targetHints":{"allow":["GET"]}}],"collection":[{"href":"https:\/\/agrarpetrovic.rs\/en\/wp-json\/wp\/v2\/product"}],"about":[{"href":"https:\/\/agrarpetrovic.rs\/en\/wp-json\/wp\/v2\/types\/product"}],"wp:featuredmedia":[{"embeddable":true,"href":"https:\/\/agrarpetrovic.rs\/en\/wp-json\/wp\/v2\/media\/4385"}],"wp:attachment":[{"href":"https:\/\/agrarpetrovic.rs\/en\/wp-json\/wp\/v2\/media?parent=4338"}],"wp:term":[{"taxonomy":"product_brand","embeddable":true,"href":"https:\/\/agrarpetrovic.rs\/en\/wp-json\/wp\/v2\/product_brand?post=4338"},{"taxonomy":"product_cat","embeddable":true,"href":"https:\/\/agrarpetrovic.rs\/en\/wp-json\/wp\/v2\/product_cat?post=4338"},{"taxonomy":"product_tag","embeddable":true,"href":"https:\/\/agrarpetrovic.rs\/en\/wp-json\/wp\/v2\/product_tag?post=4338"}],"curies":[{"name":"wp","href":"https:\/\/api.w.org\/{rel}","templated":true}]}}