{"id":4341,"date":"2023-07-13T16:10:43","date_gmt":"2023-07-13T14:10:43","guid":{"rendered":"https:\/\/agrarpetrovic.rs\/?post_type=product&#038;p=4341"},"modified":"2025-10-23T11:54:41","modified_gmt":"2025-10-23T09:54:41","slug":"sigura-fungicid","status":"publish","type":"product","link":"https:\/\/agrarpetrovic.rs\/en\/proizvod\/sigura-fungicid\/","title":{"rendered":"Sigura &#8211; Fungicid"},"content":{"rendered":"<div class=\"product-details\">\n<p class=\"detail\"><strong>Klasa:<\/strong>Fungicidi<\/p>\n<p class=\"detail\"><strong>Aktivna materija:<\/strong>Difenokonazol 250 g\/l<\/p>\n<p class=\"detail\"><strong>Formulacija:<\/strong>EC &#8211; koncentrat za emulziju<\/p>\n<p class=\"detail\"><strong>Pakovanje:<\/strong>1 l<\/p>\n<p class=\"detail\"><strong>Proizvo\u0111a\u010d:<\/strong>Agromarket<\/p>\n<p class=\"detail\"><strong>Karenca:<\/strong>14 dana<\/p>\n<p class=\"detail\"><strong>MBT:<\/strong>3<\/p>\n<p class=\"detail\"><strong>MDK(mg\/kg):<\/strong>0,1<\/p>\n<\/div>\n<div class=\"product-harvest\">\n<p class=\"detail\">Primena:<\/p>\n<table>\n<thead>\n<tr class=\"bg-5\">\n<th>USEV \/ ZASAD<\/th>\n<th>KOLI\u010cINA PRIMENE<\/th>\n<th>VREME PRIMENE<\/th>\n<\/tr>\n<\/thead>\n<tbody>\n<tr class=\"bg-sec-5\">\n<td class=\"bg-5\"><a href=\"https:\/\/www.agromarket.rs\/srb\/zastita-bilja\/programi-zastite\/1009\/Krompir\">Krompir<\/a><\/td>\n<td>0,5 (l\/kg\/ha) (5 ml na 100 m2)<\/td>\n<td>U vreme pojave prvih simptoma oboljenja i kasnije tokom vegetacije po potrebi<\/td>\n<\/tr>\n<\/tbody>\n<\/table>\n<\/div>\n<div class=\"product-info\">\n<p><strong>DELOVANJE:<br \/>\n<\/strong><\/p>\n<p>Sigura je sistemik \u010dija aktivna materija pripada grupi Triazola. Inhibira procese demetilacije, odnosno sintezu ergosterola u \u0107elijama gljive te spre\u010dava njihov razvoj. Usvaja se listom, tanslaminarno se kre\u0107e i dospeva na nali\u010dja listova. Pru\u017ea produ\u017eenu preventivu i kurativu biljaka u za\u0161titi od fitopatogenih gljivica iz rodova <em>Alternaria, Ascochyta, Cercospora, Cereosporidium, Coletotrichum, Phoma, Ramularia, Septoria, Venturia spp.<\/em>, vrstama iz fam. <em>Erysiphaceae, Uredinaceae.<\/em><\/p>\n<p><strong>SPEKTAR DELOVANJA:<\/strong><\/p>\n<ul>\n<li>Namenjen suzbijanju prouzrokova\u010da crne pegavosti krompira i paradajza (<em>Alternaria solani<\/em> ).<\/li>\n<\/ul>\n<p><strong><span class=\"podnaslovPoglavljaZS\">PREPORUKE I NAPOMENE:<\/span><\/strong><\/p>\n<p class=\"text-justify\">Period izme\u0111u dva tretmana 8 do 14 dana. Ne primenjivati ga alternativno sa preparatima iz iste grupe (triazoli), kao i preparatima sli\u010dnog mehanizma delovanja (inhibicija sinetze ergosterola). Tretirati uz utro\u0161ak vode 300 &#8211; 600 l\/ha (3 &#8211; 6 l na 100 m2 ). Sistemik koji se brzo usvaja u biljne delove, sa akcentom da je najbolji fungicid sa kurativnim delovanjem.<\/p>\n<\/div>","protected":false},"excerpt":{"rendered":"<p><strong>Klasa:<\/strong> Fungicidi<\/p>\n<p><strong>Aktivna materija:<\/strong> Difenokonazol 250 g\/l<\/p>\n<p><strong>Formulacija:<\/strong> EC &#8211; koncentrat za emulziju<\/p>\n<p><strong>Pakovanje:<\/strong> 1 l<\/p>\n<p><strong>Proizvo\u0111a\u010d:<\/strong> Agromarket<\/p>","protected":false},"featured_media":4388,"template":"","meta":[],"product_brand":[],"product_cat":[219,225,220],"product_tag":[577],"class_list":{"0":"post-4341","1":"product","2":"type-product","3":"status-publish","4":"has-post-thumbnail","6":"product_cat-fungicidi","7":"product_cat-fungicidi-protiv-pegavosti-lista","8":"product_cat-fungicidi-u-povrtarstvu","9":"product_tag-difenokonazol-250-g-l","11":"first","12":"outofstock","13":"shipping-taxable","14":"purchasable","15":"product-type-simple"},"_links":{"self":[{"href":"https:\/\/agrarpetrovic.rs\/en\/wp-json\/wp\/v2\/product\/4341","targetHints":{"allow":["GET"]}}],"collection":[{"href":"https:\/\/agrarpetrovic.rs\/en\/wp-json\/wp\/v2\/product"}],"about":[{"href":"https:\/\/agrarpetrovic.rs\/en\/wp-json\/wp\/v2\/types\/product"}],"wp:featuredmedia":[{"embeddable":true,"href":"https:\/\/agrarpetrovic.rs\/en\/wp-json\/wp\/v2\/media\/4388"}],"wp:attachment":[{"href":"https:\/\/agrarpetrovic.rs\/en\/wp-json\/wp\/v2\/media?parent=4341"}],"wp:term":[{"taxonomy":"product_brand","embeddable":true,"href":"https:\/\/agrarpetrovic.rs\/en\/wp-json\/wp\/v2\/product_brand?post=4341"},{"taxonomy":"product_cat","embeddable":true,"href":"https:\/\/agrarpetrovic.rs\/en\/wp-json\/wp\/v2\/product_cat?post=4341"},{"taxonomy":"product_tag","embeddable":true,"href":"https:\/\/agrarpetrovic.rs\/en\/wp-json\/wp\/v2\/product_tag?post=4341"}],"curies":[{"name":"wp","href":"https:\/\/api.w.org\/{rel}","templated":true}]}}