{"id":4354,"date":"2025-09-19T23:45:40","date_gmt":"2025-09-19T21:45:40","guid":{"rendered":"https:\/\/agrarpetrovic.rs\/?post_type=product&#038;p=4354"},"modified":"2025-10-23T11:54:42","modified_gmt":"2025-10-23T09:54:42","slug":"zenby-fungicid","status":"publish","type":"product","link":"https:\/\/agrarpetrovic.rs\/en\/proizvod\/zenby-fungicid\/","title":{"rendered":"Zenby &#8211; Fungicid"},"content":{"rendered":"<div class=\"product-harvest\">\n<p class=\"detail\"><strong>Primena:<\/strong><\/p>\n<table>\n<thead>\n<tr class=\"bg-5\">\n<th>USEV \/ ZASAD<\/th>\n<th>KOLI\u010cINA PRIMENE<\/th>\n<th>VREME PRIMENE<\/th>\n<\/tr>\n<\/thead>\n<tbody>\n<tr class=\"bg-sec-5\">\n<td class=\"bg-5\"><a href=\"https:\/\/www.agromarketsrbija.rs\/srb\/zastita-bilja\/programi-zastite\/1020\/Vinova-loza\">VINOVA LOZA <\/a><\/td>\n<td>1,5 l\/ha (15 ml na 100 m\u00b2)<\/td>\n<td>Od faze cvetanja do tri nedelje pre berbe (65 &#8211; 89 BBCH skale)<\/td>\n<\/tr>\n<tr class=\"bg-sec-5\">\n<td class=\"bg-5\"><a href=\"https:\/\/www.agromarketsrbija.rs\/srb\/zastita-bilja\/programi-zastite\/1022\/Breskva-i-nektarina\">BRESKVA<\/a><\/td>\n<td>0,8 &#8211; 0,9 (8-9 ml na 100 m\u00b2)<\/td>\n<td>Deset dana pred berbu (faza 85 BBCH skale)<\/td>\n<\/tr>\n<tr class=\"bg-sec-5\">\n<td class=\"bg-5\"><a href=\"https:\/\/www.agromarketsrbija.rs\/srb\/zastita-bilja\/programi-zastite\/1024\/Visnja-Tresnja\">VI\u0160NJA<\/a><\/td>\n<td>0,8 &#8211; 0,9 (8-9 ml na 100 m\u00b2)<\/td>\n<td>Od po\u010detka cvetanja do precvetavanja (faza 60 &#8211; 69 BBCH skale)<\/td>\n<\/tr>\n<tr class=\"bg-sec-5\">\n<td class=\"bg-5\"><a href=\"https:\/\/www.agromarketsrbija.rs\/srb\/zastita-bilja\/programi-zastite\/1023\/Kajsija\">KAJSIJA<\/a><\/td>\n<td>0,8 &#8211; 0,9 (8-9 ml na 100 m\u00b2)<\/td>\n<td>Deset dana pred berbu (faza 85 BBCH skale)<\/td>\n<\/tr>\n<tr class=\"bg-sec-5\">\n<td class=\"bg-5\"><a href=\"https:\/\/www.agromarketsrbija.rs\/srb\/zastita-bilja\/programi-zastite\/1021\/Sljiva\">\u0160LJIVA<\/a><\/td>\n<td>0,8 &#8211; 0,9 (8-9 ml na 100 m\u00b2)<\/td>\n<td>Deset dana pred berbu (faza 85 BBCH skale)<\/td>\n<\/tr>\n<tr class=\"bg-sec-5\">\n<td class=\"bg-5\"><a href=\"https:\/\/www.agromarketsrbija.rs\/srb\/zastita-bilja\/programi-zastite\/1027\/Jagoda\">JAGODA (na otvorenom i zatvorenom)<\/a><\/td>\n<td>1,2<\/td>\n<td>Od faze cvetanja do plodono\u0161enja (BBCH 60-87)<\/td>\n<\/tr>\n<tr class=\"bg-sec-5\">\n<td class=\"bg-5\"><a href=\"https:\/\/www.agromarketsrbija.rs\/srb\/zastita-bilja\/programi-zastite\/1025\/Malina\">MALINA<\/a><\/td>\n<td>1,2 &#8211; 1,6<\/td>\n<td>Od faze cvetanja do 7 dana pred berbu (BBCH 51-69)<\/td>\n<\/tr>\n<\/tbody>\n<\/table>\n<\/div>\n<div class=\"product-info\">\n<p><strong>DELOVANJE:<\/strong><\/p>\n<p>Isofetamid specifi\u010dno deluje na sukcinat dehidrogenaze (SDH) kompleksa II, klju\u010dnog enzima mitohondrijskog disanja u ukr\u0161tanju dva metaboliti\u010dka procesa koji su bitni za \u017eivot \u0107elije gljivice. Inhibicija SDH isofetamidom deluje na proizvodnju energije (ATP) koja se proizvodi u lancu disanja i proizvodnji aminokiselina, lipida i masnih kiselina (metaboliti esencijalni za funkcionalnost \u0107elija) u okviru Krebsovog ciklusa.<\/p>\n<p><strong>SPEKTAR DELOVANJA:<\/strong><\/p>\n<p>Prouzrokova\u010d su\u0161enja cvetova i gran\u010dica kao i mrku trule\u017e (<em>Monilinia laxa<\/em>) u zasadu vi\u0161nje, tre\u0161nje, breskve, \u0161ljive, kajsije; prouzrokova\u010d trule\u017ei plodova (<em>Monilinia fructigena<\/em>) u zasadu breskve, tre\u0161nje, kajsije, vi\u0161nje i \u0161ljive; prouzrokova\u010d sive trule\u017ei (<em>Botrytis cinerea<\/em>) u zasadu vinove loze, jagode i maline.<\/p>\n<p><strong>Preporuke i napomene<\/strong><\/p>\n<p>Treiranje iz vazduhoplova nije dozvoljeno. Uz proveru kompatibilnosti i preporuke proizvo\u0111a\u010da mo\u017ee se me\u0161ati sa drugim sredstvima za za\u0161titu bilja i folijarnim \u0111ubrivima. Ukoliko se primenjuje po datom uputstvu, nema ne\u017eeljene fitotoksi\u010dnosti.<\/p>\n<p>Utro\u0161ak vode 1000 l\/ha (ili 10 l na 100 m<sup>2<\/sup>).<\/p>\n<p>Na\u010din primene: prskanje ili oro\u0161avanje.<\/p>\n<\/div>","protected":false},"excerpt":{"rendered":"<p class=\"detail\"><strong>Klasa:<\/strong> <span class=\"klasa\">Fungicid<\/span><\/p>\n<p class=\"detail\"><strong>Aktivna materija:<\/strong> <span class=\"aktivna-materija\">Izofetamid 400 g\/l<\/span><\/p>\n<p class=\"detail\"><strong>Formulacija:<\/strong> <span class=\"formulacija\">SC \u2013 koncentrovana suspenzija<\/span><\/p>\n<p class=\"detail\"><strong>Proizvo\u0111a\u010d:<\/strong> <span class=\"proizvo\u0111a\u010d\">ISK, Belchim<\/span><\/p>\n<p class=\"detail\"><strong>Karenca:<\/strong> <span class=\"karenca\">KARENCA: 1 dan &#8211; jagoda; 7 dana vi\u0161nja, tre\u0161nja, breskva, kajsija, \u0161ljiva; 21 dan &#8211; vinova loza<\/span><\/p>\n<p class=\"detail\"><strong>Radna karenca:<\/strong> <span class=\"radna-karenca\">do su\u0161enja depozita (6 do 12 sati)<\/span><\/p>\n<p class=\"detail\"><strong>MBT:<\/strong> <span class=\"mbt\">MBT: breskva, kajsija, \u0161ljiva, jagoda, malina 2; vi\u0161nja 3; vinova loza 4<\/span><\/p>","protected":false},"featured_media":8710,"template":"","meta":[],"product_brand":[],"product_cat":[219],"product_tag":[636],"class_list":{"0":"post-4354","1":"product","2":"type-product","3":"status-publish","4":"has-post-thumbnail","6":"product_cat-fungicidi","7":"product_tag-izofetamid-400-g-l","9":"first","10":"outofstock","11":"shipping-taxable","12":"purchasable","13":"product-type-simple"},"_links":{"self":[{"href":"https:\/\/agrarpetrovic.rs\/en\/wp-json\/wp\/v2\/product\/4354","targetHints":{"allow":["GET"]}}],"collection":[{"href":"https:\/\/agrarpetrovic.rs\/en\/wp-json\/wp\/v2\/product"}],"about":[{"href":"https:\/\/agrarpetrovic.rs\/en\/wp-json\/wp\/v2\/types\/product"}],"wp:featuredmedia":[{"embeddable":true,"href":"https:\/\/agrarpetrovic.rs\/en\/wp-json\/wp\/v2\/media\/8710"}],"wp:attachment":[{"href":"https:\/\/agrarpetrovic.rs\/en\/wp-json\/wp\/v2\/media?parent=4354"}],"wp:term":[{"taxonomy":"product_brand","embeddable":true,"href":"https:\/\/agrarpetrovic.rs\/en\/wp-json\/wp\/v2\/product_brand?post=4354"},{"taxonomy":"product_cat","embeddable":true,"href":"https:\/\/agrarpetrovic.rs\/en\/wp-json\/wp\/v2\/product_cat?post=4354"},{"taxonomy":"product_tag","embeddable":true,"href":"https:\/\/agrarpetrovic.rs\/en\/wp-json\/wp\/v2\/product_tag?post=4354"}],"curies":[{"name":"wp","href":"https:\/\/api.w.org\/{rel}","templated":true}]}}