{"id":4356,"date":"2023-07-13T16:11:09","date_gmt":"2023-07-13T14:11:09","guid":{"rendered":"https:\/\/agrarpetrovic.rs\/?post_type=product&#038;p=4356"},"modified":"2025-10-23T11:54:42","modified_gmt":"2025-10-23T09:54:42","slug":"afinex-20-sp-insekticid","status":"publish","type":"product","link":"https:\/\/agrarpetrovic.rs\/en\/proizvod\/afinex-20-sp-insekticid\/","title":{"rendered":"Afinex 20 SP -Insekticid"},"content":{"rendered":"<div class=\"product-details\">\n<p class=\"detail\"><strong>Klasa: <\/strong>Insekticid<\/p>\n<p class=\"detail\"><strong>Aktivna materija: <\/strong>Acetamiprid 200 g\/kg<\/p>\n<p class=\"detail\"><strong>Formulacija: <\/strong>SP &#8211; vodorastvorljivo pra\u0161ivo<\/p>\n<p class=\"detail\"><strong>Pakovanje:<\/strong> 2,5 g, 25 g, 250 g<\/p>\n<p class=\"detail\"><strong>Proizvo\u0111a\u010d: <\/strong>Agromarket<\/p>\n<p class=\"detail\"><strong>Karenca: <\/strong>14 dana &#8211; &#8211; krompir, breskva, nektarina, vi\u0161nja; 28 dana &#8211; jabuka<\/p>\n<\/div>\n<div class=\"product-harvest\">\n<p class=\"detail\">Primena:<\/p>\n<table>\n<thead>\n<tr class=\"bg-7\">\n<th>USEV \/ ZASAD<\/th>\n<th>KOLI\u010cINA PRIMENE<\/th>\n<th>VREME PRIMENE<\/th>\n<\/tr>\n<\/thead>\n<tbody>\n<tr class=\"bg-sec-7\">\n<td class=\"bg-7\"><a href=\"https:\/\/www.agromarket.rs\/srb\/zastita-bilja\/programi-zastite\/1018\/Jabuka\">Jabuka<\/a><\/td>\n<td>0,02 &#8211; 0,025 % (1,25-2,5 g\/10 l) ili 0,02 &#8211; 0,25% (jabukina zelena va\u0161 i biljne va\u0161i)<\/td>\n<td>U vreme pojave<\/td>\n<\/tr>\n<tr class=\"bg-sec-7\">\n<td class=\"bg-7\"><a href=\"https:\/\/www.agromarket.rs\/srb\/zastita-bilja\/programi-zastite\/1009\/Krompir\">Krompir<\/a><\/td>\n<td>0,25 kg\/ha<\/td>\n<td>U vreme pojave prvih larvi IV stupnja<\/td>\n<\/tr>\n<tr class=\"bg-sec-7\">\n<td class=\"bg-7\"><a href=\"https:\/\/www.agromarket.rs\/srb\/zastita-bilja\/programi-zastite\/1020\/Vinova-loza\">*Vinova loza<\/a><\/td>\n<td>0,025 %<\/td>\n<td>Nakon utvr\u0111ivanja maksimalnog leta<\/td>\n<\/tr>\n<tr class=\"bg-sec-7\">\n<td class=\"bg-7\"><a href=\"https:\/\/www.agromarket.rs\/srb\/zastita-bilja\/programi-zastite\/1024\/Visnja-Tresnja\">*Tre\u0161nja<\/a><\/td>\n<td>0,025 %<\/td>\n<td>Nakon utvr\u0111ivanja maksimalnog leta<\/td>\n<\/tr>\n<tr class=\"bg-sec-7\">\n<td class=\"bg-7\"><a href=\"https:\/\/www.agromarket.rs\/srb\/zastita-bilja\/programi-zastite\/1010\/Paradajz-i-plavi-patlidzan\">Paradajz i plavi patlid\u017ean<\/a><\/td>\n<td>0,125 &#8211; 0,25<\/td>\n<td>Nakon utvr\u0111ivanja maksimalnog leta<\/td>\n<\/tr>\n<tr class=\"bg-sec-7\">\n<td class=\"bg-7\"><a href=\"https:\/\/www.agromarket.rs\/srb\/zastita-bilja\/programi-zastite\/1034\/Duvan\">*Duvan<\/a><\/td>\n<td>0,25<\/td>\n<td>Nakon utvr\u0111ivanja maksimalnog leta<\/td>\n<\/tr>\n<tr class=\"bg-sec-7\">\n<td class=\"bg-7\"><a href=\"https:\/\/www.agromarket.rs\/srb\/zastita-bilja\/programi-zastite\/1013\/Kupusasto-povrce\">*Kupus<\/a><\/td>\n<td>0,2 &#8211; 0,4<\/td>\n<td>Nakon utvr\u0111ivanja maksimalnog leta<\/td>\n<\/tr>\n<\/tbody>\n<\/table>\n<\/div>\n<div class=\"product-info\">\n<p><strong>* &#8211; u postupku registracije (tre\u0161nja 0,025%, vinova loza 0,025%, paradajz 0,125-0,25kg\/ha, duvan 0,25kg\/ha, kupus 0,2-0,4kg\/ha)<\/strong><\/p>\n<p><strong>DELOVANJE:<\/strong><\/p>\n<p>Afinex 20 SP je insekticid sa sistemi\u010dnim, kontaktnim i digestivnim delovanjem. Agonist je acetilholinskih receptora, tj. spre\u010dava njihovu funkciju, \u0161to dovodi do gubitka orijentacije kod insekata, prestanka ishrane i uginu\u0107a.<\/p>\n<p><strong>SPEKTAR DELOVANJA:<\/strong><\/p>\n<p>Namenjen je suzbijanju: krompirove zlatice <em>(Leptinotarsa decemlineata ),<\/em> I-III generacije minera ta\u010dkastih mina (<em>Lithocolletis blancardella<\/em> ), jabukine zelene va\u0161i (<em>Aphis pomi<\/em> ), biljne va\u0161i (<em>Dysaphis plantaginea<\/em> ), tre\u0161njine muve (<em>Rhagoletis cerasi<\/em> ), I generacije pepeljastog grozdovog smotavca (<em>Polychrosis botrana<\/em> ), bele leptiraste va\u0161i <em>(Thrialeurodes vaporariorum<\/em> ), biljnih va\u0161i (<em>Aphididae<\/em> ), tripsa (<em>Thrips spp<\/em> .), kupusne va\u0161i (<em>Brevicoryne brassicae<\/em> ).<\/p>\n<p><strong>PREPORUKE I NAPOMENE:<\/strong><\/p>\n<p>Insekticid sa veoma \u0161irokim spektrom delovanja na razli\u010dite vrste,\u00a0kao i razli\u010dite stadijume insekata, tako da njegovom primenom se\u00a0istovremeno suzbijaju skoro svi \u0161tetni insekti koji se na\u0111u na biljci.\u00a0Na primenu ovog preparata ne uti\u010de visoka temperatura vazduha.\u00a0Preparat se mo\u017ee me\u0161ati sa insekticidima i fungicidima, osim onih\u00a0alkalne reakcije, kao Bordovska \u010dorba. Ima odli\u010dno inicijalno i rezidualno\u00a0delovanje.<\/p>\n<\/div>","protected":false},"excerpt":{"rendered":"<p><strong>Klasa:<\/strong> Insekticid<\/p>\n<p><strong>Aktivna materija:<\/strong> Acetamiprid 200 g\/kg<\/p>\n<p><strong>Formulacija:<\/strong> SP &#8211; vodorastvorljivo pra\u0161ivo<\/p>\n<p><strong>Pakovanje:<\/strong> 2,5 g, 25 g, 250 g<\/p>\n<p><strong>Proizvo\u0111a\u010d:<\/strong> Agromarket<\/p>","protected":false},"featured_media":4409,"template":"","meta":[],"product_brand":[],"product_cat":[234,202],"product_tag":[774],"class_list":{"0":"post-4356","1":"product","2":"type-product","3":"status-publish","4":"has-post-thumbnail","6":"product_cat-insekticidi","7":"product_cat-zastita-bilja","8":"product_tag-acetamiprid-200-g-kg","10":"first","11":"outofstock","12":"shipping-taxable","13":"purchasable","14":"product-type-simple"},"_links":{"self":[{"href":"https:\/\/agrarpetrovic.rs\/en\/wp-json\/wp\/v2\/product\/4356","targetHints":{"allow":["GET"]}}],"collection":[{"href":"https:\/\/agrarpetrovic.rs\/en\/wp-json\/wp\/v2\/product"}],"about":[{"href":"https:\/\/agrarpetrovic.rs\/en\/wp-json\/wp\/v2\/types\/product"}],"wp:featuredmedia":[{"embeddable":true,"href":"https:\/\/agrarpetrovic.rs\/en\/wp-json\/wp\/v2\/media\/4409"}],"wp:attachment":[{"href":"https:\/\/agrarpetrovic.rs\/en\/wp-json\/wp\/v2\/media?parent=4356"}],"wp:term":[{"taxonomy":"product_brand","embeddable":true,"href":"https:\/\/agrarpetrovic.rs\/en\/wp-json\/wp\/v2\/product_brand?post=4356"},{"taxonomy":"product_cat","embeddable":true,"href":"https:\/\/agrarpetrovic.rs\/en\/wp-json\/wp\/v2\/product_cat?post=4356"},{"taxonomy":"product_tag","embeddable":true,"href":"https:\/\/agrarpetrovic.rs\/en\/wp-json\/wp\/v2\/product_tag?post=4356"}],"curies":[{"name":"wp","href":"https:\/\/api.w.org\/{rel}","templated":true}]}}