{"id":4357,"date":"2023-07-13T16:11:09","date_gmt":"2023-07-13T14:11:09","guid":{"rendered":"https:\/\/agrarpetrovic.rs\/?post_type=product&#038;p=4357"},"modified":"2025-10-23T11:54:42","modified_gmt":"2025-10-23T09:54:42","slug":"akaristop-akararicid","status":"publish","type":"product","link":"https:\/\/agrarpetrovic.rs\/en\/proizvod\/akaristop-akararicid\/","title":{"rendered":"Akaristop &#8211; Akararicid"},"content":{"rendered":"<div class=\"span9\">\n<div class=\"product-details\">\n<p class=\"detail\"><strong>Klasa:<\/strong>Insekticid<\/p>\n<p class=\"detail\"><strong>Aktivna materija:<\/strong>Abamektin 18 g\/l<\/p>\n<p class=\"detail\"><strong>Formulacija:<\/strong>EC &#8211; koncentrat za emulziju<\/p>\n<p class=\"detail\"><strong>Pakovanje:<\/strong>100 ml, 1 l<\/p>\n<p class=\"detail\"><strong>Proizvo\u0111a\u010d:<\/strong>Agromarket<\/p>\n<p class=\"detail\"><strong>Karenca:<\/strong>3 dana paradajz, 14 dana \u2013 kru\u0161ka, jabuka, malina, OVP &#8211; krompir<\/p>\n<p class=\"detail\"><strong>MBT:<\/strong>1<\/p>\n<p class=\"detail\"><strong>MDK(mg\/kg):<\/strong>0,01 &#8211; kru\u0161ka, jabuka, krompir, 0,02 \u2013 paradajz, 0,1 &#8211; malina<\/p>\n<\/div>\n<div class=\"product-harvest\">\n<p class=\"detail\">Primena:<\/p>\n<table>\n<thead>\n<tr class=\"bg-7\">\n<th>USEV \/ ZASAD<\/th>\n<th>KOLI\u010cINA PRIMENE<\/th>\n<th>VREME PRIMENE<\/th>\n<\/tr>\n<\/thead>\n<tbody>\n<tr class=\"bg-sec-7\">\n<td class=\"bg-7\"><a href=\"https:\/\/www.agromarket.rs\/srb\/zastita-bilja\/programi-zastite\/1019\/Kruska\">Kru\u0161ka<\/a><\/td>\n<td>0,075% (samostalno) (7,5 ml u 10 l vode na 100 m2) ili uz dodatak Nitropol S (1,3%) ili uz dodatak 0,1 % Vin Film<\/td>\n<td>Tretiranje u vreme masovnog piljenja larvi, posle opadanja kruni\u010dnih listi\u0107a<\/td>\n<\/tr>\n<tr class=\"bg-sec-7\">\n<td class=\"bg-7\"><a href=\"https:\/\/www.agromarket.rs\/srb\/zastita-bilja\/programi-zastite\/1018\/Jabuka\">Jabuka<\/a><\/td>\n<td>0,075% ili uz dodatak Nitropol S (1,3%)<\/td>\n<td>Tretiranje po pojavi prvih pokretnih formi i u fazi precvetavanja<\/td>\n<\/tr>\n<tr class=\"bg-sec-7\">\n<td class=\"bg-7\"><a href=\"https:\/\/www.agromarket.rs\/srb\/zastita-bilja\/programi-zastite\/1009\/Krompir\">Krompir<\/a><\/td>\n<td>0,75 l\/ha ili uz dodatak Vin Film 0,3 l\/ha<\/td>\n<td>Tretiranje u vreme masovnog piljenja larvi<\/td>\n<\/tr>\n<tr class=\"bg-sec-7\">\n<td class=\"bg-7\"><a href=\"https:\/\/www.agromarket.rs\/srb\/zastita-bilja\/programi-zastite\/1025\/Malina\">UKRASNO BILJE U ZA\u0160TI\u0106ENOM PROSTORU<\/a><\/td>\n<td>0,05 % (5 ml u 10 l vode na 100 m2) ili uz dodatak 0,15 Vin Film<\/td>\n<td>Tretiranje u vreme masovnog piljenja larvi<\/td>\n<\/tr>\n<tr class=\"bg-sec-7\">\n<td class=\"bg-7\"><a href=\"https:\/\/www.agromarket.rs\/srb\/zastita-bilja\/programi-zastite\/1025\/Malina\">Malina<\/a><\/td>\n<td>0,075 \u2013 0,1 % ili uz dodatak 0,1 % Vin Film<\/td>\n<td>Tretiranje po pojavi pokretnih formi<\/td>\n<\/tr>\n<tr class=\"bg-sec-7\">\n<td class=\"bg-7\"><a href=\"https:\/\/www.agromarket.rs\/srb\/zastita-bilja\/programi-zastite\/1010\/Paradajz-i-plavi-patlidzan\">Paradajz i plavi patlid\u017ean<\/a><\/td>\n<td>0,05% (5 ml u 10 l vode na 100 m2) ili uz dodatak 0,15 % Vin Film<\/td>\n<td>U vreme pojave prvih jedinki<\/td>\n<\/tr>\n<tr class=\"bg-sec-7\">\n<td class=\"bg-7\"><a href=\"https:\/\/www.agromarket.rs\/srb\/zastita-bilja\/programi-zastite\/1025\/Malina\">Ukrasno bilje u za\u0161ti\u0107enom prostoru<\/a><\/td>\n<td>0,05 % (5 ml u 10 l vode na 100 m2) ili uz dodatak 0,15 Vin Film<\/td>\n<td>Tretiranje u vreme masovnog piljenja larvi<\/td>\n<\/tr>\n<\/tbody>\n<\/table>\n<\/div>\n<div class=\"product-info\">\n<p><strong>DELOVANJE:<\/strong><\/p>\n<p>Nesistemi\u010dni, translaminarni, kontaktni i utrobni insekticid i akaricid za suzbijanje pokretnih oblika \u0161tetnih insekata i grinja. Zadr\u017eava se u parehnimskom tkivu \u010dime se obezbe\u0111uje produ\u017eena aktivnost preparata. Stimuli\u0161e aktivnost transmitera u nervnom sistemu artropoda \u0161to dovodi do poreme\u0107aja u protoku nervnih impulsa. Do mesta delovanja dospeva kontaktnim putem ili ingestijom. Simptomi delovanja se manifestuju kroz ireverzibilnu paralizu i prestanak ishrane insekta, odnosno grinja.<\/p>\n<p><strong>SPEKTAR DELOVANJA:<\/strong><\/p>\n<p>Namenjen je za suzbijanje obi\u010dne kru\u0161kine buve (Psylla pyri), u zasadu kru\u0161ke, crvene vo\u0107ne grinje (Panonichus ulmi) i atlantski pregalj (Tetranichus turkestani) u zasadu jabuke, krompirove zlatice (Leptinotarsa decemlineata) u usevu krompira, tripsa (Franchinella occidentalis) u ukrasnom bilju u za\u0161ti\u0107enom prostoru, eriofidne grinje lista (Phylocoptes gracilis) u malini, obi\u010dnog pau\u010dinara (Tetranychus urticae) u paradajzu u za\u0161ti\u0107enom prostoru<\/p>\n<p><strong>PREPORUKE I NAPOMENE:<\/strong><\/p>\n<p>protiv grinja se primenjuje na po\u010detku vegetacije kada su temperature<br \/>\nni\u017ee, a u suzbijanju kru\u0161kine buve je nezamenljiv ,jer dobro deluje na sve\u00a0larvene stupnjeve koji stvaraju mednu rosu. Ne sme se me\u0161ati sa preparatima\u00a0na bazi sumpora i kaptana, kao i preparatima izrazito bazne\u00a0i kisele reakcije. Ne primenjivati preparat kada je spoljna temperatura\u00a0vazduha vi\u0161a od 25\u00ba C, ili kada se o\u010dekuje da \u0107e pre\u0107i tu granicu\u00a0u naredna dva dana od momenta primene. Ne sme se primenjivati\u00a0u vreme cvetanja useva i zasada zbog opasnosti od trovanja p\u010dela.<br \/>\nU kombinaciji sa rafinisanim mineralnim uljem mo\u017ee do\u0107i do blagih<br \/>\nsimptoma r\u0111e na pojedinim sortama kru\u0161ke, naj\u010de\u0161\u0107e ukoliko\u00a0se primeni tri dana pre ili posle obavljenog tretiranja fungicidima\u00a0na bazi ditianona ili kaptana. Kod pojedinih sorata jabuke, prolazna\u00a0pegavost plodova mo\u017ee nastati kao posledica primene manjih zapremina\u00a0vode prilikom tretiranja. Fitotoksi\u010dan je za pojedine vrste ukrasnih\u00a0paprati i mo\u017ee izazvati pege ili oboljenja na listovima begonija,\u00a0karanfila ili kalanhoja.<\/p>\n<\/div>\n<\/div>","protected":false},"excerpt":{"rendered":"<div class=\"span8 product-details\">\n<p><strong>Klasa: <\/strong>Akaricidi<\/p>\n<p><strong>Aktivna materija:<\/strong> Abamektin 18 g\/l<\/p>\n<p><strong>Formulacija:<\/strong> EC &#8211; koncentrat za emulziju<\/p>\n<p><strong>Pakovanje:<\/strong> 100 ml, 1 l<\/p>\n<p><strong>Proizvo\u0111a\u010d:<\/strong> Agromarket<\/p>\n<\/div>","protected":false},"featured_media":4410,"template":"","meta":[],"product_brand":[],"product_cat":[281,202],"product_tag":[551],"class_list":{"0":"post-4357","1":"product","2":"type-product","3":"status-publish","4":"has-post-thumbnail","6":"product_cat-akaricidi","7":"product_cat-zastita-bilja","8":"product_tag-abamektin-18-g-l","10":"first","11":"outofstock","12":"shipping-taxable","13":"purchasable","14":"product-type-simple"},"_links":{"self":[{"href":"https:\/\/agrarpetrovic.rs\/en\/wp-json\/wp\/v2\/product\/4357","targetHints":{"allow":["GET"]}}],"collection":[{"href":"https:\/\/agrarpetrovic.rs\/en\/wp-json\/wp\/v2\/product"}],"about":[{"href":"https:\/\/agrarpetrovic.rs\/en\/wp-json\/wp\/v2\/types\/product"}],"wp:featuredmedia":[{"embeddable":true,"href":"https:\/\/agrarpetrovic.rs\/en\/wp-json\/wp\/v2\/media\/4410"}],"wp:attachment":[{"href":"https:\/\/agrarpetrovic.rs\/en\/wp-json\/wp\/v2\/media?parent=4357"}],"wp:term":[{"taxonomy":"product_brand","embeddable":true,"href":"https:\/\/agrarpetrovic.rs\/en\/wp-json\/wp\/v2\/product_brand?post=4357"},{"taxonomy":"product_cat","embeddable":true,"href":"https:\/\/agrarpetrovic.rs\/en\/wp-json\/wp\/v2\/product_cat?post=4357"},{"taxonomy":"product_tag","embeddable":true,"href":"https:\/\/agrarpetrovic.rs\/en\/wp-json\/wp\/v2\/product_tag?post=4357"}],"curies":[{"name":"wp","href":"https:\/\/api.w.org\/{rel}","templated":true}]}}