{"id":4358,"date":"2023-07-13T16:11:09","date_gmt":"2023-07-13T14:11:09","guid":{"rendered":"https:\/\/agrarpetrovic.rs\/?post_type=product&#038;p=4358"},"modified":"2025-10-27T10:51:57","modified_gmt":"2025-10-27T09:51:57","slug":"ambarin-insekticid","status":"publish","type":"product","link":"https:\/\/agrarpetrovic.rs\/en\/proizvod\/ambarin-insekticid\/","title":{"rendered":"Ambarin &#8211; Insekticid"},"content":{"rendered":"<div class=\"product-details\">\n<p class=\"detail\"><strong>Klasa:<\/strong>Insekticid<\/p>\n<p class=\"detail\"><strong>Aktivna materija:<\/strong>Cipermetrin 80 g\/l + Piperonil butoksid 228 g\/l (sinergist)<\/p>\n<p class=\"detail\"><strong>Formulacija:<\/strong>EC &#8211; koncentrat za emulziju<\/p>\n<p class=\"detail\"><strong>Pakovanje:<\/strong>1 l<\/p>\n<p class=\"detail\"><strong>Proizvo\u0111a\u010d:<\/strong>Arysta LifeScience<\/p>\n<p class=\"detail\"><strong>Karenca:<\/strong>OVP<\/p>\n<p class=\"detail\"><strong>MBT:<\/strong>1<\/p>\n<p class=\"detail\"><strong>MDK(mg\/kg):<\/strong>2,0<\/p>\n<\/div>\n<div class=\"product-harvest\">\n<p class=\"detail\">Primena:<\/p>\n<table>\n<thead>\n<tr class=\"bg-7\">\n<th>USEV \/ ZASAD<\/th>\n<th>KOLI\u010cINA PRIMENE<\/th>\n<th>VREME PRIMENE<\/th>\n<\/tr>\n<\/thead>\n<tbody>\n<tr class=\"bg-sec-7\">\n<td class=\"bg-7\"><a href=\"https:\/\/www.agromarket.rs\/srb\/zastita-bilja\/programi-zastite\/1035\/Ostalo\">Prazni objekti za skladi\u0161tenje <\/a><\/td>\n<td>60 ml\/100 m2 (u 10 l vode na 100 m\u00b2)<\/td>\n<td>Pre uno\u0161enja zrnaste robe<\/td>\n<\/tr>\n<tr class=\"bg-sec-7\">\n<td class=\"bg-7\"><a href=\"https:\/\/www.agromarket.rs\/srb\/zastita-bilja\/programi-zastite\/1002\/Psenica\">\u017dito (merkantilno i semensko)<\/a><\/td>\n<td>20 ml\/ toni (u 1 l vode po toni)<\/td>\n<td>Po uno\u0161enju zrnaste robe i tokom skladi\u0161tenja<\/td>\n<\/tr>\n<\/tbody>\n<\/table>\n<\/div>\n<div class=\"product-info\">\n<p><strong>DELOVANJE: <\/strong><\/p>\n<p>Ambarin je insekticid na bazi Cipermetrina koji pripada grupi Piretroida. Deluje\u00a0na nervni sistem insekta prouzrokuju\u0107i poreme\u0107aj u protoku nervnih impulsa jer remeti protok<br \/>\nNa+ jona kroz nervnu membranu.<\/p>\n<p><strong>SPEKTAR DELOVANJA:<\/strong><\/p>\n<ul>\n<li>a \u2013 tretman skladi\u0161nih povr\u0161ina od betona \u2013 objekti za skladi\u0161tenje \u017eita, za suzbijanje skladi\u0161nih tvrdokrilaca <em>(Coleoptera)<\/em> \u2013 \u017eitni \u017ei\u017eak <em>(Sitophilus granarius L<\/em>), pirin\u010dani \u017ei\u017eak <em>(Sitophilus oryzae L)<\/em>, rizoperta<em>(Rhyzopertha dominica F)<\/em>, i skladi\u0161nih leptira <em>(Lepidoptera)<\/em> \u2013 kestenjasti moljac <em>(Tribolium castaneum)<\/em>, \u017eitni moljac <em>(Sitotroga cerealella)<\/em> i bakrenasti moljac <em>(Plodia intarpunctela)<\/em><\/li>\n<li>b \u2013 tretman merkantilnog i semenskog \u017eita (p\u0161enica, tritikale, je\u010dam,ra\u017e i zob-ovas) u zrnu, osim kukuruza za suzbijanje skladi\u0161nih tvrdokrilaca<em>(Coleoptera)<\/em> i skladi\u0161nih leptira <em>(Lepidoptera)<\/em>.<\/li>\n<\/ul>\n<p><strong>PREPORUKE I NAPOMENE:<\/strong><\/p>\n<p>trajnost (perzistentnost) delovanja preparata u skladi\u0161tima je 60\u00a0dana, a trajnost (rezidualnost) delovanja preparata u tretiranoj\u00a0p\u0161enici u zrnu je 180 dana.\u00a0Preparat se primenjuje pomo\u0107u ru\u010dne prskalice niskog pritiska, atomizerima\u00a0i ure\u0111ajima za primenu te\u010dnih formulacija insekticida u skladi\u0161nim\u00a0objektima uz utro\u0161ak 10 litara vode\/100m2 za tretiranje objekata\u00a0i pomo\u0107u ure\u0111aja za tretiranje semena uz utro\u0161ak 1litra vode\u00a0na 1 tonu robe (p\u0161enica, tritikale, je\u010dam, ra\u017e i zob). Preparat se ne\u00a0sme me\u0161ati sa alkalnim preparatima i preparatima koji imaju visok\u00a0sadr\u017eaj glikola ili drugih alkohola. Pri radu nositi odgovaraju\u0107u ode\u0107u,\u00a0rukavice i za\u0161titna sredstva za o\u010di i lice. Tokom rada ne sme se jesti, piti\u00a0i pu\u0161iti. Posle rada, ruke i lice oprati hladnom vodom i sapunom.\u00a0Zbog ukr\u0161tene rezistentnosti, ne primenjivati preparat alternativno\u00a0sa preparatima na bazi piretroida.<\/p>\n<\/div>","protected":false},"excerpt":{"rendered":"<p><strong>Klasa:<\/strong> Insekticid<\/p>\n<p><strong>Aktivna materija:<\/strong> Cipermetrin 80 g\/l + Piperonil butoksid 228 g\/l (sinergist)<\/p>\n<p><strong>Formulacija:<\/strong> EC &#8211; koncentrat za emulziju<\/p>\n<p><strong>Pakovanje:<\/strong> 1 l<\/p>\n<p><strong>Proizvo\u0111a\u010d:<\/strong> Arysta LifeScience<\/p>","protected":false},"featured_media":4411,"template":"","meta":[],"product_brand":[],"product_cat":[234,202],"product_tag":[574],"class_list":{"0":"post-4358","1":"product","2":"type-product","3":"status-publish","4":"has-post-thumbnail","6":"product_cat-insekticidi","7":"product_cat-zastita-bilja","8":"product_tag-cipermetrin-80-g-l-piperonil-butoksid-228-g-l","10":"first","11":"instock","12":"featured","13":"shipping-taxable","14":"purchasable","15":"product-type-simple"},"_links":{"self":[{"href":"https:\/\/agrarpetrovic.rs\/en\/wp-json\/wp\/v2\/product\/4358","targetHints":{"allow":["GET"]}}],"collection":[{"href":"https:\/\/agrarpetrovic.rs\/en\/wp-json\/wp\/v2\/product"}],"about":[{"href":"https:\/\/agrarpetrovic.rs\/en\/wp-json\/wp\/v2\/types\/product"}],"wp:featuredmedia":[{"embeddable":true,"href":"https:\/\/agrarpetrovic.rs\/en\/wp-json\/wp\/v2\/media\/4411"}],"wp:attachment":[{"href":"https:\/\/agrarpetrovic.rs\/en\/wp-json\/wp\/v2\/media?parent=4358"}],"wp:term":[{"taxonomy":"product_brand","embeddable":true,"href":"https:\/\/agrarpetrovic.rs\/en\/wp-json\/wp\/v2\/product_brand?post=4358"},{"taxonomy":"product_cat","embeddable":true,"href":"https:\/\/agrarpetrovic.rs\/en\/wp-json\/wp\/v2\/product_cat?post=4358"},{"taxonomy":"product_tag","embeddable":true,"href":"https:\/\/agrarpetrovic.rs\/en\/wp-json\/wp\/v2\/product_tag?post=4358"}],"curies":[{"name":"wp","href":"https:\/\/api.w.org\/{rel}","templated":true}]}}