{"id":4373,"date":"2023-07-13T16:11:32","date_gmt":"2023-07-13T14:11:32","guid":{"rendered":"https:\/\/agrarpetrovic.rs\/?post_type=product&#038;p=4373"},"modified":"2025-10-27T10:51:50","modified_gmt":"2025-10-27T09:51:50","slug":"coragen-20-sc-insekticid","status":"publish","type":"product","link":"https:\/\/agrarpetrovic.rs\/en\/proizvod\/coragen-20-sc-insekticid\/","title":{"rendered":"Coragen 20 SC &#8211; Insekticid"},"content":{"rendered":"<div class=\"product-details\">\n<p class=\"detail\"><strong>Klasa:<\/strong>Insekticid<\/p>\n<p class=\"detail\"><strong>Aktivna materija:<\/strong>Hlorantraniliprol 200g\/l<\/p>\n<p class=\"detail\"><strong>Formulacija:<\/strong>SC &#8211; koncentrovana suspenzija<\/p>\n<p class=\"detail\"><strong>Pakovanje:<\/strong>5ml, 100ml<\/p>\n<p class=\"detail\"><strong>Proizvo\u0111a\u010d:<\/strong>FMC<\/p>\n<p class=\"detail\"><strong>Karenca:<\/strong>14 &#8211; dana jabu\u010dasto vo\u0107e i breskva, krompir, kukuruz \u0161e\u0107erac; 28 &#8211; dana vinova loza; 7 dana; 1 &#8211; dan kupus, paradajz<\/p>\n<p class=\"detail\"><strong>MDK:<\/strong>0,2 jabu\u010dasto vo\u0107e I kukuruz \u0161e\u0107erac; 0,1 krompir; 1,0 gro\u017e\u0111e; 2,0 kupus<\/p>\n<p class=\"detail\"><strong>MBT:<\/strong>2<\/p>\n<\/div>\n<div class=\"product-harvest\">\n<p class=\"detail\">Primena:<\/p>\n<table>\n<thead>\n<tr class=\"bg-7\">\n<th>USEV \/ ZASAD<\/th>\n<th>KOLI\u010cINA PRIMENE<\/th>\n<th>VREME PRIMENE<\/th>\n<\/tr>\n<\/thead>\n<tbody>\n<tr class=\"bg-sec-7\">\n<td class=\"bg-7\"><a href=\"https:\/\/www.agromarket.rs\/srb\/zastita-bilja\/programi-zastite\/1018\/Jabuka\">Jabuka<\/a><\/td>\n<td>0,016 &#8211; 0,02 % (1,6 &#8211; 2,0 ml u 10 l vode )<\/td>\n<td>Za vreme polaganja jaja, pre piljenja larvi i ubu\u0161ivanja u plodove<\/td>\n<\/tr>\n<tr class=\"bg-sec-7\">\n<td class=\"bg-7\"><a href=\"https:\/\/www.agromarket.rs\/srb\/zastita-bilja\/programi-zastite\/1009\/Krompir\">Krompir<\/a><\/td>\n<td>0,05-0,06<\/td>\n<td>0,05-0,06 Na po\u010detku piljena larvi do pojave prvih larvi L3<\/td>\n<\/tr>\n<tr class=\"bg-sec-7\">\n<td class=\"bg-7\"><a href=\"https:\/\/www.agromarket.rs\/srb\/zastita-bilja\/programi-zastite\/1022\/Breskva-i-nektarina\">Breskva i nektarina<\/a><\/td>\n<td>0,016 &#8211; 0,02 %<\/td>\n<td>Za vreme polaganja jaja, pre piljenja larvi i ubu\u0161ivanja u plodove<\/td>\n<\/tr>\n<tr class=\"bg-sec-7\">\n<td class=\"bg-7\"><a href=\"https:\/\/www.agromarket.rs\/srb\/zastita-bilja\/programi-zastite\/1020\/Vinova-loza\">Vinova loza<\/a><\/td>\n<td>0,015 &#8211; 0,018 (1,5 &#8211; 1,8 ml u 10 l vode)<\/td>\n<td>Za vreme polaganja jaja, pre piljenja larvi i ubu\u0161ivanja u plodove<\/td>\n<\/tr>\n<tr class=\"bg-sec-7\">\n<td class=\"bg-7\"><a href=\"https:\/\/www.agromarket.rs\/srb\/zastita-bilja\/programi-zastite\/1001\/Kukuruz\">Kukuruz<\/a><\/td>\n<td>0,1 &#8211; 0,15<\/td>\n<td>Za vreme polaganja jaja, pre piljenja i na po\u010detku piljenja gusenica<\/td>\n<\/tr>\n<tr class=\"bg-sec-7\">\n<td class=\"bg-7\"><a href=\"https:\/\/www.agromarket.rs\/srb\/zastita-bilja\/programi-zastite\/1010\/Paradajz-i-plavi-patlidzan\">Paradajz i plavi patlid\u017ean<\/a><\/td>\n<td>0,14 &#8211; 0,20<\/td>\n<td>U period piljenja iz jaja odnosno prilikom masovnog leta u intervalima 7-10-14 dana<\/td>\n<\/tr>\n<tr class=\"bg-sec-7\">\n<td class=\"bg-7\"><a href=\"https:\/\/www.agromarket.rs\/srb\/zastita-bilja\/programi-zastite\/1013\/Kupusasto-povrce\">Kupus<\/a><\/td>\n<td>0,14 &#8211; 0,20<\/td>\n<td>Za vreme polaganja jaja, a pre piljenja gusenica<\/td>\n<\/tr>\n<\/tbody>\n<\/table>\n<\/div>\n<div class=\"product-info\">\n<p><strong>DELOVANJE:<\/strong><\/p>\n<p>Coragen\u00ae 20 SC je insekticid sa kontaktnim i digestivnim delovanjem. Ima ovicidno i larvicidno delovanje na sve stadijume larvi, kao i nekih adulta, posebno kod krompirove zlatice. Preparat ima i ovilarvicidno dejstvo. Deluje kontaktno i digestivno. Paraliza nastupa nakon nekoliko sati, a za potpunu kontrolu je potrebno da pro\u0111e 2 &#8211; 4 dana. Prouzrokuje aktivaciju receptora rianodina kod insekata, \u010dime se stimuli\u0161e otpu\u0161tanje kalcijuma iz unutra\u0161njih depoa glatkih i popre\u010dno prugastih mi\u0161i\u0107a, izazivaju\u0107i slabljenje mi\u0161i\u0107ne kontrole, paralizu i na kraju, smrt insekta.<\/p>\n<p><strong>SPEKTAR DELOVANJA:<\/strong><\/p>\n<p>Jabukin smotavac <em>(Cydia pomonella)<\/em>, miner ta\u010dkastih mina <em>(Leucoptera scitella)<\/em>, miner mramornih mina <em>(Phyllonorychter blancardella)<\/em>, pepeljasti grozdov moljac <em>(Lobesia botrana)<\/em>, breskvin smotavac <em>(Cydia molesta)<\/em>, krompirova zlatica<em> (Leptinotarsa decemlineata)<\/em>, veliki kupusar <em>(Pieris brassicae)<\/em>, mali kupusar <em>(Pieris rapae)<\/em>, kupusov moljac<em> (Plutella xylostella)<\/em>, kukuruzni plamenac <em>(Ostrinia nubilalis)<\/em>, pamukova sovica <em>(Helicoverpa armigera)<\/em>.<\/p>\n<p><strong>PREPORUKE I NAPOMENE:<\/strong><\/p>\n<p>preparat nije \u0161tetan za sisare, ptice, p\u010dele i ki\u0161ne gliste te predstavlja novi standard u kontroli insekata. Zbog novog mehanizma delovanja odli\u010dno suzbija populacije insekata kod kojih je registrovana sni\u017eena osetljivost u odnosu na insekticide iz drugih grupa . Da bi se obezbedio ovicidni (delovanje na jaja) efekat, neophodno je da jaja budu polo\u017eena na ve\u0107 tretiranu povr\u0161inu. Poseduje odli\u010dnu otpornost na spiranje ki\u0161om. Nova hemijska materija me\u0111u inseticidima, odli\u010dno deluje ne sve Lepidoptere. Najve\u0107i procenat efikasnosti kada se oprskaju jaja pred piljenje.<\/p>\n<\/div>","protected":false},"excerpt":{"rendered":"<p><strong>Klasa:<\/strong> Insekticid<\/p>\n<p><strong>Aktivna materija:<\/strong> Hlorantraniliprol 200g\/l<\/p>\n<p><strong>Formulacija:<\/strong> SC &#8211; koncentrovana suspenzija<\/p>\n<p><strong>Pakovanje:<\/strong> 5ml, 100ml<\/p>\n<p><strong>Proizvo\u0111a\u010d:<\/strong> FMC<\/p>","protected":false},"featured_media":4415,"template":"","meta":[],"product_brand":[],"product_cat":[234],"product_tag":[627],"class_list":{"0":"post-4373","1":"product","2":"type-product","3":"status-publish","4":"has-post-thumbnail","6":"product_cat-insekticidi","7":"product_tag-hlorantraniliprol","9":"first","10":"instock","11":"featured","12":"shipping-taxable","13":"purchasable","14":"product-type-simple"},"_links":{"self":[{"href":"https:\/\/agrarpetrovic.rs\/en\/wp-json\/wp\/v2\/product\/4373","targetHints":{"allow":["GET"]}}],"collection":[{"href":"https:\/\/agrarpetrovic.rs\/en\/wp-json\/wp\/v2\/product"}],"about":[{"href":"https:\/\/agrarpetrovic.rs\/en\/wp-json\/wp\/v2\/types\/product"}],"wp:featuredmedia":[{"embeddable":true,"href":"https:\/\/agrarpetrovic.rs\/en\/wp-json\/wp\/v2\/media\/4415"}],"wp:attachment":[{"href":"https:\/\/agrarpetrovic.rs\/en\/wp-json\/wp\/v2\/media?parent=4373"}],"wp:term":[{"taxonomy":"product_brand","embeddable":true,"href":"https:\/\/agrarpetrovic.rs\/en\/wp-json\/wp\/v2\/product_brand?post=4373"},{"taxonomy":"product_cat","embeddable":true,"href":"https:\/\/agrarpetrovic.rs\/en\/wp-json\/wp\/v2\/product_cat?post=4373"},{"taxonomy":"product_tag","embeddable":true,"href":"https:\/\/agrarpetrovic.rs\/en\/wp-json\/wp\/v2\/product_tag?post=4373"}],"curies":[{"name":"wp","href":"https:\/\/api.w.org\/{rel}","templated":true}]}}