{"id":4374,"date":"2023-07-13T16:11:32","date_gmt":"2023-07-13T14:11:32","guid":{"rendered":"https:\/\/agrarpetrovic.rs\/?post_type=product&#038;p=4374"},"modified":"2025-10-27T10:51:51","modified_gmt":"2025-10-27T09:51:51","slug":"cythrin-250-ec-insekticid","status":"publish","type":"product","link":"https:\/\/agrarpetrovic.rs\/en\/proizvod\/cythrin-250-ec-insekticid\/","title":{"rendered":"Cythrin 250 EC &#8211; Insekticid"},"content":{"rendered":"<div class=\"span9\">\n<div class=\"product-details\">\n<p class=\"detail\"><strong>Klasa:<\/strong>Insekticid<\/p>\n<p class=\"detail\"><strong>Aktivna materija:<\/strong>Cipermetrin 200 g\/l<\/p>\n<p class=\"detail\"><strong>Formulacija:<\/strong>EC &#8211; koncentrat za emulziju<\/p>\n<p class=\"detail\"><strong>Pakovanje:<\/strong>50ml, 100ml, 1l<\/p>\n<p class=\"detail\"><strong>Proizvo\u0111a\u010d:<\/strong>Arysta LifeScience<\/p>\n<p class=\"detail\"><strong>Karenca:<\/strong>10 dana &#8211; strna \u017eita, 56 dana &#8211; vinova loza<\/p>\n<p class=\"detail\"><strong>MDK:<\/strong>0,5 &#8211; vinova loza; 0,1 &#8211; strna \u017eita<\/p>\n<p class=\"detail\"><strong>MBT:<\/strong>2<\/p>\n<\/div>\n<div class=\"product-harvest\">\n<p class=\"detail\">Primena:<\/p>\n<table>\n<thead>\n<tr class=\"bg-7\">\n<th>USEV \/ ZASAD<\/th>\n<th>KOLI\u010cINA PRIMENE<\/th>\n<th>VREME PRIMENE<\/th>\n<\/tr>\n<\/thead>\n<tbody>\n<tr class=\"bg-sec-7\">\n<td class=\"bg-7\"><a href=\"https:\/\/www.agromarket.rs\/srb\/zastita-bilja\/programi-zastite\/1002\/Psenica\">Strna \u017eita<\/a><\/td>\n<td>0,12 &#8211; 0,24 l\/ha<\/td>\n<td>Mla\u0111i larveni stadijumi<\/td>\n<\/tr>\n<tr class=\"bg-sec-7\">\n<td class=\"bg-7\"><a href=\"https:\/\/www.agromarket.rs\/srb\/zastita-bilja\/programi-zastite\/1020\/Vinova-loza\">Vinova loza<\/a><\/td>\n<td>0,012 &#8211; 0,024%<\/td>\n<td>Na po\u010detku piljenja prvih gusenica<\/td>\n<\/tr>\n<\/tbody>\n<\/table>\n<\/div>\n<div class=\"product-info\">\n<p><strong>DELOVANJE:<\/strong><\/p>\n<p>Cythrin 250 EC je nesistemi\u010dni insekticid iz grupe Piretroida koji deluje digestivno i kontaktno. Remeti protok Na+ jona kroz nervnu membranu.<\/p>\n<p><strong>SPEKTAR DELOVANJA:<\/strong><\/p>\n<p>Namenjen je suzbijanju \u0161tetnih insekata: \u017eitna pijavica (<em>Lema melanopus<\/em> ), i grozdov smotavac (<em>Lobesia botrana<\/em> ).<\/p>\n<p><strong>PREPORUKE I NAPOMENE:<\/strong><\/p>\n<p>ne sme se me\u0161ati sa alkalnim i preparatima koji imaju visok sadr\u017eaj glikola i drugih alkohola. Tretiranje iz vazduhoplova dozvoljeno samo u usevu \u0161e\u0107erne repe. Klasi\u010dni piretroid, brzog inicijalnog delovanja (\u201cnokdaun efekat\u201d). \u0160irok spektar delovanja na sve vrste insekata i skoro sve stadijume. Primenjivati ga na po\u010detku vegetacije kada su temperature ni\u017ee do 200C, jer zbog isparljivosti na vi\u0161im temperaturama kratko deluje.<\/p>\n<\/div>\n<\/div>","protected":false},"excerpt":{"rendered":"<p><strong>Klasa:<\/strong> Insekticid<\/p>\n<p><strong>Aktivna materija:<\/strong> Cipermetrin 200 g\/l<\/p>\n<p><strong>Formulacija:<\/strong> EC &#8211; koncentrat za emulziju<\/p>\n<p><strong>Pakovanje:<\/strong> 50ml, 100ml, 1l<\/p>\n<p><strong>Proizvo\u0111a\u010d:<\/strong> Arysta LifeScience<\/p>","protected":false},"featured_media":4416,"template":"","meta":[],"product_brand":[],"product_cat":[234],"product_tag":[573],"class_list":{"0":"post-4374","1":"product","2":"type-product","3":"status-publish","4":"has-post-thumbnail","6":"product_cat-insekticidi","7":"product_tag-cipermetrin-250-g-l","9":"first","10":"instock","11":"featured","12":"shipping-taxable","13":"purchasable","14":"product-type-simple"},"_links":{"self":[{"href":"https:\/\/agrarpetrovic.rs\/en\/wp-json\/wp\/v2\/product\/4374","targetHints":{"allow":["GET"]}}],"collection":[{"href":"https:\/\/agrarpetrovic.rs\/en\/wp-json\/wp\/v2\/product"}],"about":[{"href":"https:\/\/agrarpetrovic.rs\/en\/wp-json\/wp\/v2\/types\/product"}],"wp:featuredmedia":[{"embeddable":true,"href":"https:\/\/agrarpetrovic.rs\/en\/wp-json\/wp\/v2\/media\/4416"}],"wp:attachment":[{"href":"https:\/\/agrarpetrovic.rs\/en\/wp-json\/wp\/v2\/media?parent=4374"}],"wp:term":[{"taxonomy":"product_brand","embeddable":true,"href":"https:\/\/agrarpetrovic.rs\/en\/wp-json\/wp\/v2\/product_brand?post=4374"},{"taxonomy":"product_cat","embeddable":true,"href":"https:\/\/agrarpetrovic.rs\/en\/wp-json\/wp\/v2\/product_cat?post=4374"},{"taxonomy":"product_tag","embeddable":true,"href":"https:\/\/agrarpetrovic.rs\/en\/wp-json\/wp\/v2\/product_tag?post=4374"}],"curies":[{"name":"wp","href":"https:\/\/api.w.org\/{rel}","templated":true}]}}