{"id":4375,"date":"2023-07-13T16:11:32","date_gmt":"2023-07-13T14:11:32","guid":{"rendered":"https:\/\/agrarpetrovic.rs\/?post_type=product&#038;p=4375"},"modified":"2025-10-27T10:51:52","modified_gmt":"2025-10-27T09:51:52","slug":"delegate-250-wg-insekticid","status":"publish","type":"product","link":"https:\/\/agrarpetrovic.rs\/en\/proizvod\/delegate-250-wg-insekticid\/","title":{"rendered":"Delegate 250 WG &#8211; Insekticid"},"content":{"rendered":"<p><strong>Klasa:<\/strong> Insekticid<\/p>\n<p><strong>Aktivna materija:<\/strong> Spinetoram 250 g\/kg<\/p>\n<p><strong>Formulacija:<\/strong> WG \u2013 vododisperzibilne granule<\/p>\n<p><strong>Pakovanje:<\/strong> 1 l<\/p>\n<p><strong>Proizvo\u0111a\u010d:<\/strong> Dow AgroSciences<\/p>","protected":false},"excerpt":{"rendered":"<div class=\"span9\">\n<div class=\"product-details\">\n<p class=\"detail\"><strong>Klasa:<\/strong>Insekticid<\/p>\n<p class=\"detail\"><strong>Aktivna materija:<\/strong>Spinetoram 250 g\/kg<\/p>\n<p class=\"detail\"><strong>Formulacija:<\/strong>WG \u2013 vododisperzibilne granule<\/p>\n<p class=\"detail\"><strong>Pakovanje:<\/strong> 1 l<\/p>\n<p class=\"detail\"><strong>Proizvo\u0111a\u010d:<\/strong>Dow AgroSciences<\/p>\n<p class=\"detail\"><strong>Karenca:<\/strong> 7 dana<\/p>\n<p class=\"detail\"><strong>MBT:<\/strong>2<\/p>\n<p class=\"detail\"><strong>MDK(mg\/kg):<\/strong>KRU\u0160KA: SRB 0,2 \/ EU 0,2 \/ SAD 0,2 \/ RUS 0,2 JABUKA: SRB 0,2 \/ EU 0,2 \/ SAD 0,2 \/ RUS 0,2<\/p>\n<\/div>\n<div class=\"product-harvest\">\n<p class=\"detail\">Primena:<\/p>\n<table>\n<thead>\n<tr class=\"bg-7\">\n<th>USEV \/ ZASAD<\/th>\n<th>KOLI\u010cINA PRIMENE<\/th>\n<th>VREME PRIMENE<\/th>\n<\/tr>\n<\/thead>\n<tbody>\n<tr class=\"bg-sec-7\">\n<td class=\"bg-7\"><a href=\"https:\/\/www.agromarket.rs\/srb\/zastita-bilja\/programi-zastite\/1019\/Kruska\">Kru\u0161ka<\/a><\/td>\n<td>0,3 \u2013 0,4 (l-kg\/ha)<\/td>\n<td>Tretman u vreme masovnog piljenja larvi, a kru\u0161ka u fazi razvoja (BBCH-skala 71-75)<\/td>\n<\/tr>\n<tr class=\"bg-sec-7\">\n<td class=\"bg-7\"><a href=\"https:\/\/www.agromarket.rs\/srb\/zastita-bilja\/programi-zastite\/1018\/Jabuka\">Jabuka<\/a><\/td>\n<td>0,3 \u2013 0,4 (l-kg\/ha)<\/td>\n<td>Tretman na po\u010detku piljenja larvi, a jabuka u fazi razvoja (73-75 BBCH-skale)<\/td>\n<\/tr>\n<\/tbody>\n<\/table>\n<\/div>\n<div class=\"product-info\">\n<p><strong>DELOVANJE:<\/strong><\/p>\n<p>Aktivna materija pripada grupi Spinosini, deluje kao neurotoksi\u010dni insekticid, alosteri\u010dni aktivator nikotinskih receptora acetilholina.<\/p>\n<p><strong>SPEKTAR DELOVANJA:<\/strong><\/p>\n<p>Namenjen je suzbijanju obi\u010dne kru\u0161kine buve (Cacopsylla pyri) u zasadu kru\u0161ke i jabukinog smotavca (Cydia pomonella) u zasadu jabuke.<\/p>\n<p><strong>PREPORUKE I NAPOMENE:<\/strong><\/p>\n<p>Ne preporu\u010duje se primena preparata Delegate 250 WG u vreme cvetanja vo\u0107a, odnosno u vreme leta opra\u0161iva\u010da (p\u010dele, bumbari&#8230;). Preparat ne treba primenjivati alternativno sa preparatima na bazi spinosada.Preparat je mogu\u0107e me\u0161ati sa ve\u0107inom insekticida i fungicida uz prethodnu proveru kompatibilnosti, ali se ne preporu\u010duje tank-mix sa preparatima alkalne reakcije. Preparat se primenjuje folijarno tokom vegetacije svim ure\u0111ajima za tretiranje sa zemlje. Tretman iz vazduhoplova nije dozvoljen.<\/p>\n<\/div>\n<\/div>","protected":false},"featured_media":4417,"template":"","meta":[],"product_brand":[],"product_cat":[234],"product_tag":[708],"class_list":{"0":"post-4375","1":"product","2":"type-product","3":"status-publish","4":"has-post-thumbnail","6":"product_cat-insekticidi","7":"product_tag-spinetoram","9":"first","10":"instock","11":"featured","12":"shipping-taxable","13":"purchasable","14":"product-type-simple"},"_links":{"self":[{"href":"https:\/\/agrarpetrovic.rs\/en\/wp-json\/wp\/v2\/product\/4375","targetHints":{"allow":["GET"]}}],"collection":[{"href":"https:\/\/agrarpetrovic.rs\/en\/wp-json\/wp\/v2\/product"}],"about":[{"href":"https:\/\/agrarpetrovic.rs\/en\/wp-json\/wp\/v2\/types\/product"}],"wp:featuredmedia":[{"embeddable":true,"href":"https:\/\/agrarpetrovic.rs\/en\/wp-json\/wp\/v2\/media\/4417"}],"wp:attachment":[{"href":"https:\/\/agrarpetrovic.rs\/en\/wp-json\/wp\/v2\/media?parent=4375"}],"wp:term":[{"taxonomy":"product_brand","embeddable":true,"href":"https:\/\/agrarpetrovic.rs\/en\/wp-json\/wp\/v2\/product_brand?post=4375"},{"taxonomy":"product_cat","embeddable":true,"href":"https:\/\/agrarpetrovic.rs\/en\/wp-json\/wp\/v2\/product_cat?post=4375"},{"taxonomy":"product_tag","embeddable":true,"href":"https:\/\/agrarpetrovic.rs\/en\/wp-json\/wp\/v2\/product_tag?post=4375"}],"curies":[{"name":"wp","href":"https:\/\/api.w.org\/{rel}","templated":true}]}}