{"id":4378,"date":"2023-07-13T16:11:32","date_gmt":"2023-07-13T14:11:32","guid":{"rendered":"https:\/\/agrarpetrovic.rs\/?post_type=product&#038;p=4378"},"modified":"2025-10-23T11:54:46","modified_gmt":"2025-10-23T09:54:46","slug":"exirel-insekticid","status":"publish","type":"product","link":"https:\/\/agrarpetrovic.rs\/en\/proizvod\/exirel-insekticid\/","title":{"rendered":"Exirel &#8211; Insekticid"},"content":{"rendered":"<div class=\"span9\">\n<div class=\"product-details\">\n<p class=\"detail\"><strong>Klasa:<\/strong>Insekticid<\/p>\n<p class=\"detail\"><strong>Aktivna materija:<\/strong>Cijanotraniprol &#8211; Ciazapir 100 g\/l<\/p>\n<p class=\"detail\"><strong>Formulacija:<\/strong>SE \u2013 suspoemulzija<\/p>\n<p class=\"detail\"><strong>Pakovanje:<\/strong>100 ml, 1 l<\/p>\n<p class=\"detail\"><strong>Proizvo\u0111a\u010d:<\/strong>FMC<\/p>\n<p class=\"detail\"><strong>Karenca:<\/strong>1 dan \u2013 krastavac, paradajz; 5 dana \u2013 malina; 7 dana \u2013 jabuka, tre\u0161nja, breskva, nektarina, duvan, kupus; 14 dana \u2013 luk, krompir<\/p>\n<p class=\"detail\"><strong>MDK:<\/strong><\/p>\n<p class=\"detail\"><strong>MBT:<\/strong> jabuka, tre\u0161nja, breskva, nektarina, malina &#8211; 2; luk \u2013 2 (u polju), a 4 (u zatvorenom); krastavac, paradajz \u2013 4; kupus, krompir i duvan &#8211; 4<\/p>\n<p class=\"detail\"><strong>MDK(mg\/kg):<\/strong>JABUKA SRB 0,8 \/ EU 0,8\/ SAD 1,5 \/ RUS TRE\u0160NJA SRB 6,0 \/ EU 6,0 \/ SAD 6,0 \/ RUS BRESKVA SRB 1,5 \/ EU 1,5 \/ SAD 1,5 \/ RUS NEKTARINA SRB 1,5 \/ EU 1,5 \/SAD 1,5 \/ RUS LUK SRB 0,05 \/ EU 0,05 \/ SAD 0,04 \/ RUS KRASTAVAC SRB 0,3 \/ EU 0,3 \/ SAD 0,4 \/ RUS PARADAJZ SRB &#8211; \/ EU &#8211; \/ SAD 2,0 \/ RUS KUPUS SRB 2,0 \/ EU 2,0 \/ SAD 3,0 \/ RUS KROMPIR SRB 0,05 \/ EU 0,05 \/ SAD 0,15 \/ RUS<\/p>\n<\/div>\n<div class=\"product-harvest\">\n<p class=\"detail\">Primena:<\/p>\n<table>\n<thead>\n<tr class=\"bg-7\">\n<th>USEV \/ ZASAD<\/th>\n<th>KOLI\u010cINA PRIMENE<\/th>\n<th>VREME PRIMENE<\/th>\n<\/tr>\n<\/thead>\n<tbody>\n<tr class=\"bg-sec-7\">\n<td class=\"bg-7\"><a href=\"https:\/\/www.agromarket.rs\/srb\/zastita-bilja\/programi-zastite\/1029\/Borovnica-i-aronija\">JABUKA<\/a><\/td>\n<td>0,06% (6 ml u 10 l vode)<\/td>\n<td>Protiv minera u vreme precvetavanja BBCH skale (31 \u2013 69 BBCH skale) Prvo: pre ubu\u0161ivanja gusenica jabukonog crva u plodove. Drugo: 10 do 14 dana kasnije (u fenofazama 72 \u2013 87 BBCH skale)<\/td>\n<\/tr>\n<tr class=\"bg-sec-7\">\n<td class=\"bg-7\"><a href=\"https:\/\/www.agromarket.rs\/srb\/zastita-bilja\/programi-zastite\/1029\/Borovnica-i-aronija\">TRE\u0160NJA<\/a><\/td>\n<td>0,75 (7,5 ml na 100 m\u00b2)<\/td>\n<td>U vreme pojave prvih imaga i po\u010detka zrenja (faza 81 BBCH skale)<\/td>\n<\/tr>\n<tr class=\"bg-sec-7\">\n<td class=\"bg-7\"><a href=\"https:\/\/www.agromarket.rs\/srb\/zastita-bilja\/programi-zastite\/1018\/Jabuka\">JABUKA<\/a><\/td>\n<td>0,06% (6 ml u 10 l vode)<\/td>\n<td>Protiv minera u vreme precvetavanja BBCH skale (31 \u2013 69 BBCH skale) Prvo: pre ubu\u0161ivanja gusenica jabukonog crva u plodove. Drugo: 10 do 14 dana kasnije (u fenofazama 72 \u2013 87 BBCH skale)<\/td>\n<\/tr>\n<tr class=\"bg-sec-7\">\n<td class=\"bg-7\"><a href=\"https:\/\/www.agromarket.rs\/srb\/zastita-bilja\/programi-zastite\/1024\/Visnja-Tresnja\">TRE\u0160NJA<\/a><\/td>\n<td>0,75 (7,5 ml na 100 m\u00b2)<\/td>\n<td>U vreme pojave prvih imaga i po\u010detka zrenja (faza 81 BBCH skale)<\/td>\n<\/tr>\n<tr class=\"bg-sec-7\">\n<td class=\"bg-7\"><a href=\"https:\/\/www.agromarket.rs\/srb\/zastita-bilja\/programi-zastite\/1022\/Breskva-i-nektarina\">BRESKVA NEKTARINA<\/a><\/td>\n<td>0,06% (6 ml u 10 l vode)<\/td>\n<td>Za za\u0161titu mladara \u2013 u fenofazama (31 \u2013 39 BBCH) Za za\u0161titu plodova \u2013 u fenofazama (71 \u2013 87 BBCH). Prvo: pre po\u010detka ubu\u0161ivanja gusenice u plodove Drugo: 10 do 14 dana kasnije<\/td>\n<\/tr>\n<tr class=\"bg-sec-7\">\n<td class=\"bg-7\"><a href=\"https:\/\/www.agromarket.rs\/srb\/zastita-bilja\/programi-zastite\/1022\/Breskva-i-nektarina\">NEKTARINA<\/a><\/td>\n<td>0,075 \u2013 0,1 % + 0,25% Codacide (okva\u0161iva\u010d) (7,5 \u2013 10 ml + 25 ml u 10 l vode)<\/td>\n<td>Po pojavi jedinki tripsa \u2013 u fenofazi formiranje plodova (59 \u2013 69 BBCH) \u2013 u fenofazi obojavanje plodova (69 \u2013 87 BBCH)<\/td>\n<\/tr>\n<tr class=\"bg-sec-7\">\n<td class=\"bg-7\"><a href=\"https:\/\/www.agromarket.rs\/srb\/zastita-bilja\/programi-zastite\/1025\/Malina\">MALINA<\/a><\/td>\n<td>0,75 (7,5 ml na 100 m\u00b2)<\/td>\n<td>Pre cvetanja (57 \u2013 59 BBCH), na po\u010detku polaganja jaja i zasecanja cvetnih pupoljka<\/td>\n<\/tr>\n<tr class=\"bg-sec-7\">\n<td class=\"bg-7\"><a href=\"https:\/\/www.agromarket.rs\/srb\/zastita-bilja\/programi-zastite\/1029\/Borovnica-i-aronija\">LUK (U POLJU I ZATVORENOM PROSTORU)<\/a><\/td>\n<td>0,75 (7,5 ml na 100 m\u00b2)<\/td>\n<td>Primena protiv tripsa \u2013 odmah po pojavi prvih jedinki Primena protiv lukove muve \u2013 u vreme leta imaga ili pri maksimalnoj brojnosti muva na\u0111enih na \u017eutim lepljivim trakama, a II tretman 10 do 14 dana kasnije<\/td>\n<\/tr>\n<tr class=\"bg-sec-7\">\n<td class=\"bg-7\"><a href=\"https:\/\/www.agromarket.rs\/srb\/zastita-bilja\/programi-zastite\/1015\/Lukovicasto-povrce\">LUK (U POLJU I ZATVORENOM PROSTORU)<\/a><\/td>\n<td>0,75 (7,5 ml na 100 m\u00b2)<\/td>\n<td>Primena protiv tripsa \u2013 odmah po pojavi prvih jedinki Primena protiv lukove muve \u2013 u vreme leta imaga ili pri maksimalnoj brojnosti muva na\u0111enih na \u017eutim lepljivim trakama, a II tretman 10 do 14 dana kasnije<\/td>\n<\/tr>\n<tr class=\"bg-sec-7\">\n<td class=\"bg-7\"><a href=\"https:\/\/www.agromarket.rs\/srb\/zastita-bilja\/programi-zastite\/1011\/Krastavac-Lubenica-Dinja-Tikva\">KRASTAVAC (U ZATVORENOM PROSTORU)<\/a><\/td>\n<td>0,75 (7,5 ml na 100 m\u00b2)<\/td>\n<td>Tretman odmah po pojavi prvih jedinki<\/td>\n<\/tr>\n<tr class=\"bg-sec-7\">\n<td class=\"bg-7\"><a href=\"https:\/\/www.agromarket.rs\/srb\/zastita-bilja\/programi-zastite\/1010\/Paradajz-i-plavi-patlidzan\">PARADAJZ (U ZATVORENOM PROSTORU)<\/a><\/td>\n<td>0,75 (7,5 ml na 100 m\u00b2)<\/td>\n<td>Tretman odmah po pojavi prvih jedinki<\/td>\n<\/tr>\n<tr class=\"bg-sec-7\">\n<td class=\"bg-7\"><a href=\"https:\/\/www.agromarket.rs\/srb\/zastita-bilja\/programi-zastite\/1013\/Kupusasto-povrce\">KUPUS<\/a><\/td>\n<td>0,3 \u2013 0,5 (3 \u2013 5 ml na 100 m\u00b2) 0,5 \u2013 0,75 (5 \u2013 7,5 ml na 100 m\u00b2)<\/td>\n<td>U vreme polaganja jaja i pojave prvih larvi malog kupusara Nakon pojave adulta buva\u010da<\/td>\n<\/tr>\n<tr class=\"bg-sec-7\">\n<td class=\"bg-7\"><a href=\"https:\/\/www.agromarket.rs\/srb\/zastita-bilja\/programi-zastite\/1009\/Krompir\">KROMPIR<\/a><\/td>\n<td>0,1 \u2013 0,125 (1 \u2013 1,25 ml na 100 m\u00b2)<\/td>\n<td>U vreme polaganja jaja i pojave prvih larvi<\/td>\n<\/tr>\n<tr class=\"bg-sec-7\">\n<td class=\"bg-7\"><a href=\"https:\/\/www.agromarket.rs\/srb\/zastita-bilja\/programi-zastite\/1034\/Duvan\">DUVAN<\/a><\/td>\n<td>0,5 \u2013 0,75 (5 \u2013 7,5 ml na 100 m\u00b2)<\/td>\n<td>Nakon pojave adulta<\/td>\n<\/tr>\n<\/tbody>\n<\/table>\n<\/div>\n<div class=\"product-info\">\n<p><strong>DELOVANJE:<\/strong><\/p>\n<p>Aktivna materija pripada grupi <em>Diamidi<\/em>, i osnovno delovanje je na receptore rianodina \u010dime se stimuli\u0161e otpu\u0161tanje kalcijuma iz mi\u0161i\u0107a insekta. Insekti nakon usvajanja preparata prestaju sa hranjenjem, parali\u0161u se i umiru u roku od 1 do 3 dana. Poseduje ovicidno i larvicidno delovanje<\/p>\n<p><strong>SPEKTAR DELOVANJA:<\/strong><\/p>\n<p>Namenjen je suzbijanju minera ta\u010dkastih mina (<em>Phyllonorycter blancardella<\/em>) i jabukovog smotavca (<em>Cydia pomonella<\/em>) u zasadu jabuke, tre\u0161njine muve (<em>Rhagoletic cerasi<\/em>) u zasadu tre\u0161nje, breskvinog smotavca (<em>Cydia molesta<\/em>) u zasadu breskve i nektarina, kalifornijskog cvetnog tripsa (<em>Frankiniella occidentalis<\/em>) u zasadu nektarine, cvetojeda (<em>Anthonomus rubi<\/em>) u zasadu maline, tripsa (<em>Thrips spp<\/em>.) i lukove muve (<em>Delia antiqua<\/em>) u usevu luka, tripsa (<em>Thrips spp<\/em>.) u usevu krastavca, leptiraste va\u0161i (<em>Trialeurodes vaporariorum<\/em>) u usevu paradajza, malog kupusara (<em>Pieris rapae<\/em>) i buva\u010da (<em>Phyllotreta crucifereae<\/em>) u usevu kupusa, krompirove zlatice (<em>Leptinotarsa decemlineata<\/em>) u usevu krompira, tripsa (<em>Trips tabaci<\/em>) u usevu duvana<\/p>\n<p><strong>PREPORUKE I NAPOMENE:<\/strong><\/p>\n<p>U zasadima jabuke, tre\u0161nje, breskve i nektarine, maline primena sa 1000 l\/ha vode (10 l na 100 m\u00b2), a u usevima luka, krastavca, paradajza, kupusa, krompira i duvana, tretiranje obaviti sa 200 \u2013 400 l\/ha (2-4 l na 100 m\u00b2) vode. Tretiranje iz vazduhoplova nije dozvoljeno. U svetu se preparat<strong> Exirel<\/strong> koristi za suzbijanje azijske mu\u0161ice (<em>Drosophila suzukii<\/em>).<\/p>\n<\/div>\n<\/div>","protected":false},"excerpt":{"rendered":"<p><strong>Klasa:<\/strong> Insekticid<\/p>\n<p><strong>Aktivna materija:<\/strong> Cijanotraniprol &#8211; Ciazapir 100 g\/l<\/p>\n<p><strong>Formulacija:<\/strong> SE \u2013 suspoemulzija<\/p>\n<p><strong>Pakovanje:<\/strong> 100 ml, 1 l<\/p>\n<p><strong>Proizvo\u0111a\u010d:<\/strong> FMC<\/p>","protected":false},"featured_media":4431,"template":"","meta":[],"product_brand":[],"product_cat":[234],"product_tag":[569],"class_list":{"0":"post-4378","1":"product","2":"type-product","3":"status-publish","4":"has-post-thumbnail","6":"product_cat-insekticidi","7":"product_tag-cijantraniliprol","9":"first","10":"outofstock","11":"shipping-taxable","12":"purchasable","13":"product-type-simple"},"_links":{"self":[{"href":"https:\/\/agrarpetrovic.rs\/en\/wp-json\/wp\/v2\/product\/4378","targetHints":{"allow":["GET"]}}],"collection":[{"href":"https:\/\/agrarpetrovic.rs\/en\/wp-json\/wp\/v2\/product"}],"about":[{"href":"https:\/\/agrarpetrovic.rs\/en\/wp-json\/wp\/v2\/types\/product"}],"wp:featuredmedia":[{"embeddable":true,"href":"https:\/\/agrarpetrovic.rs\/en\/wp-json\/wp\/v2\/media\/4431"}],"wp:attachment":[{"href":"https:\/\/agrarpetrovic.rs\/en\/wp-json\/wp\/v2\/media?parent=4378"}],"wp:term":[{"taxonomy":"product_brand","embeddable":true,"href":"https:\/\/agrarpetrovic.rs\/en\/wp-json\/wp\/v2\/product_brand?post=4378"},{"taxonomy":"product_cat","embeddable":true,"href":"https:\/\/agrarpetrovic.rs\/en\/wp-json\/wp\/v2\/product_cat?post=4378"},{"taxonomy":"product_tag","embeddable":true,"href":"https:\/\/agrarpetrovic.rs\/en\/wp-json\/wp\/v2\/product_tag?post=4378"}],"curies":[{"name":"wp","href":"https:\/\/api.w.org\/{rel}","templated":true}]}}