{"id":4379,"date":"2023-07-13T16:11:32","date_gmt":"2023-07-13T14:11:32","guid":{"rendered":"https:\/\/agrarpetrovic.rs\/?post_type=product&#038;p=4379"},"modified":"2025-10-27T10:51:57","modified_gmt":"2025-10-27T09:51:57","slug":"force-0-5-g-1-5-kg-insekticid","status":"publish","type":"product","link":"https:\/\/agrarpetrovic.rs\/en\/proizvod\/force-0-5-g-1-5-kg-insekticid\/","title":{"rendered":"Force 0.5 G  1.5 Kg &#8211;  Insekticid"},"content":{"rendered":"<div class=\"span9\">\n<div class=\"product-details\">\n<p class=\"detail\"><strong>Primena:<\/strong><\/p>\n<\/div>\n<div class=\"product-harvest\">\n<table>\n<thead>\n<tr class=\"bg-7\">\n<th>USEV \/ ZASAD<\/th>\n<th>KOLI\u010cINA PRIMENE<\/th>\n<th>VREME PRIMENE<\/th>\n<\/tr>\n<\/thead>\n<tbody>\n<tr class=\"bg-sec-7\">\n<td class=\"bg-7\">Krompir<\/td>\n<td>12-15 kg (120-150 g na 100 m2)<\/td>\n<td>Primenjuje se pre setve (sadnje), ili za vreme setve, rasipanjem granulica oko semena, krtole ili korena biljke u zoni redova, depozitorom ili ru\u010dno<\/td>\n<\/tr>\n<tr class=\"bg-sec-7\">\n<td class=\"bg-7\">MRKVA \/ KUPUS<\/td>\n<td>20-25 (200-250 g na 100 m2)<\/td>\n<td>Primenjuje se pre setve (sadnje), ili za vreme setve, rasipanjem granulica oko semena, krtole ili korena biljke u zoni redova, depozitorom ili ru\u010dno<\/td>\n<\/tr>\n<\/tbody>\n<\/table>\n<\/div>\n<div class=\"product-info\">\n<p><strong>DELOVANJE: <\/strong><\/p>\n<p>Nesistemi\u010dni insekticid za direktnu primenu preko zemlji\u0161ta, deluje kontaktno, utrobno i inhalaciono. Remeti protok Na+ jona kroz nervnu membranu.<\/p>\n<p><strong>SPEKTAR DELOVANJA: <\/strong><\/p>\n<p>Koristi se za suzbijanje najzna\u010dajnijih zemlji\u0161nih \u0161teto\u010dina u povrtarskim usevima, larvi \u017ei\u010dnjaka (Elateridae), gr\u010dica (Scarabeidae), kao i rovca (Grylothalpa grylothalpa).<\/p>\n<p><strong>PREPORUKE I NAPOMENE: <\/strong><\/p>\n<p>Ne dozvoliti prisustvo doma\u0107im \u017eivotinjama na tretiranoj povr\u0161ini 28 dana nakon primene. Mo\u017ee se me\u0161ati sa insekticidima i fungicidima neutralne reakcije. Kao nesistemi\u010dni insekticid ne ulazi u koren povr\u0107a, pa je pogodan i za tretiranja kod konzumiranja mladog povr\u0107a. Vezuje se za \u010destice zemlje i ima dugo rezidualno delovanje, do tri meseca.<\/p>\n<\/div>\n<\/div>","protected":false},"excerpt":{"rendered":"<p><strong>Klasa:<\/strong> Insekticid<br \/>\n<strong>Aktivna materija:<\/strong> teflutrin 5 g\/kg<br \/>\n<strong>Formulacija:<\/strong> G &#8211; granule za direktnu primenu u zemlji\u0161tu<br \/>\n<strong>Proizvo\u0111a\u010d:<\/strong> Syngenta<\/p>","protected":false},"featured_media":8660,"template":"","meta":[],"product_brand":[505],"product_cat":[234],"product_tag":[720],"class_list":{"0":"post-4379","1":"product","2":"type-product","3":"status-publish","4":"has-post-thumbnail","6":"product_brand-syngenta","7":"product_cat-insekticidi","8":"product_tag-teflutrina","10":"first","11":"instock","12":"featured","13":"shipping-taxable","14":"purchasable","15":"product-type-simple"},"_links":{"self":[{"href":"https:\/\/agrarpetrovic.rs\/en\/wp-json\/wp\/v2\/product\/4379","targetHints":{"allow":["GET"]}}],"collection":[{"href":"https:\/\/agrarpetrovic.rs\/en\/wp-json\/wp\/v2\/product"}],"about":[{"href":"https:\/\/agrarpetrovic.rs\/en\/wp-json\/wp\/v2\/types\/product"}],"wp:featuredmedia":[{"embeddable":true,"href":"https:\/\/agrarpetrovic.rs\/en\/wp-json\/wp\/v2\/media\/8660"}],"wp:attachment":[{"href":"https:\/\/agrarpetrovic.rs\/en\/wp-json\/wp\/v2\/media?parent=4379"}],"wp:term":[{"taxonomy":"product_brand","embeddable":true,"href":"https:\/\/agrarpetrovic.rs\/en\/wp-json\/wp\/v2\/product_brand?post=4379"},{"taxonomy":"product_cat","embeddable":true,"href":"https:\/\/agrarpetrovic.rs\/en\/wp-json\/wp\/v2\/product_cat?post=4379"},{"taxonomy":"product_tag","embeddable":true,"href":"https:\/\/agrarpetrovic.rs\/en\/wp-json\/wp\/v2\/product_tag?post=4379"}],"curies":[{"name":"wp","href":"https:\/\/api.w.org\/{rel}","templated":true}]}}