{"id":4380,"date":"2023-07-13T16:11:32","date_gmt":"2023-07-13T14:11:32","guid":{"rendered":"https:\/\/agrarpetrovic.rs\/?post_type=product&#038;p=4380"},"modified":"2025-10-23T11:54:46","modified_gmt":"2025-10-23T09:54:46","slug":"force-1-5-g-5-1-insekticid","status":"publish","type":"product","link":"https:\/\/agrarpetrovic.rs\/en\/proizvod\/force-1-5-g-5-1-insekticid\/","title":{"rendered":"Force 1.5 G 5\/1 &#8211; Insekticid"},"content":{"rendered":"<p><strong>FORCE\u00ae 1.5 G<\/strong>\u00a0je nesistemi\u010dni insekticid sa kontaktnim, digestivnim i respiratornim delovanjem za suzbijanje larvi sko\u010dibuba &#8211; \u017ei\u010dara (<em>Elateridae<\/em>) u usevima \u0161e\u0107erne repe, suncokreta i kukuruza.<\/p>\n<div class=\"syn-media-type media-element file-default media media--type-image media--view-mode-default\" data-alt=\"syngenta-force-1.5g\" data-class=\"media-element file-default\" data-data-delta=\"1\" data-title=\"syngenta-force-1.5g\">\n<div class=\"field field--name-field-media-image field--type-image field--label-hidden field__item\"><\/div>\n<\/div>\n<p><strong>Na\u010din delovanja:<\/strong><\/p>\n<p><strong>FORCE\u00ae 1.5 G<\/strong>\u00a0je nesistemi\u010dni insekticid, na bazi teflutrina, u obliku granula koji se primenjuje u vreme setve za suzbijanje zemlji\u0161nih \u0161teto\u010dina.\u00a0<strong>Teflutrin<\/strong>\u00a0ispoljava izvanredno kontaktno i respiratorno delovanje.<br \/>\nDugotrajno delovanje insekticida\u00a0<strong>FORCE\u00ae 1.5 G<\/strong>\u00a0obezbe\u0111uje za\u0161titu semena i mladih biljaka od najzna\u010dajnijih \u0161teto\u010dina. Zbog svoje isparljivosti karakteri\u0161e ga i izvesno repelentno delovanje na insekte u zemlji\u0161tu i u povr\u0161inskim slojevima. Poseduje izuzetno produ\u017eeno delovanje u zemlji\u0161tu i do 90 dana od depozicije (primene).<\/p>\n<p><strong>Primena:<\/strong><\/p>\n<div class=\"table-mobile-effect\">\n<div class=\"table-wrapper tw-overflow-y-auto\">\n<table border=\"0\" cellspacing=\"0\" cellpadding=\"0\" align=\"left\" data-once=\"table\">\n<tbody>\n<tr>\n<td><strong>Usev<\/strong><\/td>\n<td><strong>\u0160tetni organizmi koje suzbija<\/strong><\/td>\n<td><strong>Koli\u010dina primene<\/strong><\/td>\n<td><strong>Vreme primene<\/strong><\/td>\n<td><strong>Karenca<\/strong><\/td>\n<\/tr>\n<tr>\n<td><strong>\u0160e\u0107erna repa<\/strong><\/td>\n<td>Larve sko\u010dibuba &#8211; \u017ei\u010dari (<em>Elateridae<\/em>)<\/td>\n<td>5 kg\/ha<\/td>\n<td rowspan=\"3\">Istovremeno sa setvom, kada je pregledom zemlji\u0161ta utvr\u0111eno jedan ili vi\u0161e \u017ei\u010dara po m\u00b2<\/td>\n<td>*OVP<\/td>\n<\/tr>\n<tr>\n<td><strong>Suncokret<\/strong><\/td>\n<td>Larve sko\u010dibuba &#8211; \u017ei\u010dari (<em>Elateridae<\/em>)<\/td>\n<td>5-10 kg\/ha<\/td>\n<td>*OVP<\/td>\n<\/tr>\n<tr>\n<td><strong>Kukuruz<\/strong><\/td>\n<td>Larve sko\u010dibuba &#8211; \u017ei\u010dari (<em>Elateridae<\/em>)<\/td>\n<td>5-10 kg\/ha<\/td>\n<td>*OVP<\/td>\n<\/tr>\n<\/tbody>\n<\/table>\n<\/div>\n<\/div>\n<p>*OVP \u2013 Obezbe\u0111ena vremenom primene<\/p>\n<p><strong>Posebne napomene:\u00a0<\/strong>Granule se ne smeju ostavljati na povr\u0161ini zemlji\u0161ta. Na tretirane povr\u0161ine ne dozvoliti pristup doma\u0107im \u017eivotinjama, najmanje 28 dana od dana primene.\u00a0<strong>FORCE\u00ae 1.5 G<\/strong>\u00a0se na istoj povr\u0161ini mo\u017ee primeniti samo jednom u toku godine, istovremeno sa setvom useva. Mo\u017ee se koristiti jedino direktnom primenom granula u ure\u0111ajima, depozitorima za primenu granulisanih insekticida zajedno sa setvom. Rastvaranje granula u vodi ili neki drugi na\u010din primene kao \u0161to je razbacivanje granula po povr\u0161ini zemlji\u0161ta nije dozvoljeno.<\/p>\n<p><strong>Mogu\u0107nost me\u0161anja:\u00a0<\/strong>Zbog same formulacije preparata (GR), nije predvi\u0111eno me\u0161anje<strong>\u00a0FORCE\u00ae 1.5 G<\/strong>\u00a0sa drugim preparatima za vreme primene.<\/p>","protected":false},"excerpt":{"rendered":"<p><strong>Klasa:<\/strong> Insekticid<br \/>\n<strong>Aktivna materija:<\/strong> teflutrin 15g\/kg<br \/>\n<strong>Formulacija:<\/strong> G &#8211; granule za direktnu primenu u zemlji\u0161tu<br \/>\n<strong>Proizvo\u0111a\u010d<\/strong>: Syngenta<\/p>","protected":false},"featured_media":8970,"template":"","meta":[],"product_brand":[505],"product_cat":[234],"product_tag":[720],"class_list":{"0":"post-4380","1":"product","2":"type-product","3":"status-publish","4":"has-post-thumbnail","6":"product_brand-syngenta","7":"product_cat-insekticidi","8":"product_tag-teflutrina","10":"first","11":"outofstock","12":"shipping-taxable","13":"purchasable","14":"product-type-simple"},"_links":{"self":[{"href":"https:\/\/agrarpetrovic.rs\/en\/wp-json\/wp\/v2\/product\/4380","targetHints":{"allow":["GET"]}}],"collection":[{"href":"https:\/\/agrarpetrovic.rs\/en\/wp-json\/wp\/v2\/product"}],"about":[{"href":"https:\/\/agrarpetrovic.rs\/en\/wp-json\/wp\/v2\/types\/product"}],"wp:featuredmedia":[{"embeddable":true,"href":"https:\/\/agrarpetrovic.rs\/en\/wp-json\/wp\/v2\/media\/8970"}],"wp:attachment":[{"href":"https:\/\/agrarpetrovic.rs\/en\/wp-json\/wp\/v2\/media?parent=4380"}],"wp:term":[{"taxonomy":"product_brand","embeddable":true,"href":"https:\/\/agrarpetrovic.rs\/en\/wp-json\/wp\/v2\/product_brand?post=4380"},{"taxonomy":"product_cat","embeddable":true,"href":"https:\/\/agrarpetrovic.rs\/en\/wp-json\/wp\/v2\/product_cat?post=4380"},{"taxonomy":"product_tag","embeddable":true,"href":"https:\/\/agrarpetrovic.rs\/en\/wp-json\/wp\/v2\/product_tag?post=4380"}],"curies":[{"name":"wp","href":"https:\/\/api.w.org\/{rel}","templated":true}]}}