{"id":4394,"date":"2023-07-13T16:11:59","date_gmt":"2023-07-13T14:11:59","guid":{"rendered":"https:\/\/agrarpetrovic.rs\/?post_type=product&#038;p=4394"},"modified":"2025-10-23T11:54:46","modified_gmt":"2025-10-23T09:54:46","slug":"grom-insekticid","status":"publish","type":"product","link":"https:\/\/agrarpetrovic.rs\/en\/proizvod\/grom-insekticid\/","title":{"rendered":"Grom &#8211; Insekticid"},"content":{"rendered":"<div class=\"product-details\">\n<p class=\"detail\"><strong>Klasa:<\/strong>Insekticid<\/p>\n<p class=\"detail\"><strong>Aktivna materija:<\/strong>Lambda-cihalotrin 25 g\/l<\/p>\n<p class=\"detail\"><strong>Formulacija:<\/strong>EC \u2013 koncentrat za emulziju<\/p>\n<p class=\"detail\"><strong>Pakovanje:<\/strong>50 ml, 100 ml, 1 l<\/p>\n<p class=\"detail\"><strong>Proizvo\u0111a\u010d:<\/strong>Agromarket<\/p>\n<p class=\"detail\"><strong>Karenca:<\/strong>7 dana krastavac, paradajz i krompir, 14 dana jabuka, breskva, \u0161ljiva, ostalo povr\u0107e (osim lisnatog) i \u0161e\u0107erna repa, 21 dan duvan, lisnato povr\u0107e, vinova loza i agrumi, 35 dana \u017eita, 42 uljana repica<\/p>\n<p class=\"detail\"><strong>MBT:<\/strong>1 \u2013 2 puta u zavisnosti od \u0161tetne vrste i useva\/zasada<\/p>\n<p class=\"detail\"><strong>MDK(mg\/kg):<\/strong>SALATA: LAMBRA-CIHALOTRIN:0,3\/ 0,5\/ 2,0\/ &#8211; OSTALO POVR\u0106E: LAMBRA-CIHALOTRIN: 0,2\/ 0,2\/ -\/ 0,15 GRO\u017d\u0110E: LAMBRA-CIHALOTRIN: 0,2\/ 0,2\/ 0,2\/ 0,15 VO\u0106E: LAMBRA-CIHALOTRIN: 0,1\/ 0,1\/ 0,3\/ 0,03 KUPUS: LAMBRA-CIHALOTRIN: 0,1\/ 0,1\/ 0,4\/ 0,01 \u017dITA (P\u0160ENICA): LAMBRA-CIHALOTRIN: 0,05\/ 0,05\/ 0,05\/ 0,01 KROMPIR, PARADAJZ: LAMBRA-CIHALOTRIN: 0,01\/ 0,1\/ 0,1\/ 0,01 KRASTAVAC: LAMBRA-CIHALOTRIN: 0,01\/ 0,1\/ 0,05\/ &#8211;<\/p>\n<\/div>\n<div class=\"product-harvest\">\n<p class=\"detail\">Primena:<\/p>\n<table>\n<thead>\n<tr class=\"bg-7\">\n<th>USEV \/ ZASAD<\/th>\n<th>KOLI\u010cINA PRIMENE<\/th>\n<th>VREME PRIMENE<\/th>\n<\/tr>\n<\/thead>\n<tbody>\n<tr class=\"bg-sec-7\">\n<td class=\"bg-7\"><a href=\"https:\/\/www.agromarket.rs\/srb\/zastita-bilja\/programi-zastite\/1018\/Jabuka\">JABUKA<\/a><\/td>\n<td>0.02 %<\/td>\n<td>7-12 dana posle maksimalnog broja uhva\u0107enih leptira smotavca feromonskim klopkama ili na po\u010detku piljenja prvih gusenica U vreme leta leptira i formiranja prvih mina<\/td>\n<\/tr>\n<tr class=\"bg-sec-7\">\n<td class=\"bg-7\"><a href=\"https:\/\/www.agromarket.rs\/srb\/zastita-bilja\/programi-zastite\/1021\/Sljiva\">\u0160LJIVA<\/a><\/td>\n<td>0,03 %<\/td>\n<td>Na po\u010detku piljenja prvih gusenica smotavca<\/td>\n<\/tr>\n<tr class=\"bg-sec-7\">\n<td class=\"bg-7\"><a href=\"https:\/\/www.agromarket.rs\/srb\/zastita-bilja\/programi-zastite\/1022\/Breskva-i-nektarina\">BRESKVA<\/a><\/td>\n<td>0,02 % 0,04 %<\/td>\n<td>U vreme maksimalnog leta leptira smotavca i moljca ili pri pojavi prvih o\u0161te\u0107enja na mladarima<\/td>\n<\/tr>\n<tr class=\"bg-sec-7\">\n<td class=\"bg-7\"><a href=\"https:\/\/www.agromarket.rs\/srb\/zastita-bilja\/programi-zastite\/1019\/Kruska\">KRU\u0160KA<\/a><\/td>\n<td>0,3-0,5<\/td>\n<td>Na po\u010detku piljenja prvih gusenica 7-12 dana posle maksimalnog broja uhva\u0107enih leptira feromonskim klopkama ili na po\u010detku piljenja prvih gusenica<\/td>\n<\/tr>\n<tr class=\"bg-sec-7\">\n<td class=\"bg-7\"><a href=\"https:\/\/www.agromarket.rs\/srb\/zastita-bilja\/programi-zastite\/1029\/Borovnica-i-aronija\">OSTALE VO\u0106NE VRSTE<\/a><\/td>\n<td>0.02-0.025 %<\/td>\n<td>U vreme pojave pokretnih formi na letorastima<\/td>\n<\/tr>\n<tr class=\"bg-sec-7\">\n<td class=\"bg-7\"><a href=\"https:\/\/www.agromarket.rs\/srb\/zastita-bilja\/programi-zastite\/1020\/Vinova-loza\">VINOVA LOZA<\/a><\/td>\n<td>0,02-0,03 %<\/td>\n<td>Na po\u010detku formiranja zaperaka (I generacija) i pre ubu\u0161ivanja gusenica grozdovog smotavca u bobice (II i III generacija)<\/td>\n<\/tr>\n<tr class=\"bg-sec-7\">\n<td class=\"bg-7\"><a href=\"https:\/\/www.agromarket.rs\/srb\/zastita-bilja\/programi-zastite\/1004\/Secerna-repa\">\u0160E\u0106ERNA REPA<\/a><\/td>\n<td>0,2-0,3<\/td>\n<td>Pri pojavi larvi IV stupnja sovica Posle pojave imaga buva\u010da<\/td>\n<\/tr>\n<tr class=\"bg-sec-7\">\n<td class=\"bg-7\"><a href=\"https:\/\/www.agromarket.rs\/srb\/zastita-bilja\/programi-zastite\/1006\/Uljana-repica\">ULJANA REPICA<\/a><\/td>\n<td>0,2-0,25<\/td>\n<td>Pre cvetanja u vreme pojave imaga lisne ose<\/td>\n<\/tr>\n<tr class=\"bg-sec-7\">\n<td class=\"bg-7\"><a href=\"https:\/\/www.agromarket.rs\/srb\/zastita-bilja\/programi-zastite\/1006\/Uljana-repica\">ULJANA REPICA<\/a><\/td>\n<td>0,25<\/td>\n<td>Na po\u010detku cvetanja, pre pojave larvi rila\u0161a i sjajnika<\/td>\n<\/tr>\n<tr class=\"bg-sec-7\">\n<td class=\"bg-7\"><a href=\"https:\/\/www.agromarket.rs\/srb\/zastita-bilja\/programi-zastite\/1029\/Borovnica-i-aronija\">DUVAN<\/a><\/td>\n<td>0,2-0,3<\/td>\n<td>Pri pojavi larvi IV stupnja sovica<\/td>\n<\/tr>\n<tr class=\"bg-sec-7\">\n<td class=\"bg-7\"><a href=\"https:\/\/www.agromarket.rs\/srb\/zastita-bilja\/programi-zastite\/1034\/Duvan\">DUVAN<\/a><\/td>\n<td>0,2-0,3<\/td>\n<td>Pri pojavi larvi IV stupnja sovica<\/td>\n<\/tr>\n<tr class=\"bg-sec-7\">\n<td class=\"bg-7\"><a href=\"https:\/\/www.agromarket.rs\/srb\/zastita-bilja\/programi-zastite\/1034\/Duvan\">DUVAN<\/a><\/td>\n<td>0,6<\/td>\n<td>Na po\u010detku pojave imaga tripsa<\/td>\n<\/tr>\n<tr class=\"bg-sec-7\">\n<td class=\"bg-7\"><a href=\"https:\/\/www.agromarket.rs\/srb\/zastita-bilja\/programi-zastite\/1008\/Travni-usevi\">STRNA \u017dITA<\/a><\/td>\n<td>0,2-0,3<\/td>\n<td>U vreme pojave larvi III stupnja \u017eitne pijavice Pri masovnom piljenju larvi stenice<\/td>\n<\/tr>\n<tr class=\"bg-sec-7\">\n<td class=\"bg-7\"><a href=\"https:\/\/www.agromarket.rs\/srb\/zastita-bilja\/programi-zastite\/1009\/Krompir\">KROMPIR<\/a><\/td>\n<td>0,2-0,25<\/td>\n<td>U vreme masovnog piljenja larvi zlatice Na po\u010detku formiranja prvih kolonija va\u0161i<\/td>\n<\/tr>\n<tr class=\"bg-sec-7\">\n<td class=\"bg-7\"><a href=\"https:\/\/www.agromarket.rs\/srb\/zastita-bilja\/programi-zastite\/1013\/Kupusasto-povrce\">KUPUS<\/a><\/td>\n<td>0,3-0,4<\/td>\n<td>Od rasada do zavijanja glavica Na po\u010detku formiranja prvih kolonija va\u0161i U vreme masovnog piljenja gusenica, a pre razvoja larvi V stupnja kupusara i sovica<\/td>\n<\/tr>\n<tr class=\"bg-sec-7\">\n<td class=\"bg-7\"><a href=\"https:\/\/www.agromarket.rs\/srb\/zastita-bilja\/programi-zastite\/1008\/Travni-usevi\">STAKLENCI<\/a><\/td>\n<td>0,4-0,6<\/td>\n<td>Kada se primete prva imaga bele mu\u0161ice i minera<\/td>\n<\/tr>\n<tr class=\"bg-sec-7\">\n<td class=\"bg-7\"><a href=\"https:\/\/www.agromarket.rs\/srb\/zastita-bilja\/programi-zastite\/1031\/Ruze-i-ukrasno-bilje\">LISTOPADNE \u0160UMSKE SASTOJINE<\/a><\/td>\n<td>0,25 uz dodatak 2,7 l\/ha nafte (D1), zamagljivanjem iz vazduhoplova<\/td>\n<td>Kada je razvijena dovoljna lisna masa, a gusenice gubara se nalaze u I i II razvojnom stupnju<\/td>\n<\/tr>\n<tr class=\"bg-sec-7\">\n<td class=\"bg-7\"><a href=\"https:\/\/www.agromarket.rs\/srb\/zastita-bilja\/programi-zastite\/1029\/Borovnica-i-aronija\">\u0160UMSKI RASADNICI I PLANTA\u017dE<\/a><\/td>\n<td>0,3 uz dodatak 3,7 l\/ha nafte (D1) ure\u0111ajima sa zemlje, zamagljivanjem<\/td>\n<td>Kada je razvijena dovoljna lisna masa, a gusenice gubara se nalaze u I i II razvojnom stupnju<\/td>\n<\/tr>\n<tr class=\"bg-sec-7\">\n<td class=\"bg-7\"><a href=\"https:\/\/www.agromarket.rs\/srb\/zastita-bilja\/programi-zastite\/1031\/Ruze-i-ukrasno-bilje\">\u0160UMSKI RASADNICI I PLANTA\u017dE<\/a><\/td>\n<td>0,3 uz dodatak 3,7 l\/ha nafte (D1) ure\u0111ajima sa zemlje, zamagljivanjem<\/td>\n<td>Kada je razvijena dovoljna lisna masa, a gusenice gubara se nalaze u I i II razvojnom stupnju<\/td>\n<\/tr>\n<\/tbody>\n<\/table>\n<\/div>\n<div class=\"product-info\">\n<p>DELOVANJE: aktivna materija pripada grupi neonikotinoida. Deluje tako \u0161to inhibira protok natrijumovih jona kroz nervne membrane insekata<\/p>\n<p>SPEKTAR DELOVANJA<br \/>\nnamenjen je suzbijanju \u0161tetnih vrsta: jabukin smotavac (<em>Cydia pomonella<\/em>) i lisni mineri (<em>Lyonetidae<\/em>) u zasadu jabuke, \u0161ljivin smotavac (<em>Cydia funebrana<\/em>) u \u0161ljivi, breskvin smotavac (<em>Cydia molesta<\/em>), breskvin moljac (<em>Anarsia lineatella<\/em>), obi\u010dna kru\u0161kina buva (<em>Psylla pyri<\/em>) i jabukin smotavac (<em>Cydia pomonella<\/em>) u zasadu kru\u0161ke, lisne va\u0161i (<em>Aphididae<\/em>) u ostalim zasadima vo\u0107a, pepeljast grozdov smotavac (<em>Lobesia botrana<\/em>) \u017euti grozdov smotavac (<em>Eupoecilia amiguella<\/em>) u zasadu vinove loze, podgrizaju\u0107e sovice (<em>Agrotes spp<\/em>.) i lisne sovice (<em>Mamestra spp<\/em>.) i buva\u0161i (<em>Halticinae<\/em>) u usevu \u0161e\u0107erne repe, repi\u010dina lisna osa (<em>Atalia colibri<\/em>), veliki repi\u010din rila\u0161 (<em>Ceuthorrynchus napi<\/em>), repi\u010din sjajnik (<em>Meligethes aeneus<\/em>) u usevu uljane repice, podgrizaju\u0107e sovice (<em>Agrotes spp<\/em>.) i duvanov trips (<em>Thrips tabaci<\/em>) u usevu duvana, \u017eitna pijavica (Lema melanopa) i \u017eitne stenice (<em>Eurigaster spp<\/em>.) u usevu strnih \u017eita, Krompirova zlatica (<em>Leptinotarsa decemlineata<\/em>) i lisne va\u0161i (<em>Aphididae<\/em>) u usevu krompira, kupusni moljac (<em>Plutella xylostella<\/em>), kupusna lisna va\u0161 (<em>Brevicorynae brassicae<\/em>), veliki kupusar (<em>Pieris brassicae<\/em>) lisne sovice (Mamestra brassicae) u usevu kupusa, bela mu\u0161ica (<em>Trialeurodes vaporariorum<\/em>) i lisni mineri (<em>Liriomyza spp<\/em>.) u staklenicima i plastenicima, gubar (<em>Lymantria dispar<\/em>) u listopadnim \u0161umskim sastojinama i \u0161umskim rasadnicima i planta\u017eama.<\/p>\n<p>PREPORUKE I NAPOMENE:<br \/>\nispoljava i repelentna svojstva. Suzbija i insekte zna\u010dajne u javnom zdravstvu. Ne me\u0161a se sa alkalnim preparatima i Bordovskom \u010dorbom. Zbog razvoja ukr\u0161tene rezistentnosti alternativno ne primenjivati sa preparatima na bazi piretroida. Tretiranje iz vazduhoplova je dozvoljeno.<\/p>\n<\/div>","protected":false},"excerpt":{"rendered":"<div class=\"span8 product-details\">\n<p><strong>Klasa:<\/strong> Insekticid<\/p>\n<p><strong>Aktivna materija:<\/strong> Lambda-cihalotrin 25 g\/l<\/p>\n<p><strong>Formulacija:<\/strong> EC \u2013 koncentrat za emulziju<\/p>\n<p><strong>Pakovanje:<\/strong> 50 ml, 100 ml, 1 l<\/p>\n<p><strong>Proizvo\u0111a\u010d:<\/strong> Agromarket<\/p>\n<\/div>","protected":false},"featured_media":4434,"template":"","meta":[],"product_brand":[],"product_cat":[234],"product_tag":[648],"class_list":{"0":"post-4394","1":"product","2":"type-product","3":"status-publish","4":"has-post-thumbnail","6":"product_cat-insekticidi","7":"product_tag-lambda-cihalotrin-25-g-l","9":"first","10":"outofstock","11":"shipping-taxable","12":"purchasable","13":"product-type-simple"},"_links":{"self":[{"href":"https:\/\/agrarpetrovic.rs\/en\/wp-json\/wp\/v2\/product\/4394","targetHints":{"allow":["GET"]}}],"collection":[{"href":"https:\/\/agrarpetrovic.rs\/en\/wp-json\/wp\/v2\/product"}],"about":[{"href":"https:\/\/agrarpetrovic.rs\/en\/wp-json\/wp\/v2\/types\/product"}],"wp:featuredmedia":[{"embeddable":true,"href":"https:\/\/agrarpetrovic.rs\/en\/wp-json\/wp\/v2\/media\/4434"}],"wp:attachment":[{"href":"https:\/\/agrarpetrovic.rs\/en\/wp-json\/wp\/v2\/media?parent=4394"}],"wp:term":[{"taxonomy":"product_brand","embeddable":true,"href":"https:\/\/agrarpetrovic.rs\/en\/wp-json\/wp\/v2\/product_brand?post=4394"},{"taxonomy":"product_cat","embeddable":true,"href":"https:\/\/agrarpetrovic.rs\/en\/wp-json\/wp\/v2\/product_cat?post=4394"},{"taxonomy":"product_tag","embeddable":true,"href":"https:\/\/agrarpetrovic.rs\/en\/wp-json\/wp\/v2\/product_tag?post=4394"}],"curies":[{"name":"wp","href":"https:\/\/api.w.org\/{rel}","templated":true}]}}