{"id":4398,"date":"2023-07-13T16:11:59","date_gmt":"2023-07-13T14:11:59","guid":{"rendered":"https:\/\/agrarpetrovic.rs\/?post_type=product&#038;p=4398"},"modified":"2025-10-27T10:51:50","modified_gmt":"2025-10-27T09:51:50","slug":"mayor-insekticid","status":"publish","type":"product","link":"https:\/\/agrarpetrovic.rs\/en\/proizvod\/mayor-insekticid\/","title":{"rendered":"Mayor &#8211; Insekticid"},"content":{"rendered":"<div class=\"product-details\">\n<p class=\"detail\"><strong>Klasa:<\/strong>Insekticid<\/p>\n<p class=\"detail\"><strong>Aktivna materija:<\/strong>Emamektin benzoat 9,5 g\/kg<\/p>\n<p class=\"detail\"><strong>Formulacija:<\/strong>SC \u2013 koncentrat za suspenziju<\/p>\n<p class=\"detail\"><strong>Pakovanje:<\/strong>50 g, 100 g, 500 g, 1 kg, 5 kg i 10 kg<\/p>\n<p class=\"detail\"><strong>Proizvo\u0111a\u010d:<\/strong>Agromarket<\/p>\n<p class=\"detail\"><strong>Karenca:<\/strong>7 dana Radna karenca: do su\u0161enja depozita<\/p>\n<p class=\"detail\"><strong>MBT:<\/strong>2<\/p>\n<p class=\"detail\"><strong>MDK(mg\/kg):<\/strong>SRB 0,02 \/EU 0,02 \/SAD 0,025\/ RUS<\/p>\n<\/div>\n<div class=\"product-harvest\">\n<p class=\"detail\">Primena:<\/p>\n<table>\n<thead>\n<tr class=\"bg-7\">\n<th>USEV \/ ZASAD<\/th>\n<th>KOLI\u010cINA PRIMENE<\/th>\n<th>VREME PRIMENE<\/th>\n<\/tr>\n<\/thead>\n<tbody>\n<tr class=\"bg-sec-7\">\n<td class=\"bg-7\"><a href=\"https:\/\/www.agromarket.rs\/srb\/zastita-bilja\/programi-zastite\/1018\/Jabuka\">Jabuka<\/a><\/td>\n<td>0, 25 &#8211; 0,3% (25 &#8211; 30 g \u0443 10 l vode) + Nitropol S 0,2% (20 ml u 10 l vode)<\/td>\n<td>Pre ubu\u0161ivanja gusenice u plodove tj. pred piljenje gusenica (\u201ecrna glava\u201c)<\/td>\n<\/tr>\n<\/tbody>\n<\/table>\n<\/div>\n<div class=\"product-info\">\n<p><strong>DELOVANJE: <\/strong><\/p>\n<p>insekticid \u010dija aktivna materija pripada grupi Avermektina koji su polusintetski proizvodi dobijeni fermentacijom iz zemlji\u0161ne bakterije Streptomyces avermetilis. Nekoliko \u010dasova nakon uno\u0161enja aktivne materije ishranom listom, dolazi do paralize gusenice i prestanka ishrane, a u slede\u0107a 2 do 3 dana dolazi do njihovog uginu\u0107a, ali ubrzo nakon ishrane oprskanim li\u0161\u0107em gusenice prestaju da se hrane i ne nanose dalje \u0161tete. Ima translaminarno kretanje u listu, a ispoljava transovarialno delovanje (upija se uljusku jaja te larva uginjava progrizanjem ljuske jajeta).<\/p>\n<p><strong>SPEKTAR DELOVANJA:<\/strong><\/p>\n<p>namenjen je za suzbijanje jabukovog smotavca (Cydia pomonella).<\/p>\n<p><strong>PREPORUKE I NAPOMENE:<\/strong><\/p>\n<p>preparat se ne sme primenjivati u vreme cvetanja jabuke. U kombinaciji sa mineralnim uljima, preparat se ne sme primenjivati sa fungicidima na bazi Kaptana i Sumpora. Odli\u010dne rezultate ispoljava u blok tretmanu na 10 do 14 dana. Preparat ima dobro sporedno delovanje na minere, grinje i tripse. Ne ispoljava \u0161tetno delovanje na p\u010dele, bumbare i druge korisne insekte. Mo\u017ee se primeniti svim standardnim ure\u0111ajima za tretiranje sa zemlje (le\u0111ne i traktorske prskalice). Primena iz vazduhoplova nije dozvoljena. Utro\u0161ak 600 do 1000 l\/ha vode. Preparati na bazi iste aktivne materije registrovani su u EU za primenu u usevima povr\u0107a \u2013 kupus (protiv kupusara), paradajz, paprika (pamukova sovica), a odlikuje ih kratka karenca (3 dana) u ovim usevima.<\/p>\n<\/div>","protected":false},"excerpt":{"rendered":"<p><strong>Klasa:<\/strong> Insekticid<\/p>\n<p><strong>Aktivna materija:<\/strong> Emamektin benzoat 9,5 g\/kg<\/p>\n<p><strong>Formulacija:<\/strong> SC \u2013 koncentrat za suspenziju<\/p>\n<p><strong>Pakovanje:<\/strong> 50 g, 100 g, 500 g, 1 kg, 5 kg i 10 kg<\/p>\n<p><strong>Proizvo\u0111a\u010d:<\/strong> Agromarket<\/p>","protected":false},"featured_media":4438,"template":"","meta":[],"product_brand":[],"product_cat":[234],"product_tag":[587],"class_list":{"0":"post-4398","1":"product","2":"type-product","3":"status-publish","4":"has-post-thumbnail","6":"product_cat-insekticidi","7":"product_tag-emamektin-benzoat-95-g-kg","9":"first","10":"instock","11":"featured","12":"shipping-taxable","13":"purchasable","14":"product-type-simple"},"_links":{"self":[{"href":"https:\/\/agrarpetrovic.rs\/en\/wp-json\/wp\/v2\/product\/4398","targetHints":{"allow":["GET"]}}],"collection":[{"href":"https:\/\/agrarpetrovic.rs\/en\/wp-json\/wp\/v2\/product"}],"about":[{"href":"https:\/\/agrarpetrovic.rs\/en\/wp-json\/wp\/v2\/types\/product"}],"wp:featuredmedia":[{"embeddable":true,"href":"https:\/\/agrarpetrovic.rs\/en\/wp-json\/wp\/v2\/media\/4438"}],"wp:attachment":[{"href":"https:\/\/agrarpetrovic.rs\/en\/wp-json\/wp\/v2\/media?parent=4398"}],"wp:term":[{"taxonomy":"product_brand","embeddable":true,"href":"https:\/\/agrarpetrovic.rs\/en\/wp-json\/wp\/v2\/product_brand?post=4398"},{"taxonomy":"product_cat","embeddable":true,"href":"https:\/\/agrarpetrovic.rs\/en\/wp-json\/wp\/v2\/product_cat?post=4398"},{"taxonomy":"product_tag","embeddable":true,"href":"https:\/\/agrarpetrovic.rs\/en\/wp-json\/wp\/v2\/product_tag?post=4398"}],"curies":[{"name":"wp","href":"https:\/\/api.w.org\/{rel}","templated":true}]}}