{"id":4399,"date":"2023-07-13T16:11:59","date_gmt":"2023-07-13T14:11:59","guid":{"rendered":"https:\/\/agrarpetrovic.rs\/?post_type=product&#038;p=4399"},"modified":"2025-10-23T11:54:46","modified_gmt":"2025-10-23T09:54:46","slug":"movento-100-sc-insekticid","status":"publish","type":"product","link":"https:\/\/agrarpetrovic.rs\/en\/proizvod\/movento-100-sc-insekticid\/","title":{"rendered":"Movento 100 SC &#8211; Insekticid"},"content":{"rendered":"<div class=\"span9\">\n<div class=\"product-details\">\n<p class=\"detail\"><strong>Klasa:<\/strong>Insekticid<\/p>\n<p class=\"detail\"><strong>Aktivna materija:<\/strong>Spirotetramat 100 g\/l<\/p>\n<p class=\"detail\"><strong>Formulacija:<\/strong>SC \u2013 koncentrovana suspenzija<\/p>\n<p class=\"detail\"><strong>Pakovanje:<\/strong>100 ml, 1 l<\/p>\n<p class=\"detail\"><strong>Proizvo\u0111a\u010d:<\/strong>Bayer Crop Science<\/p>\n<p class=\"detail\"><strong>Karenca:<\/strong>21 dan \u2013 kru\u0161ka, jabuka, breskva; 3 dana &#8211; paradajz<\/p>\n<p class=\"detail\"><strong>MBT:<\/strong>2 \u2013 kru\u0161ka, jabuka, breskva; 4 &#8211; paradajz<\/p>\n<\/div>\n<div class=\"product-harvest\">\n<p class=\"detail\">Primena:<\/p>\n<table>\n<thead>\n<tr class=\"bg-7\">\n<th>USEV \/ ZASAD<\/th>\n<th>KOLI\u010cINA PRIMENE<\/th>\n<th>VREME PRIMENE<\/th>\n<\/tr>\n<\/thead>\n<tbody>\n<tr class=\"bg-sec-7\">\n<td class=\"bg-7\"><a href=\"https:\/\/www.agromarket.rs\/srb\/zastita-bilja\/programi-zastite\/1010\/Paradajz-i-plavi-patlidzan\">Paradajz i plavi patlid\u017ean<\/a><\/td>\n<td>0,75 (7,5 ml na 100 m2)<\/td>\n<td>Tretman kda se pojave prve jedinke<\/td>\n<\/tr>\n<tr class=\"bg-sec-7\">\n<td class=\"bg-7\"><a href=\"https:\/\/www.agromarket.rs\/srb\/zastita-bilja\/programi-zastite\/1022\/Breskva-i-nektarina\">Breskva i nektarina<\/a><\/td>\n<td>0,15 % (0,75 l\/ha\/m visine kro\u0161nje).<\/td>\n<td>Tretman kada do\u0111e do pojave prvih pokretnih formi (\u201elutalica\u201c)<\/td>\n<\/tr>\n<tr class=\"bg-sec-7\">\n<td class=\"bg-7\"><a href=\"https:\/\/www.agromarket.rs\/srb\/zastita-bilja\/programi-zastite\/1018\/Jabuka\">Jabuka<\/a><\/td>\n<td>0,15 % (15 ml u 10 l vode na 100 m2)<\/td>\n<td>Tretman na po\u010detku formiranja kolonija. Pojava pokretnih formi, odnosno po\u010detak migracije sa drveta na zelene delove biljke<\/td>\n<\/tr>\n<tr class=\"bg-sec-7\">\n<td class=\"bg-7\"><a href=\"https:\/\/www.agromarket.rs\/srb\/zastita-bilja\/programi-zastite\/1019\/Kruska\">Kru\u0161ka<\/a><\/td>\n<td>0,15 % (15 ml u 10 l vode na 100 m2)<\/td>\n<td>Tretiranje u vreme pojave prvih larvenih stadijuma \u0161teto\u010dine (L1 i L2)<\/td>\n<\/tr>\n<\/tbody>\n<\/table>\n<\/div>\n<div class=\"product-info\">\n<p><strong>SPEKTAR DELOVANJA<\/strong><br \/>\nsuzbijanje kru\u0161kine buve <em>(Psylla pyri)<\/em> u zasadu kru\u0161ke, u jabuci, za<br \/>\nsuzbijanje krvave va\u0161i <em>(Eriosoma lanigerum),<\/em> u zasadu breskve za suzbijanje<br \/>\ndudove \u0161titaste va\u0161i <em>(Diaspis pentagona)<\/em>, u usevu paradajza za suzbijanje<br \/>\nbele leptiraste va\u0161i <em>(Trialeurodes vaporariorum)<\/em>.<\/p>\n<p><strong>PREPORUKE I NAPOMENE:<\/strong><br \/>\nzbog jedinstvenih osobina (dvosmerne sistemi\u010dnosti), Movento pru\u017ea<br \/>\ndugotrajnu za\u0161titu useva. Zavisno od vremena primene i pritiska \u0161teto\u010dine<br \/>\novaj vremenski period za\u0161tite traje od 7-28 dana. Movento je odli\u010dan izbor<br \/>\nza suzbijanje skrivenih i te\u0161ko dostupnih \u0161teto\u010dina. U vo\u0107arstvu se mo\u017ee<br \/>\nprimetiti delovanje na \u0161tetne grinje, kao prate\u0107i u\u010dinak. Ne treba ga me\u0161ati<br \/>\nsa fungicidima na bazi kaptana. Movento je bezbedan za korisne insekte.<br \/>\nIzmerenu koli\u010dinu preparata Movento uz me\u0161anje uliti u rezervoar prskalice<br \/>\nkoji je do polovine napunjen vodom.<\/p>\n<\/div>\n<\/div>","protected":false},"excerpt":{"rendered":"<p><strong>Klasa:<\/strong> Insekticid<\/p>\n<p><strong>Aktivna materija:<\/strong> Spirotetramat 100 g\/l<\/p>\n<p><strong>Formulacija:<\/strong> SC \u2013 koncentrovana suspenzija<\/p>\n<p><strong>Pakovanje:<\/strong> 100 ml, 1 l<\/p>\n<p><strong>Proizvo\u0111a\u010d:<\/strong> Bayer Crop Science<\/p>","protected":false},"featured_media":4439,"template":"","meta":[],"product_brand":[],"product_cat":[234],"product_tag":[713],"class_list":{"0":"post-4399","1":"product","2":"type-product","3":"status-publish","4":"has-post-thumbnail","6":"product_cat-insekticidi","7":"product_tag-spirotetramat","9":"first","10":"outofstock","11":"shipping-taxable","12":"purchasable","13":"product-type-simple"},"_links":{"self":[{"href":"https:\/\/agrarpetrovic.rs\/en\/wp-json\/wp\/v2\/product\/4399","targetHints":{"allow":["GET"]}}],"collection":[{"href":"https:\/\/agrarpetrovic.rs\/en\/wp-json\/wp\/v2\/product"}],"about":[{"href":"https:\/\/agrarpetrovic.rs\/en\/wp-json\/wp\/v2\/types\/product"}],"wp:featuredmedia":[{"embeddable":true,"href":"https:\/\/agrarpetrovic.rs\/en\/wp-json\/wp\/v2\/media\/4439"}],"wp:attachment":[{"href":"https:\/\/agrarpetrovic.rs\/en\/wp-json\/wp\/v2\/media?parent=4399"}],"wp:term":[{"taxonomy":"product_brand","embeddable":true,"href":"https:\/\/agrarpetrovic.rs\/en\/wp-json\/wp\/v2\/product_brand?post=4399"},{"taxonomy":"product_cat","embeddable":true,"href":"https:\/\/agrarpetrovic.rs\/en\/wp-json\/wp\/v2\/product_cat?post=4399"},{"taxonomy":"product_tag","embeddable":true,"href":"https:\/\/agrarpetrovic.rs\/en\/wp-json\/wp\/v2\/product_tag?post=4399"}],"curies":[{"name":"wp","href":"https:\/\/api.w.org\/{rel}","templated":true}]}}