{"id":4400,"date":"2023-07-13T16:11:59","date_gmt":"2023-07-13T14:11:59","guid":{"rendered":"https:\/\/agrarpetrovic.rs\/?post_type=product&#038;p=4400"},"modified":"2025-10-23T11:54:46","modified_gmt":"2025-10-23T09:54:46","slug":"nitropol-s-insekticid","status":"publish","type":"product","link":"https:\/\/agrarpetrovic.rs\/en\/proizvod\/nitropol-s-insekticid\/","title":{"rendered":"Nitropol S &#8211; Insekticid"},"content":{"rendered":"<div class=\"product-details\">\n<p class=\"detail\"><strong>Klasa:<\/strong>Akaricid i insekticid<\/p>\n<p class=\"detail\"><strong>Aktivna materija:<\/strong>Parafinsko ulje\/Belo mineralno ulje 98, 8 % w\/w \u00b1 25g\/l (Teh. \u010disto\u0107e 100 %)<\/p>\n<p class=\"detail\"><strong>Formulacija:<\/strong>EC &#8211; koncentrat za emulziju<\/p>\n<p class=\"detail\"><strong>Pakovanje:<\/strong>200 ml, 1 l, 20 l, 200 l<\/p>\n<p class=\"detail\"><strong>Proizvo\u0111a\u010d:<\/strong>Nitrofarm<\/p>\n<p class=\"detail\"><strong>Karenca:<\/strong>OVP za zimske tretmane, a kada se koristi za letnje tretiranje jabuke &#8211; 21 dan<\/p>\n<p class=\"detail\"><strong>MBT:<\/strong>1 za zimsko tretiranje, u toku vegetacije dva puta sa razmakom izme\u0111u dva tretiranja &#8211; 14 dana.<\/p>\n<\/div>\n<div class=\"product-harvest\">\n<p class=\"detail\">Primena:<\/p>\n<table>\n<thead>\n<tr class=\"bg-7\">\n<th>USEV \/ ZASAD<\/th>\n<th>KOLI\u010cINA PRIMENE<\/th>\n<th>VREME PRIMENE<\/th>\n<\/tr>\n<\/thead>\n<tbody>\n<tr class=\"bg-sec-7\">\n<td class=\"bg-7\"><a href=\"https:\/\/www.agromarket.rs\/srb\/zastita-bilja\/programi-zastite\/1018\/Jabuka\">Jabuka<\/a><\/td>\n<td>1,3 % (0,13 l na 10 litara vode)<\/td>\n<td>Primenjuje se od fenofaze razvoja jabuke 10 po BBCH skali (zimsko tretiranje) i tokom vegetacije po pojavi pokretnih formi crvene vo\u0107ne grinje (letnje tretiranje).<\/td>\n<\/tr>\n<tr class=\"bg-sec-7\">\n<td class=\"bg-7\"><a href=\"https:\/\/www.agromarket.rs\/srb\/zastita-bilja\/programi-zastite\/1019\/Kruska\">Kru\u0161ka<\/a><\/td>\n<td>1,3 % (0,13 l na 10 litara vode)<\/td>\n<td>Primenjuje za zimsko tretiranje kru\u0161ke, neposredno pre odlaganja jaja C. pyri.<\/td>\n<\/tr>\n<\/tbody>\n<\/table>\n<\/div>\n<div class=\"product-info\">\n<p><strong>DELOVANJE:<\/strong><\/p>\n<p>Nitropol S je akaricid i insekticid koji primenjen u vreme kretanja vegetacije fizi\u010dki onemogu\u0107ava respiraciju (razmenu gasova i disanje) svih razvojnih stadijuma grinja i insekata. Za primenu tokom vegetacije (letnji tretmani), pored navedenog delovanja obezbe\u0111uje bolju pokrovnost i prijanjanje sredstava za za\u0161titu bilja (insekticida i akaricida), te tako pobolj\u0161ava performance pesticidnih tretmana.<\/p>\n<p><strong>SPEKTAR DELOVANJA:<\/strong><\/p>\n<p>Namenjen je suzbijanju crvene vo\u0107ne grinje (<em>Panonicus ulmi<\/em> ) u zasadu jabuke i obi\u010dne kru\u0161kine buve (<em>Cacopsylla pyri<\/em> ) u zasadu kru\u0161ke.<\/p>\n<p><strong>PREPORUKE I NAPOMENE:<\/strong><\/p>\n<p>Izbegavati tretiranja biljaka oslabljenih du\u017eom su\u0161om (oslabljeni turgor). Preparat se me\u0161a sa preparatima na bazi bakra, a ne sme se me\u0161ati sa jedinjenjima koja u sebi sadr\u017ee sumpor (kaptan,<br \/>\nhlorotalonil) i elementarnim sumporom. Ukoliko se primeni prema uputstvu za upotrebu, preparat nije fitotoksi\u010dan za jabuku i kru\u0161ku. Odre\u0111enu koli\u010dinu preparata treba, uz stalno me\u0161anje, preneti u sud u kome se nalazi preostala koli\u010dina vode. Preparat se primenjuje svim ure\u0111ajima za tretiranje sa zemlje. Tretirnje iz vazduhoplova nije dozvoljeno. Preporu\u010dena koli\u010dina te\u010dnosti je 1000 l\/ha.<br \/>\nPrilikom tretiranja treba po\u0161tovati vodoza\u0161titne zone i spre\u010diti kontaminaciju voda (vodotoka, bunara, jezera i izvori\u0161ta voda) tretiraju\u0107i najmanje 20 m udaljeno od njih. Ne izlivati i bacati u kanalizaciju koncetrat, te\u010dnost od tretiranja i pranja opreme<\/p>\n<\/div>","protected":false},"excerpt":{"rendered":"<p><strong>Klasa:<\/strong> Akaricid i insekticid<\/p>\n<p><strong>Aktivna materija:<\/strong> Parafinsko ulje\/Belo mineralno ulje 98, 8 % w\/w \u00b1 25g\/l (Teh. \u010disto\u0107e 100 %)<\/p>\n<p><strong>Formulacija:<\/strong> EC &#8211; koncentrat za emulziju<\/p>\n<p><strong>Pakovanje:<\/strong> 200 ml, 1 l, 20 l, 200 l<\/p>\n<p><strong>Proizvo\u0111a\u010d:<\/strong> Nitrofarm<\/p>","protected":false},"featured_media":4451,"template":"","meta":[],"product_brand":[],"product_cat":[234],"product_tag":[741],"class_list":{"0":"post-4400","1":"product","2":"type-product","3":"status-publish","4":"has-post-thumbnail","6":"product_cat-insekticidi","7":"product_tag-parafinsko-ulje-98-8","9":"first","10":"outofstock","11":"shipping-taxable","12":"purchasable","13":"product-type-simple"},"_links":{"self":[{"href":"https:\/\/agrarpetrovic.rs\/en\/wp-json\/wp\/v2\/product\/4400","targetHints":{"allow":["GET"]}}],"collection":[{"href":"https:\/\/agrarpetrovic.rs\/en\/wp-json\/wp\/v2\/product"}],"about":[{"href":"https:\/\/agrarpetrovic.rs\/en\/wp-json\/wp\/v2\/types\/product"}],"wp:featuredmedia":[{"embeddable":true,"href":"https:\/\/agrarpetrovic.rs\/en\/wp-json\/wp\/v2\/media\/4451"}],"wp:attachment":[{"href":"https:\/\/agrarpetrovic.rs\/en\/wp-json\/wp\/v2\/media?parent=4400"}],"wp:term":[{"taxonomy":"product_brand","embeddable":true,"href":"https:\/\/agrarpetrovic.rs\/en\/wp-json\/wp\/v2\/product_brand?post=4400"},{"taxonomy":"product_cat","embeddable":true,"href":"https:\/\/agrarpetrovic.rs\/en\/wp-json\/wp\/v2\/product_cat?post=4400"},{"taxonomy":"product_tag","embeddable":true,"href":"https:\/\/agrarpetrovic.rs\/en\/wp-json\/wp\/v2\/product_tag?post=4400"}],"curies":[{"name":"wp","href":"https:\/\/api.w.org\/{rel}","templated":true}]}}