{"id":4405,"date":"2023-07-13T16:12:00","date_gmt":"2023-07-13T14:12:00","guid":{"rendered":"https:\/\/agrarpetrovic.rs\/?post_type=product&#038;p=4405"},"modified":"2025-12-22T17:39:00","modified_gmt":"2025-12-22T16:39:00","slug":"sanmite-20-wp-akaraicid","status":"publish","type":"product","link":"https:\/\/agrarpetrovic.rs\/en\/proizvod\/sanmite-20-wp-akaraicid\/","title":{"rendered":"Sanmite 20 WP &#8211; Akaraicid"},"content":{"rendered":"<div class=\"product-harvest\">\n<h4 class=\"detail\"><strong>Primena:<\/strong><\/h4>\n<table>\n<thead>\n<tr class=\"bg-7\">\n<th>USEV \/ ZASAD<\/th>\n<th>KOLI\u010cINA PRIMENE<\/th>\n<th>VREME PRIMENE<\/th>\n<\/tr>\n<\/thead>\n<tbody>\n<tr class=\"bg-sec-7\">\n<td class=\"bg-7\"><a href=\"https:\/\/www.agromarketsrbija.rs\/srb\/zastita-bilja\/programi-zastite\/1018\/Jabuka\">JABUKA<\/a><\/td>\n<td>0,05% (5 g u 10 l)<\/td>\n<td>U svim razvojnim fazama u zavisnosti od intenziteta pojave<\/td>\n<\/tr>\n<tr class=\"bg-sec-7\">\n<td class=\"bg-7\"><a href=\"https:\/\/www.agromarketsrbija.rs\/srb\/zastita-bilja\/programi-zastite\/1020\/Vinova-loza\">VINOVA LOZA<\/a><\/td>\n<td>0,05 &#8211; 0,07%<\/td>\n<td>U svim razvojnim fazama u zavisnosti od intenziteta pojave<\/td>\n<\/tr>\n<\/tbody>\n<\/table>\n<\/div>\n<div class=\"product-info\">\n<h4><strong>DELOVANJE:<\/strong><\/h4>\n<p>insekticid i akaricid sa kontaktnim delovanjem \u010dija aktivna materija pripada grupi\u00a0<em>Piridazinona<\/em>. Inhibitor transporta elektrona u mitohondrijama. Brzo deluje i ispoljava rezidualnu aktivnost. Aktivan prema svim razvojnim fazama, a posebno za larve i nimfe.<\/p>\n<h4><strong>SPEKTAR DELOVANJA:<\/strong><\/h4>\n<p>Crveni pauk (<em>Panonychus ulmi<\/em>) i obi\u010dna grinja (<em>Tetranychus urticae<\/em>) u zasadima jabuke i vinove loze.<\/p>\n<h4><strong>PREPORUKE I NAPOMENE<\/strong><\/h4>\n<p><strong>letnji akaricid najbolje deluje na temperaturama od 25-30<\/strong><strong>0<\/strong><strong>C<\/strong>. Brzo inicijalno delovanje na sve pokretne stadijume. Ako su prisutni svi stadijumi i velika populacija, ponoviti tretiranje na 7 dana. Zbog mogu\u0107e ukr\u0161tene rezistentnosti, ne sme se alternativno primenjivati sa akaricidima sli\u010dnog mehanizma delovanja (<em>Fenproksimat, Tebufenpirad, Piridaben<\/em>). Jako otrovan za vodene organizme. Spre\u010diti dospevanje preparata u vode i kanalizacionu mre\u017eu.<\/p>\n<\/div>","protected":false},"excerpt":{"rendered":"<div class=\"span8 product-details\">\n<p class=\"detail\"><strong>Klasa:<\/strong>\u00a0<span class=\"klasa\">Insekticid<\/span><\/p>\n<p class=\"detail\"><strong>Aktivna materija:<\/strong>\u00a0<span class=\"aktivna-materija\">Piridaben 200 g\/kg<\/span><\/p>\n<p class=\"detail\"><strong>Formulacija:<\/strong>\u00a0<span class=\"formulacija\">WP &#8211; kva\u0161ljiv pra\u0161ak<\/span><\/p>\n<p class=\"detail\"><strong>Pakovanje:<\/strong>\u00a0<span class=\"pakovanje\">100 g, 500 g<\/span><\/p>\n<p class=\"detail\"><strong>Proizvo\u0111a\u010d:<\/strong>\u00a0<span class=\"proizvo\u0111a\u010d\">Nissan Chemical Industries<\/span><\/p>\n<p class=\"detail\"><strong>Karenca:<\/strong>\u00a0<span class=\"karenca\">35 dana &#8211; vinova loza; jabuka<\/span><\/p>\n<p class=\"detail\"><strong>MBT:<\/strong>\u00a0<span class=\"mbt\">2<\/span><\/p>\n<\/div>","protected":false},"featured_media":4456,"template":"","meta":[],"product_brand":[],"product_cat":[281,202],"product_tag":[689],"class_list":{"0":"post-4405","1":"product","2":"type-product","3":"status-publish","4":"has-post-thumbnail","6":"product_cat-akaricidi","7":"product_cat-zastita-bilja","8":"product_tag-piridaben","10":"first","11":"instock","12":"featured","13":"shipping-taxable","14":"purchasable","15":"product-type-simple"},"_links":{"self":[{"href":"https:\/\/agrarpetrovic.rs\/en\/wp-json\/wp\/v2\/product\/4405","targetHints":{"allow":["GET"]}}],"collection":[{"href":"https:\/\/agrarpetrovic.rs\/en\/wp-json\/wp\/v2\/product"}],"about":[{"href":"https:\/\/agrarpetrovic.rs\/en\/wp-json\/wp\/v2\/types\/product"}],"wp:featuredmedia":[{"embeddable":true,"href":"https:\/\/agrarpetrovic.rs\/en\/wp-json\/wp\/v2\/media\/4456"}],"wp:attachment":[{"href":"https:\/\/agrarpetrovic.rs\/en\/wp-json\/wp\/v2\/media?parent=4405"}],"wp:term":[{"taxonomy":"product_brand","embeddable":true,"href":"https:\/\/agrarpetrovic.rs\/en\/wp-json\/wp\/v2\/product_brand?post=4405"},{"taxonomy":"product_cat","embeddable":true,"href":"https:\/\/agrarpetrovic.rs\/en\/wp-json\/wp\/v2\/product_cat?post=4405"},{"taxonomy":"product_tag","embeddable":true,"href":"https:\/\/agrarpetrovic.rs\/en\/wp-json\/wp\/v2\/product_tag?post=4405"}],"curies":[{"name":"wp","href":"https:\/\/api.w.org\/{rel}","templated":true}]}}