{"id":4406,"date":"2023-07-13T16:12:00","date_gmt":"2023-07-13T14:12:00","guid":{"rendered":"https:\/\/agrarpetrovic.rs\/?post_type=product&#038;p=4406"},"modified":"2025-10-27T10:51:49","modified_gmt":"2025-10-27T09:51:49","slug":"teppeki-500-wg-insekticid","status":"publish","type":"product","link":"https:\/\/agrarpetrovic.rs\/en\/proizvod\/teppeki-500-wg-insekticid\/","title":{"rendered":"Teppeki 500 WG &#8211; insekticid"},"content":{"rendered":"<div class=\"product-details\">\n<p class=\"detail\"><strong>Klasa:<\/strong>Insekticid-aficid<\/p>\n<p class=\"detail\"><strong>Aktivna materija:<\/strong>Flonikamid 50 %<\/p>\n<p class=\"detail\"><strong>Formulacija:<\/strong>WG &#8211; vodorastvorljive granule<\/p>\n<p class=\"detail\"><strong>Pakovanje:<\/strong>14 g, 140 g<\/p>\n<p class=\"detail\"><strong>Proizvo\u0111a\u010d:<\/strong>ISK<\/p>\n<p class=\"detail\"><strong>Karenca:<\/strong>5 dana<\/p>\n<p class=\"detail\"><strong>MDK:<\/strong>0,2 &#8211; jabuka, \u0161ljiva; 0,3 &#8211; breskva<\/p>\n<p class=\"detail\"><strong>MBT:<\/strong>2 &#8211; 3<\/p>\n<\/div>\n<div class=\"product-harvest\">\n<p class=\"detail\">Primena:<\/p>\n<table>\n<thead>\n<tr class=\"bg-7\">\n<th>USEV \/ ZASAD<\/th>\n<th>KOLI\u010cINA PRIMENE<\/th>\n<th>VREME PRIMENE<\/th>\n<\/tr>\n<\/thead>\n<tbody>\n<tr class=\"bg-sec-7\">\n<td class=\"bg-7\"><a href=\"https:\/\/www.agromarket.rs\/srb\/zastita-bilja\/programi-zastite\/1022\/Breskva-i-nektarina\">Breskva i nektarina<\/a><\/td>\n<td>0,012 &#8211; 0,014 % (1,2 &#8211; 1,4 g na 10 l vode)<\/td>\n<td>Po prelasku praga \u0161tetnosti, na po\u010detku formiranja kolonija, pre cvetanja<\/td>\n<\/tr>\n<tr class=\"bg-sec-7\">\n<td class=\"bg-7\"><a href=\"https:\/\/www.agromarket.rs\/srb\/zastita-bilja\/programi-zastite\/1018\/Jabuka\">Jabuka<\/a><\/td>\n<td>0,012 &#8211; 0,014 % (1,2 &#8211; 1,4 g na 10 l vode)<\/td>\n<td>Po prelasku praga \u0161tetnosti, na po\u010detku formiranja kolonija, pre cvetanja<\/td>\n<\/tr>\n<tr class=\"bg-sec-7\">\n<td class=\"bg-7\"><a href=\"https:\/\/www.agromarket.rs\/srb\/zastita-bilja\/programi-zastite\/1021\/Sljiva\">\u0160ljiva<\/a><\/td>\n<td>0,012 &#8211; 0,014 % (1,2 &#8211; 1,4 g na 10 l vode)<\/td>\n<td>Po prelasku praga \u0161tetnosti, na po\u010detku formiranja kolonija, pre cvetanja<\/td>\n<\/tr>\n<\/tbody>\n<\/table>\n<\/div>\n<div class=\"product-info\">\n<p><strong>DELOVANJE:<\/strong><\/p>\n<p>Teppeki 500 WG je insekticid-aficid iz nove grupe piridinneksakarboksamida sa kontaktnim i digestivnim delovanjem. Jedinstveni na\u010din delovanja onemogu\u0107ava stvaranje ukr\u0161tene rezistencije sa insekticidima za iste namene. U tretiranoj biljci kre\u0107e se akropetalno i translaminarno. Deluje kontaktno i \u017eeluda\u010dno ve\u0107 nakon 1 sata od usvajanja, a smrt nastupa nakon 2 do 5 dana u zavisnosti od izgladnjivanja \u0161teto\u010dine.<\/p>\n<p><strong>SPEKTAR DELOVANJA:<\/strong><\/p>\n<p>Namenjen je suzbijanju lisnih va\u0161i (<em>Aphididae<\/em> ), zelene lisne va\u0161i jabuke (<em>Aphis pomi<\/em> ), pepeljaste va\u0161i jabuke <em>(Disaphis plantaginea<\/em> ), zelene breskvine va\u0161i (<em>Myzus persicae<\/em> ), \u0161ljivina zelena u\u0161 (<em>Hyalopterus pruni<\/em> ).<\/p>\n<p><strong><span class=\"podnaslovPoglavljaZS\">PREPORUKE I NAPOMENE:<\/span><\/strong><\/p>\n<p class=\"text-justify\">Preparat Teppeki 500 WG odlikuje duga perzistentnost na biljkama (14 do 21 dan) \u0161to omogu\u0107ava punu za\u0161titu tokom cvetanja ako se primeni pre cvetanja. Tako\u0111e, karakteri\u0161u da odli\u010dne toksikolo\u0161ke i ekotokskolo\u0161ke osobine. Ne predstavlja opasnost za korisnike, za podzemne vode, ne predstavlja rizik za vodene organizme, p\u010dele, ptice, ribe niti populacije priprodnih neprijatelja lisnih va\u0161i, te nije razvrstan u grupe otrova. Zbog navedenog se odli\u010dno uklapa u programe integralne za\u0161tite bilja. U zemljama EU Teppeki 500 WG prestavlja nezamenjivo re\u0161enje u suzbijanju bele leptiraste va\u0161i (<em>Trialeurodes vaporariorum<\/em>) u plasteni\u010dkoj i stakleni\u010dkoj proizvodnji i to u drip irigaciji nakon presa\u0111ivanja u dozi od 160 do 200 g\/ha. Primenjuje se i u usevima krompira, \u017eitarica, suncokreta, paprika, dinje, paradajza, cve\u0107a i ukrasnog bilja. Najnovija ispitivanja ukazuju i na izuzetnu efikasnost u suzbijanju jabukine krvave va\u0161i (<em>Eriosoma lanigerum<\/em>) u konc. 0,016 % uz dodatak okva\u0161iva\u010da.<\/p>\n<\/div>","protected":false},"excerpt":{"rendered":"<p><strong>Klasa:<\/strong> Insekticid-aficid<\/p>\n<p><strong>Aktivna materija:<\/strong> Flonikamid 50 %<\/p>\n<p><strong>Formulacija:<\/strong> WG &#8211; vodorastvorljive granule<\/p>\n<p><strong>Pakovanje:<\/strong> 14 g, 140 g<\/p>\n<p><strong>Proizvo\u0111a\u010d:<\/strong> ISK<\/p>","protected":false},"featured_media":4457,"template":"","meta":[],"product_brand":[],"product_cat":[234],"product_tag":[491],"class_list":{"0":"post-4406","1":"product","2":"type-product","3":"status-publish","4":"has-post-thumbnail","6":"product_cat-insekticidi","7":"product_tag-flonikamid","9":"first","10":"instock","11":"featured","12":"shipping-taxable","13":"purchasable","14":"product-type-simple"},"_links":{"self":[{"href":"https:\/\/agrarpetrovic.rs\/en\/wp-json\/wp\/v2\/product\/4406","targetHints":{"allow":["GET"]}}],"collection":[{"href":"https:\/\/agrarpetrovic.rs\/en\/wp-json\/wp\/v2\/product"}],"about":[{"href":"https:\/\/agrarpetrovic.rs\/en\/wp-json\/wp\/v2\/types\/product"}],"wp:featuredmedia":[{"embeddable":true,"href":"https:\/\/agrarpetrovic.rs\/en\/wp-json\/wp\/v2\/media\/4457"}],"wp:attachment":[{"href":"https:\/\/agrarpetrovic.rs\/en\/wp-json\/wp\/v2\/media?parent=4406"}],"wp:term":[{"taxonomy":"product_brand","embeddable":true,"href":"https:\/\/agrarpetrovic.rs\/en\/wp-json\/wp\/v2\/product_brand?post=4406"},{"taxonomy":"product_cat","embeddable":true,"href":"https:\/\/agrarpetrovic.rs\/en\/wp-json\/wp\/v2\/product_cat?post=4406"},{"taxonomy":"product_tag","embeddable":true,"href":"https:\/\/agrarpetrovic.rs\/en\/wp-json\/wp\/v2\/product_tag?post=4406"}],"curies":[{"name":"wp","href":"https:\/\/api.w.org\/{rel}","templated":true}]}}