{"id":4418,"date":"2023-07-13T16:12:22","date_gmt":"2023-07-13T14:12:22","guid":{"rendered":"https:\/\/agrarpetrovic.rs\/?post_type=product&#038;p=4418"},"modified":"2023-07-13T16:12:58","modified_gmt":"2023-07-13T14:12:58","slug":"trend-90-pomocno-sredstvo","status":"publish","type":"product","link":"https:\/\/agrarpetrovic.rs\/en\/proizvod\/trend-90-pomocno-sredstvo\/","title":{"rendered":"Trend 90 &#8211; Pomo\u0107no sredstvo"},"content":{"rendered":"<div class=\"container page\">\n<div class=\"product shadow-compensation\">\n<div class=\"row-fluid\">\n<div class=\"span9\">\n<div class=\"product-details\">\n<p class=\"detail\"><strong>Klasa:<\/strong>Pomo\u0107na sredstva<\/p>\n<p class=\"detail\"><strong>Aktivna materija:<\/strong>Izodecil alkohol etoksilat 900 g\/l<\/p>\n<p class=\"detail\"><strong>Formulacija:<\/strong>SL- concentrated solution<\/p>\n<p class=\"detail\"><strong>Pakovanje:<\/strong>1l<\/p>\n<p class=\"detail\"><strong>Proizvo\u0111a\u010d:<\/strong>Du Pont<\/p>\n<p class=\"detail\"><strong>MBT:<\/strong>u skladu sa herbicidima sa kojima se koristi (jednom ili dva puta u split aplikaciji)<\/p>\n<p class=\"detail\"><strong>Karenca:<\/strong>uskla\u0111ena sa preparatom uz koji se koristi RADNA KARENCA: uskla\u0111ena sa preparatom uz koji se koristi<\/p>\n<\/div>\n<div class=\"product-harvest\">\n<p class=\"detail\">Primena:<\/p>\n<table>\n<thead>\n<tr class=\"bg-20\">\n<th>USEV \/ ZASAD<\/th>\n<th>KOLI\u010cINA PRIMENE<\/th>\n<th>VREME PRIMENE<\/th>\n<\/tr>\n<\/thead>\n<tbody>\n<tr class=\"bg-sec-20\">\n<td class=\"bg-20\"><a href=\"https:\/\/www.agromarket.rs\/srb\/zastita-bilja\/programi-zastite\/1008\/Travni-usevi\">Uz herbicide: Harmony 75 WG, Laren Max PX, Principal Plus, Express 50 SX, Cordus 75 WG i Arigo<\/a><\/td>\n<td>0, 1% (10 ml u 10 l vode)<\/td>\n<td>U vreme primene odabranog herbicida<\/td>\n<\/tr>\n<tr class=\"bg-sec-20\">\n<td class=\"bg-20\"><a href=\"https:\/\/www.agromarket.rs\/srb\/zastita-bilja\/programi-zastite\/1008\/Travni-usevi\">Uz herbicid Safari 50 WG<\/a><\/td>\n<td>0,05% (5 ml u 10 l vode)<\/td>\n<td>U vreme primene odabranog herbicida<\/td>\n<\/tr>\n<tr class=\"bg-sec-20\">\n<td class=\"bg-20\"><a href=\"https:\/\/www.agromarket.rs\/srb\/zastita-bilja\/programi-zastite\/1008\/Travni-usevi\">Uz insekticid Coragen 20 SC<\/a><\/td>\n<td>0,1%<\/td>\n<td>Za avio tretman<\/td>\n<\/tr>\n<\/tbody>\n<\/table>\n<\/div>\n<div class=\"product-info\">\n<p><strong>DELOVANJE: <\/strong><\/p>\n<p>Nejonizuju\u0107i okva\u0161iva\u010d koji smanjuje povr\u0161inski napon vode izme\u0111u kapi i lista, pobolj\u0161ava kva\u0161enje lisne povr\u0161ine i distribuciju herbicida po tretiranoj povr\u0161ini, kao i prodiranje kroz list.<\/p>\n<p><strong>SPEKTAR DELOVANJA:<\/strong><\/p>\n<p>Primenjuje se na biljnim vrstama u kojima se primenjuje i herbicid sa kojim se koristi.<\/p>\n<p><strong>PREPORUKE I NAPOMENA:<\/strong><\/p>\n<p>Mo\u017ee se me\u0161ati sa svim herbicidima iz grupe <em>Sulfonil uree<\/em>. Preparat se primenjuje folijarno, prskanjem uz utro\u0161ak 200 do 400 litara te\u010dnosti po hektaru. Dodaje se u rezervoar prskalice nakon rastvaranja herbicida, a u slu\u010daju pripreme me\u0161avine vi\u0161e herbicida, Trend 90 uvek se dodaje se poslednji. Preparat nije fitotoksi\u010dan i ne potpoma\u017ee fitotoksi\u010dnost herbicida sa kojim se primenjuje.<\/p>\n<\/div>\n<\/div>\n<\/div>\n<\/div>\n<\/div>\n<div class=\"row-fluid fp-sponsors\">\n<div class=\"container page\">\n<div class=\"row-fluid\">\n<div class=\"item\"><\/div>\n<div class=\"item\"><\/div>\n<div class=\"item\"><\/div>\n<\/div>\n<\/div>\n<\/div>","protected":false},"excerpt":{"rendered":"<p><strong>Klasa:<\/strong> Pomo\u0107na sredstva<\/p>\n<p><strong>Aktivna materija:<\/strong> Izodecil alkohol etoksilat 900 g\/l<\/p>\n<p><strong>Formulacija:<\/strong> SL- concentrated solution<\/p>\n<p><strong>Pakovanje:<\/strong> 1l<\/p>\n<p><strong>Proizvo\u0111a\u010d:<\/strong> Du Pont<\/p>","protected":false},"featured_media":4459,"template":"","meta":[],"product_brand":[],"product_cat":[272],"product_tag":[],"class_list":{"0":"post-4418","1":"product","2":"type-product","3":"status-publish","4":"has-post-thumbnail","6":"product_cat-pomocna-sredstva","8":"first","9":"instock","10":"shipping-taxable","11":"product-type-simple"},"_links":{"self":[{"href":"https:\/\/agrarpetrovic.rs\/en\/wp-json\/wp\/v2\/product\/4418","targetHints":{"allow":["GET"]}}],"collection":[{"href":"https:\/\/agrarpetrovic.rs\/en\/wp-json\/wp\/v2\/product"}],"about":[{"href":"https:\/\/agrarpetrovic.rs\/en\/wp-json\/wp\/v2\/types\/product"}],"wp:featuredmedia":[{"embeddable":true,"href":"https:\/\/agrarpetrovic.rs\/en\/wp-json\/wp\/v2\/media\/4459"}],"wp:attachment":[{"href":"https:\/\/agrarpetrovic.rs\/en\/wp-json\/wp\/v2\/media?parent=4418"}],"wp:term":[{"taxonomy":"product_brand","embeddable":true,"href":"https:\/\/agrarpetrovic.rs\/en\/wp-json\/wp\/v2\/product_brand?post=4418"},{"taxonomy":"product_cat","embeddable":true,"href":"https:\/\/agrarpetrovic.rs\/en\/wp-json\/wp\/v2\/product_cat?post=4418"},{"taxonomy":"product_tag","embeddable":true,"href":"https:\/\/agrarpetrovic.rs\/en\/wp-json\/wp\/v2\/product_tag?post=4418"}],"curies":[{"name":"wp","href":"https:\/\/api.w.org\/{rel}","templated":true}]}}