{"id":4419,"date":"2023-07-13T16:12:22","date_gmt":"2023-07-13T14:12:22","guid":{"rendered":"https:\/\/agrarpetrovic.rs\/?post_type=product&#038;p=4419"},"modified":"2023-07-13T16:12:59","modified_gmt":"2023-07-13T14:12:59","slug":"imox-pomocno-sredstvo","status":"publish","type":"product","link":"https:\/\/agrarpetrovic.rs\/en\/proizvod\/imox-pomocno-sredstvo\/","title":{"rendered":"Imox -Pomo\u0107no sredstvo"},"content":{"rendered":"<div class=\"span9\">\n<div class=\"product-details\">\n<p class=\"detail\"><strong>Klasa:<\/strong>Pomo\u0107na sredstva<\/p>\n<p class=\"detail\"><strong>Aktivna materija:<\/strong>Izodecil alkohol etoksilat 900 g\/l<\/p>\n<p class=\"detail\"><strong>Formulacija:<\/strong>SE \u2013 koncentrovana emulzija<\/p>\n<p class=\"detail\"><strong>Proizvo\u0111a\u010d:<\/strong>Arysta Life Science<\/p>\n<p class=\"detail\"><strong>MBT:<\/strong>uskla\u0111\u008cen sa preparatom uz koji se koristi<\/p>\n<p class=\"detail\"><strong>Karenca:<\/strong>uskla\u0111\u008cen sa preparatom uz koji se koristi<\/p>\n<\/div>\n<div class=\"product-harvest\">\n<p class=\"detail\">Primena:<\/p>\n<table>\n<thead>\n<tr class=\"bg-20\">\n<th>USEV \/ ZASAD<\/th>\n<th>KOLI\u010cINA PRIMENE<\/th>\n<th>VREME PRIMENE<\/th>\n<\/tr>\n<\/thead>\n<tbody>\n<tr class=\"bg-sec-20\">\n<td class=\"bg-20\"><a href=\"https:\/\/www.agromarket.rs\/srb\/zastita-bilja\/programi-zastite\/1001\/Kukuruz\">Kukuruz<\/a><\/td>\n<td>0, 1% (10 ml u 10 l vode)<\/td>\n<td>U vreme primene odabranog herbicida<\/td>\n<\/tr>\n<\/tbody>\n<\/table>\n<\/div>\n<div class=\"product-info\">\n<p>DELOVANJE:<\/p>\n<p>nejonizujuci okva\u0161ivac koji smanjuje povr\u0161inski napon vode, pobolj\u0161ava kva\u0161enje<br \/>\nlisne povr\u0161ine i distribuciju herbicida po tretiranoj povr\u0161ini.<\/p>\n<p>SPEKTAR DELOVANJA<br \/>\nprimenjuje se na biljnim vrstama u kojima se primenjuje i herbicid sa\u00a0kojim se koristi:<\/p>\n<p>PREPORUKE I NAPOMENA:<br \/>\nmo\u017ee se me\u0161ati sa svim herbicidima iz grupe Sulfonil Uree. Preparat se\u00a0primenjuje folijarno, prskanjem uz utro\u0161ak 200 do 400 litara tecnosti po\u00a0hektaru. Dodaje se u rezervoar prskalice nakon rastvaranja herbicid,\u00a0a u slu\u010daju pripreme me\u0161avine vi\u0161e herbicida, dodaje se poslednji.\u00a0Preparat nije fitotoksican i ne potpoma\u017ee fitotoksicnost herbicida sa\u00a0kojim se primenjuje.<\/p>\n<\/div>\n<\/div>","protected":false},"excerpt":{"rendered":"<p><strong>Klasa:<\/strong> Pomo\u0107na sredstva<\/p>\n<p><strong>Aktivna materija:<\/strong> Izodecil alkohol etoksilat 900 g\/l<\/p>\n<p><strong>Formulacija:<\/strong> SE \u2013 koncentrovana emulzija<\/p>\n<p><strong>Proizvo\u0111a\u010d:<\/strong> Arysta Life Science<\/p>","protected":false},"featured_media":4460,"template":"","meta":[],"product_brand":[],"product_cat":[272],"product_tag":[],"class_list":{"0":"post-4419","1":"product","2":"type-product","3":"status-publish","4":"has-post-thumbnail","6":"product_cat-pomocna-sredstva","8":"first","9":"instock","10":"shipping-taxable","11":"product-type-simple"},"_links":{"self":[{"href":"https:\/\/agrarpetrovic.rs\/en\/wp-json\/wp\/v2\/product\/4419","targetHints":{"allow":["GET"]}}],"collection":[{"href":"https:\/\/agrarpetrovic.rs\/en\/wp-json\/wp\/v2\/product"}],"about":[{"href":"https:\/\/agrarpetrovic.rs\/en\/wp-json\/wp\/v2\/types\/product"}],"wp:featuredmedia":[{"embeddable":true,"href":"https:\/\/agrarpetrovic.rs\/en\/wp-json\/wp\/v2\/media\/4460"}],"wp:attachment":[{"href":"https:\/\/agrarpetrovic.rs\/en\/wp-json\/wp\/v2\/media?parent=4419"}],"wp:term":[{"taxonomy":"product_brand","embeddable":true,"href":"https:\/\/agrarpetrovic.rs\/en\/wp-json\/wp\/v2\/product_brand?post=4419"},{"taxonomy":"product_cat","embeddable":true,"href":"https:\/\/agrarpetrovic.rs\/en\/wp-json\/wp\/v2\/product_cat?post=4419"},{"taxonomy":"product_tag","embeddable":true,"href":"https:\/\/agrarpetrovic.rs\/en\/wp-json\/wp\/v2\/product_tag?post=4419"}],"curies":[{"name":"wp","href":"https:\/\/api.w.org\/{rel}","templated":true}]}}