{"id":4420,"date":"2023-07-13T16:12:22","date_gmt":"2023-07-13T14:12:22","guid":{"rendered":"https:\/\/agrarpetrovic.rs\/?post_type=product&#038;p=4420"},"modified":"2023-07-13T16:13:00","modified_gmt":"2023-07-13T14:13:00","slug":"pallas-adjuvant-pomocno-sredstvo","status":"publish","type":"product","link":"https:\/\/agrarpetrovic.rs\/en\/proizvod\/pallas-adjuvant-pomocno-sredstvo\/","title":{"rendered":"Pallas a\u0111uvant &#8211; Pomo\u0107no sredstvo"},"content":{"rendered":"<div class=\"product-details\">\n<p class=\"detail\"><strong>Klasa:<\/strong>Pomo\u0107na sredstva<\/p>\n<p class=\"detail\"><strong>Aktivna materija:<\/strong>Alkilfenol alkoksilat 1.020 g\/l<\/p>\n<p class=\"detail\"><strong>Formulacija:<\/strong>SL \u2013 koncentrovani rastvor<\/p>\n<p class=\"detail\"><strong>Proizvo\u0111a\u010d:<\/strong>DOW<\/p>\n<p class=\"detail\"><strong>MBT:<\/strong>uskla\u0111ena sa preparatom uz koji se koristi<\/p>\n<p class=\"detail\"><strong>Karenca:<\/strong>uskla\u0111ena sa preparatom uz koji se koristi<\/p>\n<p class=\"detail\"><strong>MDK (mg\/kg):<\/strong>uskla\u0111en sa preparatom uz koji se koristi<\/p>\n<\/div>\n<div class=\"product-harvest\">\n<p class=\"detail\">Primena:<\/p>\n<table>\n<thead>\n<tr class=\"bg-20\">\n<th>USEV \/ ZASAD<\/th>\n<th>KOLI\u010cINA PRIMENE<\/th>\n<th>VREME PRIMENE<\/th>\n<\/tr>\n<\/thead>\n<tbody>\n<tr class=\"bg-sec-20\">\n<td class=\"bg-20\"><a href=\"https:\/\/www.agromarket.rs\/srb\/zastita-bilja\/programi-zastite\/1029\/Borovnica-i-aronija\">P\u0161enica , Ra\u017e, Tritikale<\/a><\/td>\n<td>0,5<\/td>\n<td>U vreme primene herbicida Pallas 75 WG<\/td>\n<\/tr>\n<\/tbody>\n<\/table>\n<\/div>\n<div class=\"product-info\">\n<p>DELOVANJE:<\/p>\n<p>deluje tako \u0161to smanjuje povr\u0161inski napon vode i na taj na\u010din pobolj\u0161ava kva\u0161enje<br \/>\nlisne povr\u0161ine korova i bolju distribuciju herbicida na tretiranoj povr\u0161ini. Tako\u0111e se smanjuje rastur\u00a0kapljica te\u010dnosti za prskanje i uve\u0107ava otpornost na spiranje ki\u0161om<\/p>\n<p>SPEKTAR DELOVANJA<br \/>\nu skladu sa podru\u010djem primene herbicida Pallas 75 WG sa kojim se\u00a0primenjuje Pallas Adjuvant je okva\u0161iva\u010d, nije sredstvo za za\u0161titu bilja i\u00a0ne suzbija nijednu bolest, \u0161teto\u010dinu niti korov.<\/p>\n<p>PREPORUKE I NAPOMENA:<br \/>\nproizvod Pallas Adjuvant se primenjuje uz utro\u0161ak 200-400 litara vode\u00a0po hektaru. Primenjuje se samo na prosu\u0161ene biljke. Ne prskati uz vetar,\u00a0kao i pri visokim temperaturama ili jakoj osun\u010danosti. Ne primenjivati\u00a0u usevima oslabljenim od nepovoljnih klimatskih uslova, nedostatka\u00a0hraniva, napada \u0161teto\u010dina ili o\u0161te\u0107enog korena.<br \/>\nPallas Adjuvant se primenjuje le\u0111nim i traktorskim prskalicama,\u00a0koje moraju biti tehni\u010dki ispravne i pravilno kalibrirane u skladu sa\u00a0proizvo\u0111a\u010dkom specifikacijom, tako \u0161to se rezervoar prskalice ispuni\u00a0do pola \u010distom vodom uz neprestano me\u0161anje, a zatim dodati potrebnu\u00a0koli\u010dinu herbicida PALLAS 75 WG, a zatim odgovaraju\u0107u koli\u010dinu Pallas<br \/>\nAdjuvant i dosuti vodu do vrha prskalice uz stalno me\u0161anje.\u00a0Pallas Adjuvant nije fitotoksi\u010dan i ne prouzrokuje nikakvo nepo\u017eeljno\u00a0sporedno delovanje ako se primenjuje striktno u skladu sa zvani\u010dnom registracijom herbicida sa kojim se zajedno koristi.Pallas Adjuvant se mo\u017ee me\u0161ati sa svim herbicidima koji su registrovani za primenu u kombinaciji sa povr\u0161inski aktivnim materijama (surfaktanti) za registrovane namene i koli\u010dine primene.<\/p>\n<\/div>","protected":false},"excerpt":{"rendered":"<p><strong>Klasa:<\/strong> Pomo\u0107na sredstva<\/p>\n<p><strong>Aktivna materija:<\/strong> Alkilfenol alkoksilat 1.020 g\/l<\/p>\n<p><strong>Formulacija:<\/strong> SL \u2013 koncentrovani rastvor<\/p>\n<p><strong>Proizvo\u0111a\u010d:<\/strong> DOW<\/p>","protected":false},"featured_media":4461,"template":"","meta":[],"product_brand":[],"product_cat":[272],"product_tag":[],"class_list":{"0":"post-4420","1":"product","2":"type-product","3":"status-publish","4":"has-post-thumbnail","6":"product_cat-pomocna-sredstva","8":"first","9":"instock","10":"shipping-taxable","11":"product-type-simple"},"_links":{"self":[{"href":"https:\/\/agrarpetrovic.rs\/en\/wp-json\/wp\/v2\/product\/4420","targetHints":{"allow":["GET"]}}],"collection":[{"href":"https:\/\/agrarpetrovic.rs\/en\/wp-json\/wp\/v2\/product"}],"about":[{"href":"https:\/\/agrarpetrovic.rs\/en\/wp-json\/wp\/v2\/types\/product"}],"wp:featuredmedia":[{"embeddable":true,"href":"https:\/\/agrarpetrovic.rs\/en\/wp-json\/wp\/v2\/media\/4461"}],"wp:attachment":[{"href":"https:\/\/agrarpetrovic.rs\/en\/wp-json\/wp\/v2\/media?parent=4420"}],"wp:term":[{"taxonomy":"product_brand","embeddable":true,"href":"https:\/\/agrarpetrovic.rs\/en\/wp-json\/wp\/v2\/product_brand?post=4420"},{"taxonomy":"product_cat","embeddable":true,"href":"https:\/\/agrarpetrovic.rs\/en\/wp-json\/wp\/v2\/product_cat?post=4420"},{"taxonomy":"product_tag","embeddable":true,"href":"https:\/\/agrarpetrovic.rs\/en\/wp-json\/wp\/v2\/product_tag?post=4420"}],"curies":[{"name":"wp","href":"https:\/\/api.w.org\/{rel}","templated":true}]}}