{"id":4421,"date":"2023-07-13T16:12:22","date_gmt":"2023-07-13T14:12:22","guid":{"rendered":"https:\/\/agrarpetrovic.rs\/?post_type=product&#038;p=4421"},"modified":"2023-07-13T16:13:01","modified_gmt":"2023-07-13T14:13:01","slug":"vin-film-pomocno-sredstvo","status":"publish","type":"product","link":"https:\/\/agrarpetrovic.rs\/en\/proizvod\/vin-film-pomocno-sredstvo\/","title":{"rendered":"Vin-Film &#8211; Pomo\u0107no sredstvo"},"content":{"rendered":"<div class=\"product-details\">\n<p class=\"detail\"><strong>Klasa:<\/strong>Pomo\u0107na sredstva<\/p>\n<p class=\"detail\"><strong>Aktivna materija:<\/strong>Pinolein 892,8 g\/l<\/p>\n<p class=\"detail\"><strong>Formulacija:<\/strong>SE \u2013 koncentrovana emulzija<\/p>\n<p class=\"detail\"><strong>Pakovanje:<\/strong>1 l<\/p>\n<p class=\"detail\"><strong>Proizvo\u0111a\u010d:<\/strong>Miller Chemical and Fertilizer Corporation<\/p>\n<p class=\"detail\"><strong>MBT:<\/strong>U skladu sa pesticidima sa kojima se primenjuje<\/p>\n<p class=\"detail\"><strong>Karenca:<\/strong>Vin-Film je prirodni proizvod koji se potpuno razgra\u0111uje. Nema ostatka na povr\u0161ini biljke 10 dana po primeni u preporu\u010denoj dozi primene. Da bi se izbegao rizik produ\u017eenja karence primenjenog pesticida ne preporu\u010duje se primena 10 dana pre berbe.<\/p>\n<p class=\"detail\"><strong>MDK (mg\/kg):<\/strong>U skladu sa pesticidima sa kojima se primenjuje<\/p>\n<\/div>\n<div class=\"product-harvest\">\n<p class=\"detail\">Primena:<\/p>\n<table>\n<thead>\n<tr class=\"bg-20\">\n<th>USEV \/ ZASAD<\/th>\n<th>KOLI\u010cINA PRIMENE<\/th>\n<th>VREME PRIMENE<\/th>\n<\/tr>\n<\/thead>\n<tbody>\n<tr class=\"bg-sec-20\">\n<td class=\"bg-20\"><a href=\"https:\/\/www.agromarket.rs\/srb\/zastita-bilja\/programi-zastite\/1029\/Borovnica-i-aronija\">U sme\u0161i sa pesticidima<\/a><\/td>\n<td>0,3<\/td>\n<td>Pobolj\u0161ava efekte sredstava za za\u0161titu bilja kao okva\u0161iva\u010d<\/td>\n<\/tr>\n<tr class=\"bg-sec-20\">\n<td class=\"bg-20\"><a href=\"https:\/\/www.agromarket.rs\/srb\/zastita-bilja\/programi-zastite\/1025\/Malina\">U sme\u0161i sa pesticidima<\/a><\/td>\n<td>0,3<\/td>\n<td>Pobolj\u0161ava efekte sredstava za za\u0161titu bilja kao okva\u0161iva\u010d<\/td>\n<\/tr>\n<\/tbody>\n<\/table>\n<\/div>\n<div class=\"product-info\">\n<p><strong>MEHANIZAM DELOVANJA<\/strong><\/p>\n<p>Vin-Film a\u0111uvant (pomo\u0107no sredstvo) koje se dodaje pesticidima radi<br \/>\npove\u0107anja perzistentnosti (produ\u017eenog delovanja pesticida) i osiguranja<br \/>\nmaksimalne efikasnosti svakog tretmana pove\u0107anjem pokrovnosti<br \/>\ndepozita pesticida, za\u0161titom od isparavanja i spiranja depozita pesticida<br \/>\nusled padavina ili zalivanja, za\u0161titom depozita od degradacije procesima<br \/>\noksidacije i hidrolize, UV zra\u010denjem i ostalim degradacionim faktorima.<\/p>\n<p><strong>PREPORUKE I NAPOMENA:<\/strong><\/p>\n<p>li\u0161\u0107e tretiranih biljaka ne sme se koristiti za ishranu doma\u0107ih \u017eivotinja.<br \/>\nPreparat deluje kao okva\u0161iva\u010d smanjuju\u0107i povr\u0161inski napon te\u010dnosti<br \/>\n\u010dime kapi posle tretmana bolje pokrivaju i bolje prijanjaju na tretiranu<br \/>\npovr\u0161inu. Preparat se ne rastvara u vodi te ne postoji mogu\u0107nost<br \/>\nspiranja depozita pesticida tokom ponovnog vla\u017eenja tretiranih biljaka,<br \/>\nodnosno pove\u0107ava stepen zadr\u017eavanja aktivne materije. Omogu\u0107uje<br \/>\nravnomerniju pokrovnost i bolje prodiranje kroz biljne delove obavijene<br \/>\nvo\u0161tanom prevlakom ili dla\u010dicama. \u0160titi, odnosno znatno umanjuje i<br \/>\nusporava mogu\u0107nost raspadanja aktivne materije usled procesa hidrolize.<br \/>\nSpre\u010dava degradaciju aktivnih materija pod uticajem ultraviolentnog<br \/>\nzra\u010denja, prekomernog zagrevanja pesticidnog depozita (odbijanjem<br \/>\nsun\u010devog zra\u010denja), ograni\u010dava stepen isparavanja pesticida\u00a0koje odlikuje brza isparljivost.\u00a0Preparat Vin-Film omogu\u0107uje o\u010duvanje strukture biolo\u0161kih preparata.<\/p>\n<\/div>","protected":false},"excerpt":{"rendered":"<div class=\"span8 product-details\">\n<p><strong>Klasa:<\/strong> Pomo\u0107na sredstva<\/p>\n<p><strong>Aktivna materija:<\/strong> Pinolein 892,8 g\/l<\/p>\n<p><strong>Formulacija:<\/strong> SE \u2013 koncentrovana emulzija<\/p>\n<p><strong>Pakovanje:<\/strong> 1 l<\/p>\n<p><strong>Proizvo\u0111a\u010d:<\/strong> Miller Chemical and Fertilizer Corporation<\/p>\n<\/div>","protected":false},"featured_media":4462,"template":"","meta":[],"product_brand":[],"product_cat":[272],"product_tag":[],"class_list":{"0":"post-4421","1":"product","2":"type-product","3":"status-publish","4":"has-post-thumbnail","6":"product_cat-pomocna-sredstva","8":"first","9":"instock","10":"shipping-taxable","11":"product-type-simple"},"_links":{"self":[{"href":"https:\/\/agrarpetrovic.rs\/en\/wp-json\/wp\/v2\/product\/4421","targetHints":{"allow":["GET"]}}],"collection":[{"href":"https:\/\/agrarpetrovic.rs\/en\/wp-json\/wp\/v2\/product"}],"about":[{"href":"https:\/\/agrarpetrovic.rs\/en\/wp-json\/wp\/v2\/types\/product"}],"wp:featuredmedia":[{"embeddable":true,"href":"https:\/\/agrarpetrovic.rs\/en\/wp-json\/wp\/v2\/media\/4462"}],"wp:attachment":[{"href":"https:\/\/agrarpetrovic.rs\/en\/wp-json\/wp\/v2\/media?parent=4421"}],"wp:term":[{"taxonomy":"product_brand","embeddable":true,"href":"https:\/\/agrarpetrovic.rs\/en\/wp-json\/wp\/v2\/product_brand?post=4421"},{"taxonomy":"product_cat","embeddable":true,"href":"https:\/\/agrarpetrovic.rs\/en\/wp-json\/wp\/v2\/product_cat?post=4421"},{"taxonomy":"product_tag","embeddable":true,"href":"https:\/\/agrarpetrovic.rs\/en\/wp-json\/wp\/v2\/product_tag?post=4421"}],"curies":[{"name":"wp","href":"https:\/\/api.w.org\/{rel}","templated":true}]}}