{"id":4422,"date":"2023-07-13T16:12:22","date_gmt":"2023-07-13T14:12:22","guid":{"rendered":"https:\/\/agrarpetrovic.rs\/?post_type=product&#038;p=4422"},"modified":"2023-07-13T16:13:02","modified_gmt":"2023-07-13T14:13:02","slug":"gardentop-rodenticid","status":"publish","type":"product","link":"https:\/\/agrarpetrovic.rs\/en\/proizvod\/gardentop-rodenticid\/","title":{"rendered":"Gardentop -Rodenticid"},"content":{"rendered":"<div class=\"product-details\">\n<p class=\"detail\"><strong>Klasa:<\/strong>Rodenticidi<\/p>\n<p class=\"detail\"><strong>Aktivna materija:<\/strong>Bromadiolon 0,005 g\/kg<\/p>\n<p class=\"detail\"><strong>Formulacija:<\/strong>RB &#8211; mamak za direktnu primenu<\/p>\n<p class=\"detail\"><strong>Pakovanje:<\/strong>200 g<\/p>\n<p class=\"detail\"><strong>Proizvo\u0111a\u010d:<\/strong>Zapi<\/p>\n<p class=\"detail\"><strong>Karenca:<\/strong>Za skladi\u0161ta nije potrebno normiranje<\/p>\n<\/div>\n<div class=\"product-harvest\">\n<p class=\"detail\">Primena:<\/p>\n<table>\n<thead>\n<tr class=\"bg-11\">\n<th>USEV \/ ZASAD<\/th>\n<th>KOLI\u010cINA PRIMENE<\/th>\n<th>VREME PRIMENE<\/th>\n<\/tr>\n<\/thead>\n<tbody>\n<tr class=\"bg-sec-11\">\n<td class=\"bg-11\"><a href=\"https:\/\/www.agromarket.rs\/srb\/zastita-bilja\/programi-zastite\/1035\/Ostalo\">Ku\u0107ni mi\u0161 -skladi\u0161ta<\/a><\/td>\n<td>10 g mamka (jedna kesica) pojedina\u010dno rasuti mamak, 10-50 g po tacni<\/td>\n<td>po pojavi u blizini legla i puteva kojima se kre\u0107u<\/td>\n<\/tr>\n<tr class=\"bg-sec-11\">\n<td class=\"bg-11\"><a href=\"https:\/\/www.agromarket.rs\/srb\/zastita-bilja\/programi-zastite\/1035\/Ostalo\">Poljska voluharica, poljski mi\u0161 &#8211; u polju <\/a><\/td>\n<td>10-20 g (1-2 kesice) po aktivnoj rupi za I-III kategoriju brojnosti<\/td>\n<td>po pojavi<\/td>\n<\/tr>\n<tr class=\"bg-sec-11\">\n<td class=\"bg-11\"><a href=\"https:\/\/www.agromarket.rs\/srb\/zastita-bilja\/programi-zastite\/1035\/Ostalo\">Poljska voluharica, poljski mi\u0161 &#8211; u polju <\/a><\/td>\n<td>20-30 g (2-3 kesice) po aktivnoj rupi za IV kategoriju i kalamitet<\/td>\n<td>#<\/td>\n<\/tr>\n<tr class=\"bg-sec-11\">\n<td class=\"bg-11\"><a href=\"https:\/\/www.agromarket.rs\/srb\/zastita-bilja\/programi-zastite\/1035\/Ostalo\">Sivi pacov, crni pacov &#8211; skladi\u0161ta<\/a><\/td>\n<td>100-150 g mamka (10-15 kesica) po tacni, stavljanjem na zaklonjena mesta, 7-10 tacni na povr\u0161ini 250-300 m2<\/td>\n<td>#<\/td>\n<\/tr>\n<\/tbody>\n<\/table>\n<\/div>\n<div class=\"product-info\">\n<p><strong>DELOVANJE:<\/strong><\/p>\n<p>Rodenticid Gartdentop pripada drugoj generaciji \u201ckumarinski rodenticidi\u201d koji spre\u010dava koagulaciju krvi kod glodara<\/p>\n<p><strong>SPEKTAR DELOVANJA:<\/strong><\/p>\n<p>Namenjen je suzbijanju:<\/p>\n<p>1. crnog (<em>Rattus rattus<\/em>) i sivog pacova (<em>Rattus norvegicus<\/em> )<br \/>\n2. ku\u0107nog mi\u0161a (<em>Mus musculus<\/em> )<br \/>\n3. poljske (<em>Microtus arvalis<\/em> ) i vodene voluharice (<em>Arvicola terestris<\/em> )<\/p>\n<p><strong>PREPORUKE I NAPOMENE:<\/strong><\/p>\n<p>primena je po potrebi, akcija suzbijanja traje 7 do 10 dana, a uginu\u0107e\u00a0pacova nastupa nakon 5 do 8 konzumiranja, a uginu\u0107e mi\u0161eva nastupa\u00a0posle jednokratne konzumacije. Broj tretiranja tokom godine \u00a0nije ograni\u010den, zavisi od infestacije \u0161tetnih glodara. Preparat koristiti\u00a0samo na povr\u0161inama gde doma\u0107e \u017eivotinje i \u017eivina nemaju pristup.\u00a0Mamci se ne smeju ostavljati na povr\u0161ini zemlje, jer su otrovni za\u00a0\u010doveka i druge toplokrvne organizme.<\/p>\n<\/div>","protected":false},"excerpt":{"rendered":"<p><strong>Klasa:<\/strong> Rodenticidi<\/p>\n<p><strong>Aktivna materija:<\/strong> Bromadiolon 0,005 g\/kg<\/p>\n<p><strong>Formulacija:<\/strong> RB &#8211; mamak za direktnu primenu<\/p>\n<p><strong>Pakovanje:<\/strong> 200 g<\/p>\n<p><strong>Proizvo\u0111a\u010d:<\/strong> Zapi<\/p>","protected":false},"featured_media":4463,"template":"","meta":[],"product_brand":[],"product_cat":[294],"product_tag":[],"class_list":{"0":"post-4422","1":"product","2":"type-product","3":"status-publish","4":"has-post-thumbnail","6":"product_cat-rodenticidi","8":"first","9":"instock","10":"shipping-taxable","11":"product-type-simple"},"_links":{"self":[{"href":"https:\/\/agrarpetrovic.rs\/en\/wp-json\/wp\/v2\/product\/4422","targetHints":{"allow":["GET"]}}],"collection":[{"href":"https:\/\/agrarpetrovic.rs\/en\/wp-json\/wp\/v2\/product"}],"about":[{"href":"https:\/\/agrarpetrovic.rs\/en\/wp-json\/wp\/v2\/types\/product"}],"wp:featuredmedia":[{"embeddable":true,"href":"https:\/\/agrarpetrovic.rs\/en\/wp-json\/wp\/v2\/media\/4463"}],"wp:attachment":[{"href":"https:\/\/agrarpetrovic.rs\/en\/wp-json\/wp\/v2\/media?parent=4422"}],"wp:term":[{"taxonomy":"product_brand","embeddable":true,"href":"https:\/\/agrarpetrovic.rs\/en\/wp-json\/wp\/v2\/product_brand?post=4422"},{"taxonomy":"product_cat","embeddable":true,"href":"https:\/\/agrarpetrovic.rs\/en\/wp-json\/wp\/v2\/product_cat?post=4422"},{"taxonomy":"product_tag","embeddable":true,"href":"https:\/\/agrarpetrovic.rs\/en\/wp-json\/wp\/v2\/product_tag?post=4422"}],"curies":[{"name":"wp","href":"https:\/\/api.w.org\/{rel}","templated":true}]}}