{"id":4425,"date":"2023-07-13T16:12:23","date_gmt":"2023-07-13T14:12:23","guid":{"rendered":"https:\/\/agrarpetrovic.rs\/?post_type=product&#038;p=4425"},"modified":"2023-07-13T16:13:09","modified_gmt":"2023-07-13T14:13:09","slug":"lepinox-plus-biopesticid","status":"publish","type":"product","link":"https:\/\/agrarpetrovic.rs\/en\/proizvod\/lepinox-plus-biopesticid\/","title":{"rendered":"Lepinox Plus &#8211; Biopesticid"},"content":{"rendered":"<div class=\"span9\">\n<div class=\"product-details\">\n<p class=\"detail\"><strong>Klasa:<\/strong>Biopesticid<\/p>\n<p class=\"detail\"><strong>Aktivna materija:<\/strong>Providni kristalni protein \u2013 protoksini sa insekticidnim delovanjem, koji su proizvod bakterije Bacillus thuringiensis subsp. kurstaki (soj EG 2348)<\/p>\n<p class=\"detail\"><strong>Formulacija:<\/strong>WP \u2013 kva\u0161ljivi pra\u0161ak<\/p>\n<p class=\"detail\"><strong>Proizvo\u0111a\u010d:<\/strong>CBC<\/p>\n<p class=\"detail\"><strong>MBT:<\/strong>3<\/p>\n<\/div>\n<div class=\"product-harvest\">\n<p class=\"detail\">Primena:<\/p>\n<table>\n<thead>\n<tr class=\"bg-13\">\n<th>USEV \/ ZASAD<\/th>\n<th>KOLI\u010cINA PRIMENE<\/th>\n<th>VREME PRIMENE<\/th>\n<\/tr>\n<\/thead>\n<tbody>\n<tr class=\"bg-sec-13\">\n<td class=\"bg-13\"><a href=\"https:\/\/www.agromarket.rs\/srb\/zastita-bilja\/programi-zastite\/1001\/Kukuruz\">Kukuruz<\/a><\/td>\n<td>0,75 \u2013 1,0<\/td>\n<td>Za vreme polaganja jaja, pre piljenja larvi i na po\u010detku piljenja larvi<\/td>\n<\/tr>\n<tr class=\"bg-sec-13\">\n<td class=\"bg-13\"><a href=\"https:\/\/www.agromarket.rs\/srb\/zastita-bilja\/programi-zastite\/1010\/Paradajz-i-plavi-patlidzan\">Paradajz i plavi patlid\u017ean<\/a><\/td>\n<td>0,75 \u2013 1,0<\/td>\n<td>Za vreme polaganja jaja, pre piljenja larvi i na po\u010detku piljenja larvi<\/td>\n<\/tr>\n<\/tbody>\n<\/table>\n<\/div>\n<div class=\"product-info\">\n<p>SPEKTAR DELOVANJA:<br \/>\npamukova (kukuruzna) sovica<em> (Helicoverpa armigera)<\/em>.<\/p>\n<p><strong>PREPORUKE I NAPOMENE:<\/strong><br \/>\nsposobnost da<em> Baccilus thuringiensis<\/em> suzbija larve insekata je otkrivena pre vi\u0161e<br \/>\nod 90 godina, a prva komercijalizacija ovog proizvoda nastala je 1940. godine, a<br \/>\n<em>Bacillus thuringiensis serovar kurstaki<\/em> je otkriven (HD-1) u kasnim \u0161ezdesetim<br \/>\ngodinama pro\u0161log veka. Danas, ve\u0107ina proizvoda na bazi <em>Bacillus thuringiensis<\/em><br \/>\n<em>subsp. kurstaki<\/em> sadr\u017ee HD-1.<br \/>\nMe\u0111utim,<em> Bacillus thuringiensis subsp. kurstaki<\/em> soj EG 2348 je napravljen<br \/>\nkori\u0161\u0107enjem naprednih tehnika molekularne biologije kroz proces transkonjugacije.<br \/>\nOvo Bt soj proizvodi razli\u010dite Cri toksine (Cri 1AA, 1AC, i 2a toksin), koji su odgovorni<br \/>\nza aktivnosti insekticida i iskazuju pobolj\u0161anu efikasnost <em>Bacillus thuringiensis<\/em><br \/>\n<em>subsp. kurstaki<\/em> protiv specifi\u010dnim ciljanih insekata iz familije <em>Lepidoptera.<\/em><br \/>\nU zemljama EU, preparat Lepinox Plus je veoma efikasan i u kontroli \u0161teto\u010dina<br \/>\nkao \u0161to su: breskvin smotavac<em> (Cidia molesta)<\/em>, i breskvin moljac <em>(Anarsia lineatella)<\/em><br \/>\nu zasadu breskve, odnosno \u0161ljivin smotavac<em> (Cidia funebrana)<\/em> u zasadu \u0161ljive..<br \/>\nIstra\u017eivanja u Italiji sprovedena 2011. godine, pokazala su izuzetnu efikasnost<br \/>\npreparata Lepinox Plus u suzbijanju ju\u017enoameri\u010dkog moljca paradajza<em> (Tuta<\/em><br \/>\n<em>absoluta)<\/em> te je uklju\u010den u redovne programe za\u0161tite od ove \u0161teto\u010dine. Preporu\u010dena<br \/>\nkoli\u010dina primene preparata kako u gore navedenim vo\u0107nim zasadima, tako i u<br \/>\nparadajzu je 1,0 kg\/ha.<br \/>\nPreparat Lepinox Plus se mo\u017ee me\u0161ati sa ve\u0107inom insekticida, akaricida,<br \/>\nfungicida ili a\u0111uvanata, ali se preporu\u010duje da se prethodno testira fizi\u010dka<br \/>\nkompatibilnost me\u0161anjem malih koli\u010dina preparata. Tank sprej rastvor ne bi<br \/>\ntrebalo da pre\u0111e pH 8,0.<br \/>\nNe primenjivati u kombinaciji sa fungicidima na bazi <em>hlorotalonila, kaptana,<\/em><br \/>\nuljnim ili alkalnim preparatima kao \u0161to je Bordovska me\u0161avina i nekim folijarnim<br \/>\n\u0111ubrivima koja mu mogu smanjiti efikasnost. Rizik za p\u010dele i ostale korisne<br \/>\nartropode se ocenjuje kao zanemarljiv.<br \/>\nPreparat Lepinox Plus odli\u010dnu efikasnost ispoljava primenjen u dva tretiranja u<br \/>\nintervalu od 7 dana uz utro\u0161ak vode od 200 &#8211; 400 l\/ha.<\/p>\n<p><strong>MEHANIZAM DELOVANJA: <\/strong><\/p>\n<p>Bacillus thuringiensis subsp. kurstaki (soj EG 2348) je prirodno prisutna<br \/>\nu zemlji\u0161tu Gram-pozitivna bakterija. Tokom sporulacije proizvodi prozirni kristalni protein, aktivni<br \/>\nsastojak formulisanih proizvoda. LEPINOX PLUS \u0458\u0435 visoko efikasan biolo\u0161ki insekticid kojim se<br \/>\nsuzbijaju insekti iz reda Lepidopter\u0430 (sovice, plamenci, smotavci ploda). Jednom kada ciljana<br \/>\n\u0161teto\u010dina (gusenica) unese kristalne proteine koji se aktiviraju u srednjem crevu, odmah prestaje sa<br \/>\nishranom, a uginjava nakon dva dana.<\/p>\n<\/div>\n<\/div>","protected":false},"excerpt":{"rendered":"<p><strong>Klasa:<\/strong> Biopesticid<\/p>\n<p><strong>Aktivna materija:<\/strong> Providni kristalni protein \u2013 protoksini sa insekticidnim delovanjem, koji su proizvod bakterije Bacillus thuringiensis subsp. kurstaki (soj EG 2348)<\/p>\n<p><strong>Formulacija:<\/strong> WP \u2013 kva\u0161ljivi pra\u0161ak<\/p>\n<p><strong>Proizvo\u0111a\u010d:<\/strong> CBC<\/p>","protected":false},"featured_media":4481,"template":"","meta":[],"product_brand":[],"product_cat":[296],"product_tag":[],"class_list":{"0":"post-4425","1":"product","2":"type-product","3":"status-publish","4":"has-post-thumbnail","6":"product_cat-biopesticidi","8":"first","9":"instock","10":"shipping-taxable","11":"product-type-simple"},"_links":{"self":[{"href":"https:\/\/agrarpetrovic.rs\/en\/wp-json\/wp\/v2\/product\/4425","targetHints":{"allow":["GET"]}}],"collection":[{"href":"https:\/\/agrarpetrovic.rs\/en\/wp-json\/wp\/v2\/product"}],"about":[{"href":"https:\/\/agrarpetrovic.rs\/en\/wp-json\/wp\/v2\/types\/product"}],"wp:featuredmedia":[{"embeddable":true,"href":"https:\/\/agrarpetrovic.rs\/en\/wp-json\/wp\/v2\/media\/4481"}],"wp:attachment":[{"href":"https:\/\/agrarpetrovic.rs\/en\/wp-json\/wp\/v2\/media?parent=4425"}],"wp:term":[{"taxonomy":"product_brand","embeddable":true,"href":"https:\/\/agrarpetrovic.rs\/en\/wp-json\/wp\/v2\/product_brand?post=4425"},{"taxonomy":"product_cat","embeddable":true,"href":"https:\/\/agrarpetrovic.rs\/en\/wp-json\/wp\/v2\/product_cat?post=4425"},{"taxonomy":"product_tag","embeddable":true,"href":"https:\/\/agrarpetrovic.rs\/en\/wp-json\/wp\/v2\/product_tag?post=4425"}],"curies":[{"name":"wp","href":"https:\/\/api.w.org\/{rel}","templated":true}]}}