{"id":4426,"date":"2023-07-13T16:12:23","date_gmt":"2023-07-13T14:12:23","guid":{"rendered":"https:\/\/agrarpetrovic.rs\/?post_type=product&#038;p=4426"},"modified":"2023-07-13T16:13:10","modified_gmt":"2023-07-13T14:13:10","slug":"naturalis-biogard-biopesticid","status":"publish","type":"product","link":"https:\/\/agrarpetrovic.rs\/en\/proizvod\/naturalis-biogard-biopesticid\/","title":{"rendered":"Naturalis Biogard &#8211; Biopesticid"},"content":{"rendered":"<div class=\"product-details\">\n<p class=\"detail\"><strong>Klasa:<\/strong>Bioinsekticid i akaricid sa kontaktnim delovanjem<\/p>\n<p class=\"detail\"><strong>Aktivna materija:<\/strong>\u017eive spore soja ATCC 74040 entomopatogene gljivice Beauveria bassiana ne manje od 2.3 x 107 spora\/ml u 100 g preparata<\/p>\n<p class=\"detail\"><strong>Formulacija:<\/strong>SC \u2013 koncentrovana suspenzija spora u biljnom ulju<\/p>\n<p class=\"detail\"><strong>Proizvo\u0111a\u010d:<\/strong>CBC<\/p>\n<p class=\"detail\"><strong>MBT:<\/strong> 4<\/p>\n<\/div>\n<div class=\"product-harvest\">\n<p class=\"detail\">Primena:<\/p>\n<table>\n<thead>\n<tr class=\"bg-13\">\n<th>USEV \/ ZASAD<\/th>\n<th>KOLI\u010cINA PRIMENE<\/th>\n<th>VREME PRIMENE<\/th>\n<\/tr>\n<\/thead>\n<tbody>\n<tr class=\"bg-sec-13\">\n<td class=\"bg-13\"><a href=\"https:\/\/www.agromarket.rs\/srb\/zastita-bilja\/programi-zastite\/1018\/Jabuka\">Jabuka<\/a><\/td>\n<td>1,5 (l\/ha) (10 \u2013 15 ml na 100 m2)<\/td>\n<td>Prvi tretman nakon pojave prvih pokretnih formi, drugi tretman nakon 3 do 4 dana. Po potrebi izvesti jo\u0161 jedan do dva tretmana u roku od 7 dana.<\/td>\n<\/tr>\n<\/tbody>\n<\/table>\n<\/div>\n<div class=\"product-info\">\n<p><strong>MEHANIZAM DELOVANJA:<\/strong><\/p>\n<p>Spore <em>Beaveria bassiana<\/em> deluju kontaktno. Naneta na telo insekta, konidije gljivice klijaju stvaraju\u0107i hife koje prodiru kroz kutikulu i \u0161ire se u telu insekta.Visoka vla\u017enost vazduha (ve\u0107a od 50%) i slobodna voda pogoduju daljem \u0161irenju ali konidije <em>Beaveria bassiana<\/em> su invazivne u svim re\u017eimima vla\u017enosti. Infekcija mo\u017ee biti ostvarena u roku od 24 do 48 sati u zavisnosti od temperature (u rasponu od 10 do 37<strong>\u00b0<\/strong>C, a optimum na 20 do 27<strong>\u00b0<\/strong>C). Ako je insket u fazi preobra\u017eaja (presvla\u010denja), process infekcije se prekida. Micelija nastavlja da se \u0161iri hrane\u0107i se doma\u0107inom odnosno njegovim hranljivim sastojcima. \u0160irenje gljivice unutar doma\u0107ina prouzrokuje smrt insekta u roku od 3 do 5 dana. Nakon uginu\u0107a insekta nove konidije nastavljaju hrane\u0107i se ostacima insekta. Me\u0111utim, temperatura i vla\u017enost imaju uticaja na sporulaciju <em>Beaveria bassiana<\/em>, a time i na prenos gljivice na druge insekte. Soj ATCC 74040 entomopatogene gljivice <em>Beaveria bassiana<\/em> ne proizvodi nikakve toksine jer zara\u017eeni doma\u0107in umire od dehidratacije i\/ili nedostatka hranljivih materija.<\/p>\n<p><strong>DELOVANJE:<\/strong><\/p>\n<p>Namenjen suzbijanju crvene vo\u0107ne grinje (<em>Panonychus ulmi<\/em> ) u integralnoj i organskoj proizvodnji.<\/p>\n<p><strong>PREPORUKE I NAPOMENE:<\/strong><\/p>\n<p>Naturalis Biogard se mo\u017ee primenjivati svom konvencionalnom opremom za tretiranje sredstvima za za\u0161titu bilja uz koli\u010dine vode koje obezbe\u0111uju temljnu pokrivenost napadnutih biljaka. Tretmane treba izvoditi izjutra ili tokom ve\u010deri kada je aktivnost imaga manja, odnosno smanjen je njihov let, a relativna vla\u017enost vazduha ni\u017ea.<br \/>\nPreparat Naturalis Biogard treba primenjivati pri ni\u017eoj brojnosti kada i \u0161tete jo\u0161 nisu vidljive. U zavisnosti od nivoa zaraze i vremenskih uslova primenjuju se 3 do 5 tretmana. U slu\u010daju potrebe tretmane treba ponavljati u razmacima od 5 do 7 dana. Ako nakon aplikacije uslede padavine, tretman treba ponoviti. Preparat Naturalis Biogard se mo\u017ee korisititi u organskoj proizvodnji zajedno sa insekticidima na bazi parafinskog ulja, kao i u integralnoj proizvodnji. Pre pripreme rastvora, rezervoar prskalice mora biti detaljno opran kako ne bi sadr\u017eavao ostatke fungicida iz prethodnih tretmana. Preparat se priprema za primenu tako \u0161to se pre upotrebe pakovanje dobro promu\u0107ka a zatim ulije u rezervoar koji je napunjen \u00bd vode, a zatim se doda Naturalis Biogard i dopuni rezervoar uz stalno me\u0161anje pripremljenog rastvora.<br \/>\nPrilikom tretmana ne primenjivati kroz rasprskiva\u010de koje imaju filtere manje od 25 mikrona. Ne primenjivati kroz sisteme za navodnjavanje. Preporu\u010dena koli\u010dina vode je 1000 l\/ha (10 l na 100 m2). Tretiranje iz vazduha nije dozvoljeno.<br \/>\nPrema standardima dobre poljoprivredne prakse u integralnoj i organskoj proizvodnji u zemljama EU preparat Naturalis Biogard se koristi za suzbijanje bele leptiraste va\u0161i tripsa, crvene vo\u0107ne grinje, lisnih va\u0161i i \u017ei\u010dnjaka u usevima paradajza, paprike, lubenice, krastavca, tikve, salate, \u0161argarepe, krompira, tripsa, va\u0161i i crvenog vo\u0107nog pauka u jagodi, malini i kupini, tripsa i tre\u0161njine muve u vi\u0161nji i tre\u0161nji, tripsa i mediteranske vo\u0107ne muve u zasadu breskve, nektarine, kajsije, \u0161ljive, jabuke, kru\u0161kine buve u kru\u0161ci, va\u0161i, minera i vo\u0107ne muve u dunji, vinovoj lozi, leski, kestenu, maslini, citrusima, ukrasnom bilju, i tripsa u lekovitom bilju (bosiljak) u dozama od 0,75 do 1,5 l\/ha.<br \/>\nPreparat skladi\u0161titi na suvom i hladnom mestu van doma\u0161aja sun\u010deve svetlosti. Optimalna temperatura za \u010duvanje 4 do 5<strong>\u00b0<\/strong>C. Ne bi trebalo skladi\u0161titi na temepraturama vi\u0161im od 15<strong>\u00b0<\/strong>C, a maksimalna temperatura skladi\u0161tenja 27<strong>\u00b0<\/strong>C.<\/p>\n<\/div>","protected":false},"excerpt":{"rendered":"<p><strong>Klasa:<\/strong> Bioinsekticid i akaricid sa kontaktnim delovanjem<\/p>\n<p><strong>Aktivna materija:<\/strong> \u017eive spore soja ATCC 74040 entomopatogene gljivice Beauveria bassiana ne manje od 2.3 x 107 spora\/ml u 100 g preparata<\/p>\n<p><strong>Formulacija:<\/strong> SC \u2013 koncentrovana suspenzija spora u biljnom ulju<\/p>\n<p><strong>Proizvo\u0111a\u010d:<\/strong> CBC<\/p>","protected":false},"featured_media":4482,"template":"","meta":[],"product_brand":[],"product_cat":[296],"product_tag":[],"class_list":{"0":"post-4426","1":"product","2":"type-product","3":"status-publish","4":"has-post-thumbnail","6":"product_cat-biopesticidi","8":"first","9":"instock","10":"shipping-taxable","11":"product-type-simple"},"_links":{"self":[{"href":"https:\/\/agrarpetrovic.rs\/en\/wp-json\/wp\/v2\/product\/4426","targetHints":{"allow":["GET"]}}],"collection":[{"href":"https:\/\/agrarpetrovic.rs\/en\/wp-json\/wp\/v2\/product"}],"about":[{"href":"https:\/\/agrarpetrovic.rs\/en\/wp-json\/wp\/v2\/types\/product"}],"wp:featuredmedia":[{"embeddable":true,"href":"https:\/\/agrarpetrovic.rs\/en\/wp-json\/wp\/v2\/media\/4482"}],"wp:attachment":[{"href":"https:\/\/agrarpetrovic.rs\/en\/wp-json\/wp\/v2\/media?parent=4426"}],"wp:term":[{"taxonomy":"product_brand","embeddable":true,"href":"https:\/\/agrarpetrovic.rs\/en\/wp-json\/wp\/v2\/product_brand?post=4426"},{"taxonomy":"product_cat","embeddable":true,"href":"https:\/\/agrarpetrovic.rs\/en\/wp-json\/wp\/v2\/product_cat?post=4426"},{"taxonomy":"product_tag","embeddable":true,"href":"https:\/\/agrarpetrovic.rs\/en\/wp-json\/wp\/v2\/product_tag?post=4426"}],"curies":[{"name":"wp","href":"https:\/\/api.w.org\/{rel}","templated":true}]}}