{"id":4440,"date":"2023-07-13T16:12:45","date_gmt":"2023-07-13T14:12:45","guid":{"rendered":"https:\/\/agrarpetrovic.rs\/?post_type=product&#038;p=4440"},"modified":"2025-10-23T11:54:47","modified_gmt":"2025-10-23T09:54:47","slug":"artea-330-ec-1-1-fungicid","status":"publish","type":"product","link":"https:\/\/agrarpetrovic.rs\/en\/proizvod\/artea-330-ec-1-1-fungicid\/","title":{"rendered":"Artea 330 EC 1\/1 &#8211; Fungicid"},"content":{"rendered":"<div class=\"product-details\">\n<p class=\"detail\"><strong>Primena:<\/strong><\/p>\n<\/div>\n<div class=\"product-harvest\">\n<table>\n<thead>\n<tr class=\"bg-5\">\n<th>USEV \/ ZASAD<\/th>\n<th>KOLI\u010cINA PRIMENE<\/th>\n<th>VREME PRIMENE<\/th>\n<\/tr>\n<\/thead>\n<tbody>\n<tr class=\"bg-sec-5\">\n<td class=\"bg-5\"><a href=\"https:\/\/www.agromarket.rs\/srb\/zastita-bilja\/programi-zastite\/1002\/Psenica\">P\u0161enica<\/a><\/td>\n<td>0,5 l\/ha (5 ml na 100 m\u00b2)<\/td>\n<td>Tretiranje po pojavi prvih simptoma oboljenja, od faze prvog kolenca do faze zastavi\u010dara (faze 31-39 BBCH-skale) I od klasanja do faze punog cvetanja (faze 59-64 BBCH skale)<\/td>\n<\/tr>\n<\/tbody>\n<\/table>\n<\/div>\n<div class=\"product-info\">\n<p><strong>DELOVANJE:<\/strong><\/p>\n<p>Artea 330-EC je dvokomponentni sistemik sa protektivnim, kurativnim i eradikativnim delovanjem. S obzirom na to da se Ciprokonazol (Triazol) usvaja i translocira kroz biljku veoma brzo, zaustavljanje i \u0161irenje zaraze na ve\u0107 obolelim biljkama nastupa par sati od primene. Aktivna materija <em>Propikonazol<\/em> iz grupe Triazola inhibira sintezu ergosterola (demetilacija u C14), spre\u010davaju\u0107i razvoj gljive. Poseduje i translaminarno kretanje. Suzbija ve\u0107i broj fitopatogenih gljivica iz rodova <em>Erysiphae, Puccinia, Septoria, Monilinia, Podosphaera, Rhyncosporium.<\/em><\/p>\n<p><strong>SPEKTAR DELOVANJA<\/strong><br \/>\nnamenjen je suzbijanju prouzrokova\u010da pepelnice<em> (Erysiphae graminis)<\/em>,\u00a0r\u0111e <em>(Puccinia recondita)<\/em>, sive pegavosti lista\u00a0<em>(Mycosphaerela graminicola)<\/em>,\u00a0septoriozne pegavosti klasa <em>(Leptoshaeria nodorum)<\/em> i fuzarioze klasa<em>\u00a0(Fusarium spp.)<\/em><\/p>\n<p><strong>PREPORUKE I NAPOMENE:<\/strong><br \/>\nU gustom sklopu useva strnih \u017eita, dodatnu brzinu delovanja obezbe\u0111uje\u00a0isparljivost ciprokonazola koji gasnom fazom dopire do donjih eta\u017ea useva\u00a0do kojih kapi rastvora sredstva ne mogu dospeti.<br \/>\nNe primenjivati ga alternativno sa preparatima iz iste grupe<br \/>\n(triazoli), kao i preparatima sli\u010dnog mehanizma delovanja (inhibicija\u00a0sinetze ergosterola). Preparat se mo\u017ee me\u0161ati sa fungicidima i insekticidima\u00a0neutralne reakcije. Kada se preparat me\u0161a sa WP, WG ili SC formulacijama,\u00a0prvo ih treba rastvoriti u malo vode, a zatim u ostatak vode dodati\u00a0Artea 330-EC. Tretiranja izvesti sa utro\u0161kom vode od 200 do 400 l\/ha.\u00a0Tretiranja iz vazduhoplova nije dozvoljeno.<\/p>\n<\/div>","protected":false},"excerpt":{"rendered":"<p><strong><b>Klasa:<\/b><\/strong> Fungicid<br \/>\n<strong><b>Aktivna materija:<\/b><\/strong> Ciprokonazol 80 g\/l + Propikonazol 250g\/l<br \/>\n<strong><b>Formulacija:<\/b><\/strong> EC \u2013 koncentrat za emulziju<br \/>\n<strong><b>Proizvo\u0111a\u010d:<\/b><\/strong>\u00a0Syngenta<br \/>\n<strong>Karenca <\/strong>:42 dana<br \/>\n<strong>MBT<\/strong>:2<br \/>\n<strong>MDK(mg\/kg)<\/strong>:0,05<\/p>","protected":false},"featured_media":8970,"template":"","meta":[],"product_brand":[505],"product_cat":[219],"product_tag":[514],"class_list":{"0":"post-4440","1":"product","2":"type-product","3":"status-publish","4":"has-post-thumbnail","6":"product_brand-syngenta","7":"product_cat-fungicidi","8":"product_tag-ciprokonazol-80-g-l-propikonazol-250g-l","10":"first","11":"outofstock","12":"shipping-taxable","13":"product-type-simple"},"_links":{"self":[{"href":"https:\/\/agrarpetrovic.rs\/en\/wp-json\/wp\/v2\/product\/4440","targetHints":{"allow":["GET"]}}],"collection":[{"href":"https:\/\/agrarpetrovic.rs\/en\/wp-json\/wp\/v2\/product"}],"about":[{"href":"https:\/\/agrarpetrovic.rs\/en\/wp-json\/wp\/v2\/types\/product"}],"wp:featuredmedia":[{"embeddable":true,"href":"https:\/\/agrarpetrovic.rs\/en\/wp-json\/wp\/v2\/media\/8970"}],"wp:attachment":[{"href":"https:\/\/agrarpetrovic.rs\/en\/wp-json\/wp\/v2\/media?parent=4440"}],"wp:term":[{"taxonomy":"product_brand","embeddable":true,"href":"https:\/\/agrarpetrovic.rs\/en\/wp-json\/wp\/v2\/product_brand?post=4440"},{"taxonomy":"product_cat","embeddable":true,"href":"https:\/\/agrarpetrovic.rs\/en\/wp-json\/wp\/v2\/product_cat?post=4440"},{"taxonomy":"product_tag","embeddable":true,"href":"https:\/\/agrarpetrovic.rs\/en\/wp-json\/wp\/v2\/product_tag?post=4440"}],"curies":[{"name":"wp","href":"https:\/\/api.w.org\/{rel}","templated":true}]}}