{"id":4442,"date":"2023-07-13T16:12:45","date_gmt":"2023-07-13T14:12:45","guid":{"rendered":"https:\/\/agrarpetrovic.rs\/?post_type=product&#038;p=4442"},"modified":"2023-07-13T16:13:20","modified_gmt":"2023-07-13T14:13:20","slug":"affirm-opti-insekticid","status":"publish","type":"product","link":"https:\/\/agrarpetrovic.rs\/en\/proizvod\/affirm-opti-insekticid\/","title":{"rendered":"Affirm Opti &#8211; Insekticid"},"content":{"rendered":"<h2 class=\"x-text-type cs-ta-left mtn h5\" data-x-element=\"text_type\" data-x-params=\"{&quot;strings&quot;:[&quot;Insekticid za suzbijanje jabukovog smotavca, savijau010da i lisnih minera u zasadu jabuke, kruu0161ke i dunje i u0161ljivinog smotavca u zasadu u0161ljive&quot;],&quot;type_speed&quot;:10,&quot;start_delay&quot;:0,&quot;back_speed&quot;:50,&quot;back_delay&quot;:3000,&quot;loop&quot;:false,&quot;show_cursor&quot;:true,&quot;cursor&quot;:&quot;|&quot;}\"><span class=\"text\">Insekticid za suzbijanje jabukovog smotavca, savija\u010da i lisnih minera u zasadu jabuke, kru\u0161ke i dunje i \u0161ljivinog smotavca u zasadu \u0161ljive<\/span><span class=\"typed-cursor\">|<\/span><\/h2>\n<div class=\"x-text cs-ta-left\">\n<p><strong>Delovanje<\/strong><br \/>\n<strong>Affirm\u00ae Opti<\/strong>\u00a0je insekticid sa visokom efikasno\u0161\u0107u na Lepidoptere i visokom selektivno\u0161\u0107u na korisne organizme. Deluje utrobno na gusenice \u0161teto\u010dina, a na jaja deluje samo u slu\u010daju kada su direktno tretirana. Nekoliko \u010dasova nakon uno\u0161enja aktivne materije ishranom listom, dolazi do paralize gusenice i prestanka ishrane, a u slede\u0107a 2-4 dana dolazi do njihovog uginu\u0107a. Klasifikacija rezistentnosti (IRAC): 6.<\/p>\n<p><strong>Primena<\/strong><br \/>\n<strong>Jabuka, kru\u0161ka, dunja:<\/strong><br \/>\n\u2013 Jabukov smotavac (<em>Cydia pomonella<\/em>), Jabukov savija\u010d (<em>Adoxophyes sp., Archips sp., Spilonota sp.<\/em>) Lisni mineri (<em>Leucoptera scitella, Lithocolletis blancardella i Perileucoptera sp<\/em>.); 2 kg\/ha, od pojave ploda veli\u010dine od 5 do 10 mm do sazrevanja (BBCH 71-89). za suzbijanje prve generacije larvi jabukovog smotavca, primenjuju se u fazi pojave \u201ecrne glave\u201c, odnosno pred piljenje gusenice, i drugo 10-14 dana kasnije.<br \/>\n<strong>\u0160ljiva:<br \/>\n<\/strong>\u2013\u00a0\u0160ljivin smotavac <em>(Cydia funebrana<\/em>);\u00a02,5 kg\/ha, od formiranja plodnika i opadanja cvetnih listi\u0107a do sazrevanja (BBCH 71-89)<strong><br \/>\n<\/strong><br \/>\n<strong>Preporuke i napomene vezane za primenu<\/strong><br \/>\n\u2192 Kontaknto delovanje preparata je slabo i mo\u017ee biti samo ako rastvor preparata dospe direktno na telo gusenice. Preparat se brzo razla\u017ee na svetlosti, posebno pri ja\u010dem UV zra\u010denju, pa je njegova rezidualna kontaktna aktivnost zanemarljiva. Da bi se pove\u0107alo kontaktno delovanje preporu\u010duje se primena preparata u ve\u010dernjim \u010dasovima. Stepen<br \/>\nefikasnosti preparata se pove\u0107ava dodavanjem mineralnog ulja, u koncentraciji 0,25%.<br \/>\n\u2192\u00a0Postoje ograni\u010denja u kori\u0161\u0107enju parafinskih ulja zbog njihove fitotoksi\u010dne interakcije sa preparatima na bazi kaptana i sumpora, pa se preporu\u010duje razmak od dve sedmice izme\u0111u kori\u0161\u0107enja emamektina sa parafinskim uljima i fungicida na bazi kaptana i sumpora.<br \/>\n\u2192 Maksimalan broj tretiranja u toku godine je 3 puta<\/p>\n<p><strong>NAPOMENE<br \/>\n<\/strong>\u00b7 Kontaknto delovanje preparata se ispoljava samo ako rastvor preparata dospe direktno na telo gusenice. <strong>Affirm\u00ae Opti<\/strong> ima pobolj\u0161anu formulaciju u odnosu na razlaganje pod uticajem UV zra\u010denja iz spektra sun\u010devih zraka, jer sadr\u017ei tzv. UV protektant, pa je njegova rezidualna kontaktna aktivnost pobolj\u0161ana.<br \/>\n\u00b7 Da bi se jo\u0161 vi\u0161e pove\u0107alo kontaktno delovanje preporu\u010duje se primena ovog sredstva u ve\u010dernjim \u010dasovima.<strong><br \/>\n<\/strong>\u00b7 Zbog mogu\u0107e ukr\u0161tene rezistentnosti, ne primenjivati insekticide na bazi drugih avermektina (abamektin).<br \/>\n\u00b7 Zbog kratke karence pogodan za suzbijanje gusenica druge, a ako se pojavi i tre\u0107e generacije smotavca<\/p>\n<\/div>\n","protected":false},"excerpt":{"rendered":"<p><strong>Klasa:\u00a0<\/strong>Insekticid<\/p>\n<p><strong>Aktivna materija:<\/strong> Emamektin benzoat 9,5 g\/kg<br \/>\n<strong>Formulacija:<\/strong>Vododisperzibilne granule (WG)<br \/>\n<strong>Utro\u0161ak vode:<\/strong>Jabuka, kru\u0161ka, dunja: 500-1500 l\/ha \u0160ljiva: 500-1250 l\/ha<br \/>\n<strong>Karenca: <\/strong>7 dana<br \/>\n<strong>Pakovanje:<\/strong>250 g, 1 kg<\/p>\n<p><strong>Proizvo\u0111a\u010d : <\/strong>SYGENTA<\/p>","protected":false},"featured_media":4487,"template":"","meta":[],"product_brand":[],"product_cat":[234],"product_tag":[],"class_list":{"0":"post-4442","1":"product","2":"type-product","3":"status-publish","4":"has-post-thumbnail","6":"product_cat-insekticidi","8":"first","9":"instock","10":"shipping-taxable","11":"product-type-simple"},"_links":{"self":[{"href":"https:\/\/agrarpetrovic.rs\/en\/wp-json\/wp\/v2\/product\/4442","targetHints":{"allow":["GET"]}}],"collection":[{"href":"https:\/\/agrarpetrovic.rs\/en\/wp-json\/wp\/v2\/product"}],"about":[{"href":"https:\/\/agrarpetrovic.rs\/en\/wp-json\/wp\/v2\/types\/product"}],"wp:featuredmedia":[{"embeddable":true,"href":"https:\/\/agrarpetrovic.rs\/en\/wp-json\/wp\/v2\/media\/4487"}],"wp:attachment":[{"href":"https:\/\/agrarpetrovic.rs\/en\/wp-json\/wp\/v2\/media?parent=4442"}],"wp:term":[{"taxonomy":"product_brand","embeddable":true,"href":"https:\/\/agrarpetrovic.rs\/en\/wp-json\/wp\/v2\/product_brand?post=4442"},{"taxonomy":"product_cat","embeddable":true,"href":"https:\/\/agrarpetrovic.rs\/en\/wp-json\/wp\/v2\/product_cat?post=4442"},{"taxonomy":"product_tag","embeddable":true,"href":"https:\/\/agrarpetrovic.rs\/en\/wp-json\/wp\/v2\/product_tag?post=4442"}],"curies":[{"name":"wp","href":"https:\/\/api.w.org\/{rel}","templated":true}]}}