{"id":4443,"date":"2023-07-13T16:12:45","date_gmt":"2023-07-13T14:12:45","guid":{"rendered":"https:\/\/agrarpetrovic.rs\/?post_type=product&#038;p=4443"},"modified":"2025-10-23T11:54:47","modified_gmt":"2025-10-23T09:54:47","slug":"axial-050-ec-1-1-herbicid","status":"publish","type":"product","link":"https:\/\/agrarpetrovic.rs\/en\/proizvod\/axial-050-ec-1-1-herbicid\/","title":{"rendered":"Axial 050 EC 1\/1 &#8211; Herbicid"},"content":{"rendered":"<p><strong>AXIAL\u00ae 050 EC\u00a0<\/strong>je selektivni, translokacioni herbicid za suzbijanje travnih korova u ozimoj p\u0161enici i ozimom je\u010dmu.<\/p>\n<div class=\"syn-media-type media-element file-default media media--type-image media--view-mode-default\" data-alt=\"axial-psenica-tretiranje\" data-title=\"axial-psenica-tretiranje\" data-class=\"media-element file-default\" data-data-delta=\"1\">\n<div class=\"field field--name-field-media-image field--type-image field--label-hidden field__item\"><strong>Na\u010din delovanja:<\/strong><\/div>\n<\/div>\n<p><strong>AXIAL\u00ae 050 EC\u00a0<\/strong>je herbicid na bazi aktivne materije\u00a0<strong>pinoksaden<\/strong>, koja inhibira sintezu masnih kiselina.\u00a0<strong>AXIAL\u00ae 050 EC\u00a0<\/strong>se usvaja u biljno tkivo isklju\u010divo preko lista. Kao translokacioni herbicid se vrlo brzo preme\u0161ta u koren i nadzemni deo korovskih biljaka. Osetljivi korovi prestaju da rastu u roku od 48 sati, a za dve nedelje u potpunosti odumiru. S obzirom da deluje isklju\u010divo preko lista, vlaga u zemlji\u0161tu ima minimalan uticaj na efikasnost ovog herbicida.<\/p>\n<p><strong>Primena:<\/strong><\/p>\n<div class=\"table-mobile-effect\">\n<div class=\"table-wrapper tw-overflow-y-auto\">\n<table border=\"0\" cellspacing=\"0\" cellpadding=\"0\" align=\"left\" data-once=\"table\">\n<tbody>\n<tr>\n<td>\n<p class=\"text-align-center\"><strong>Biljna vrsta<\/strong><\/p>\n<\/td>\n<td>\n<p class=\"text-align-center\"><strong>Spektar delovanja<\/strong><\/p>\n<\/td>\n<td>\n<p class=\"text-align-center\"><strong>Koli\u010dina primene<\/strong><\/p>\n<\/td>\n<td>\n<p class=\"text-align-center\"><strong>Vreme primene<\/strong><\/p>\n<\/td>\n<td>\n<p class=\"text-align-center\"><strong>Karenca<\/strong><\/p>\n<\/td>\n<\/tr>\n<tr>\n<td><strong>P\u0161enica, je\u010dam<\/strong><\/td>\n<td>Divlji ovas (<em>Avena fatua<\/em>)<\/td>\n<td>\n<p class=\"text-align-center\">0,6-1,2 l\/ha<\/p>\n<\/td>\n<td>Kada su p\u0161enica i je\u010dam u fazi od dva lista pa do pojave zastavi\u010dara, odnosno kada je divlji ovas u fazi od tre\u0107eg lista do prvog kolenca<\/td>\n<td>\n<p class=\"text-align-center\">*OVP<\/p>\n<\/td>\n<\/tr>\n<\/tbody>\n<\/table>\n<\/div>\n<\/div>\n<p>*OVP \u2013 obezbe\u0111ena vremenom primene<\/p>\n<p><strong>Posebne napomene:\u00a0<\/strong><br \/>\nTretman sa<strong>\u00a0AXIAL\u00ae 050 EC\u00a0<\/strong>osigurava potpunu i dugotrajnu za\u0161titu od divljeg ovsa (<em>Avena fatua<\/em>), ali i od drugih ekonomski najzna\u010dajnijih travnih korova \u2013 muharika (<em>Setaria<\/em>\u00a0spp.), ljuljeva (<em>Lolium<\/em>\u00a0spp.), mi\u0161jeg repka (<em>Alopecurus myosuroides<\/em>), slakoperke (<em>Apera spica-venti<\/em>).<br \/>\nPreporu\u010dena koli\u010dina primene je 0,6-1,2 l\/ha. U slu\u010daju da na parceli imamo jako veliku brojnost divljeg ovsa (<em>Avena fatua<\/em>), preporuka je da se ide sa ve\u0107om dozom\u00a0<strong>AXIAL\u00ae 050 EC<\/strong>\u00a0ili eventualno da se tretman radi u splitu zbog \u010dinjenice da nicanje divljeg ovsa mo\u017ee biti razvu\u010deno u du\u017eem vremenskom periodu.<\/p>\n<p><strong>Mogu\u0107nost me\u0161anja:\u00a0<\/strong><br \/>\n<strong>AXIAL\u00ae 050 EC\u00a0<\/strong>se ne sme me\u0161ati sa sredstvima za ishranu bilja i alkalnim sredstvima za za\u0161titu bilja. Ne preporu\u010duje se primena sa hormonskim herbicidima ili primena ovih herbicida najmanje 7 dana nakon primene herbicida na bazi pinoksadena.<\/p>","protected":false},"excerpt":{"rendered":"<p><strong><b>Klasa:<\/b><\/strong> Herbicid<br \/>\n<strong><b>Aktivna materija:<\/b><\/strong> 50 g\/l Pinoksaden<br \/>\n<strong><b>Formulacija: <\/b><\/strong>Koncentrovana suspenzija (SC)<br \/>\n<strong><b>Proizvo\u0111a\u010d:<\/b><\/strong>\u00a0Syngenta<\/p>","protected":false},"featured_media":7779,"template":"","meta":[],"product_brand":[505],"product_cat":[203],"product_tag":[684],"class_list":{"0":"post-4443","1":"product","2":"type-product","3":"status-publish","4":"has-post-thumbnail","6":"product_brand-syngenta","7":"product_cat-herbicidi","8":"product_tag-pinoksaden","10":"first","11":"outofstock","12":"shipping-taxable","13":"product-type-simple"},"_links":{"self":[{"href":"https:\/\/agrarpetrovic.rs\/en\/wp-json\/wp\/v2\/product\/4443","targetHints":{"allow":["GET"]}}],"collection":[{"href":"https:\/\/agrarpetrovic.rs\/en\/wp-json\/wp\/v2\/product"}],"about":[{"href":"https:\/\/agrarpetrovic.rs\/en\/wp-json\/wp\/v2\/types\/product"}],"wp:featuredmedia":[{"embeddable":true,"href":"https:\/\/agrarpetrovic.rs\/en\/wp-json\/wp\/v2\/media\/7779"}],"wp:attachment":[{"href":"https:\/\/agrarpetrovic.rs\/en\/wp-json\/wp\/v2\/media?parent=4443"}],"wp:term":[{"taxonomy":"product_brand","embeddable":true,"href":"https:\/\/agrarpetrovic.rs\/en\/wp-json\/wp\/v2\/product_brand?post=4443"},{"taxonomy":"product_cat","embeddable":true,"href":"https:\/\/agrarpetrovic.rs\/en\/wp-json\/wp\/v2\/product_cat?post=4443"},{"taxonomy":"product_tag","embeddable":true,"href":"https:\/\/agrarpetrovic.rs\/en\/wp-json\/wp\/v2\/product_tag?post=4443"}],"curies":[{"name":"wp","href":"https:\/\/api.w.org\/{rel}","templated":true}]}}